{"id":1390,"date":"2020-01-03T04:23:54","date_gmt":"2020-01-03T01:23:54","guid":{"rendered":"http:\/\/wpdemo.archiwp.com\/engitech\/?page_id=1390"},"modified":"2024-01-13T10:30:05","modified_gmt":"2024-01-13T07:30:05","slug":"merak-ettikleriniz","status":"publish","type":"page","link":"https:\/\/nbt.net.tr\/index.php\/merak-ettikleriniz\/","title":{"rendered":"Merak Ettikleriniz"},"content":{"rendered":"\t\t<div data-elementor-type=\"wp-page\" data-elementor-id=\"1390\" class=\"elementor elementor-1390\">\n\t\t\t\t\t\t<section class=\"elementor-section elementor-top-section elementor-element elementor-element-7217fba ot-traditional elementor-section-boxed elementor-section-height-default elementor-section-height-default\" data-id=\"7217fba\" data-element_type=\"section\" data-e-type=\"section\">\n\t\t\t\t\t\t\t<div class=\"elementor-background-overlay\"><\/div>\n\t\t\t\t\t\t\t<div class=\"elementor-container elementor-column-gap-default\">\n\t\t\t\t\t<div class=\"elementor-column elementor-col-100 elementor-top-column elementor-element elementor-element-2fc0969 ot-flex-column-vertical\" data-id=\"2fc0969\" data-element_type=\"column\" data-e-type=\"column\">\n\t\t\t<div class=\"elementor-widget-wrap elementor-element-populated\">\n\t\t\t\t\t\t<div class=\"elementor-element elementor-element-e69e6d7 elementor-widget elementor-widget-iheading\" data-id=\"e69e6d7\" data-element_type=\"widget\" data-e-type=\"widget\" data-widget_type=\"iheading.default\">\n\t\t\t\t<div class=\"elementor-widget-container\">\n\t\t\t\t\t\t\t<div class=\"ot-heading\">\r\n\t        <h2 class=\"main-heading\">Merak Ettikleriniz<\/h2>\t    <\/div>\r\n\t    \t\t\t\t<\/div>\n\t\t\t\t<\/div>\n\t\t\t\t<section class=\"elementor-section elementor-inner-section elementor-element elementor-element-973c550 elementor-section-full_width ot-traditional elementor-section-height-default elementor-section-height-default\" data-id=\"973c550\" data-element_type=\"section\" data-e-type=\"section\">\n\t\t\t\t\t\t<div class=\"elementor-container elementor-column-gap-extended\">\n\t\t\t\t\t<div class=\"elementor-column elementor-col-100 elementor-inner-column elementor-element elementor-element-05e1b9e ot-flex-column-vertical\" data-id=\"05e1b9e\" data-element_type=\"column\" data-e-type=\"column\">\n\t\t\t<div class=\"elementor-widget-wrap elementor-element-populated\">\n\t\t\t\t\t\t<div class=\"elementor-element elementor-element-890a410 elementor-invisible elementor-widget elementor-widget-iaccordions\" data-id=\"890a410\" data-element_type=\"widget\" data-e-type=\"widget\" data-settings=\"{&quot;_animation&quot;:&quot;fadeIn&quot;}\" data-widget_type=\"iaccordions.default\">\n\t\t\t\t<div class=\"elementor-widget-container\">\n\t\t\t\t\t\r\n\t\t<div class=\"ot-accordions\">\r\n\t\t\t\t\t\t<div class=\"acc-item\">\r\n\t\t\t\t<span class=\"acc-toggle\">NBT hosting hangi dnsleri kullan\u0131yor? <i class=\"down flaticon-download-arrow\"><\/i><i class=\"up flaticon-up-arrow\"><\/i><\/span>\r\n\t\t\t\t<div class=\"acc-content\">\r\n\t\t\t\t\t<p><strong>Dns Adreslerimiz:<\/strong><\/p><p><em>linux plesk sunucular:<\/em><br \/>l1.nbtdns.com<br \/>l2.nbtdns.com<\/p><p><em>linux cPanel sunucular:<\/em><br \/>c1.nbtdns.com<br \/>c2.nbtdns.com<\/p><p><em>linux cyberpanel sunucular:<\/em><br \/>p1.nbtdns.com<br \/>p2.nbtdns.com<\/p><p><em>windows sunucular:<\/em><br \/>w1.nbtdns.com<br \/>w2.nbtdns.com<\/p>\t\t\t\t<\/div>\r\n\t\t\t<\/div>\r\n\t\t\t\t\t\t<div class=\"acc-item\">\r\n\t\t\t\t<span class=\"acc-toggle\">NBT ile verilerim g\u00fcvende mi? <i class=\"down flaticon-download-arrow\"><\/i><i class=\"up flaticon-up-arrow\"><\/i><\/span>\r\n\t\t\t\t<div class=\"acc-content\">\r\n\t\t\t\t\t<p>NBT, t\u00fcm alt yap\u0131s\u0131n\u0131 \u00e7ok yedekli olacak \u015fekilde kurgulam\u0131\u015ft\u0131r. Firma \u00f6nceli\u011fi, hizmet devaml\u0131l\u0131\u011f\u0131 olmas\u0131 sebebi ile yedekli cihaz ve diskler ile \u00e7al\u0131\u015fma yapar.<\/p>\t\t\t\t<\/div>\r\n\t\t\t<\/div>\r\n\t\t\t\t\t\t<div class=\"acc-item\">\r\n\t\t\t\t<span class=\"acc-toggle\">Kendi cihazlar\u0131m\u0131 NBT g\u00fcvencesi ile bar\u0131nd\u0131rabilir miyim? <i class=\"down flaticon-download-arrow\"><\/i><i class=\"up flaticon-up-arrow\"><\/i><\/span>\r\n\t\t\t\t<div class=\"acc-content\">\r\n\t\t\t\t\t<p>NBT, hizmetleri i\u00e7inde cihaz bar\u0131nd\u0131rma da mevcuttur.<\/p><p>Bunun i\u00e7in,<a href=\"https:\/\/www.nbthost.com\/index.php\/store\/fiziksel-cihaz-barindirma\"> adresimizi<\/a> ziyaret edebilir, ayr\u0131nt\u0131l\u0131 bilgi i\u00e7in, <a href=\"https:\/\/nbt.net.tr\/index.php\/contacts\/\">adresimizden<\/a> temsilcilerimiz ile g\u00f6r\u00fc\u015febilirsiniz.<\/p>\t\t\t\t<\/div>\r\n\t\t\t<\/div>\r\n\t\t\t\t\t\t<div class=\"acc-item\">\r\n\t\t\t\t<span class=\"acc-toggle\">Bar\u0131nd\u0131rd\u0131\u011f\u0131m Sunucular\u0131ma uzaktan nas\u0131l ula\u015f\u0131r\u0131m? <i class=\"down flaticon-download-arrow\"><\/i><i class=\"up flaticon-up-arrow\"><\/i><\/span>\r\n\t\t\t\t<div class=\"acc-content\">\r\n\t\t\t\t\t<p>Sunucular\u0131n\u0131za uzaktan ula\u015fmak i\u00e7in kvm hizmetimiz mevcuttur. Yapman\u0131z gereken Teknik departman\u0131m\u0131za \"kvm talebi\" konu ba\u015fl\u0131\u011f\u0131 ile bir bildirim a\u00e7man\u0131z yeterlidir. Aksi belirtilmedik\u00e7e kvm 4 saat kadar sunucunuza ba\u011fl\u0131 kalacakt\u0131r. \u0130\u015finiz daha uzun ise, belirtmenizi rica ederiz.<\/p>\t\t\t\t<\/div>\r\n\t\t\t<\/div>\r\n\t\t\t\t\t\t<div class=\"acc-item\">\r\n\t\t\t\t<span class=\"acc-toggle\">Bar\u0131nd\u0131rd\u0131\u011f\u0131m Sunucumun uzak Y\u00f6netim \u00f6zelli\u011fini nas\u0131l kullan\u0131r\u0131m? <i class=\"down flaticon-download-arrow\"><\/i><i class=\"up flaticon-up-arrow\"><\/i><\/span>\r\n\t\t\t\t<div class=\"acc-content\">\r\n\t\t\t\t\t<p>Sunucunuza ait IPMI, IDRAC vb. y\u00f6netim konsolu mevcut ise, sunucunuza management portu i\u00e7in \u00f6zel ip ve switch port tan\u0131mlanabilmektedir. Bu konuda teknik departman\u0131m\u0131z ile ba\u011flant\u0131 kurman\u0131z yeterlidir.<\/p>\t\t\t\t<\/div>\r\n\t\t\t<\/div>\r\n\t\t\t\t\t\t<div class=\"acc-item\">\r\n\t\t\t\t<span class=\"acc-toggle\">Sanal veya Fiziksel Sunucu Hizmetiniz i\u00e7in internet h\u0131z\u0131n\u0131z nedir? <i class=\"down flaticon-download-arrow\"><\/i><i class=\"up flaticon-up-arrow\"><\/i><\/span>\r\n\t\t\t\t<div class=\"acc-content\">\r\n\t\t\t\t\t<p>Sanal ve Fiziksel Sunucular\u0131m\u0131z i\u00e7in standart olarak 100mbit, peak olarak 1gbit. h\u0131zlara \u00e7\u0131kmak m\u00fcmk\u00fcn, ancak stream media i\u00e7in mutlaka destek hatt\u0131m\u0131zdan bilgi almal\u0131s\u0131n\u0131z.<\/p>\t\t\t\t<\/div>\r\n\t\t\t<\/div>\r\n\t\t\t\t\t\t<div class=\"acc-item\">\r\n\t\t\t\t<span class=\"acc-toggle\">Hosting Hizmeti Al\u0131yorum, Verilerim ne kadar g\u00fcvende? <i class=\"down flaticon-download-arrow\"><\/i><i class=\"up flaticon-up-arrow\"><\/i><\/span>\r\n\t\t\t\t<div class=\"acc-content\">\r\n\t\t\t\t\t<p>Hosting Sunucular\u0131m\u0131z\u0131 ay i\u00e7inde belirli zamanlarda hem imaj yedekleme \u015feklinde hem de dosya yedekleme \u015feklinde yedekliyoruz, ancak yine de bir veri kayb\u0131 ya\u015famamak i\u00e7in hosting panelinizden <strong>mutlaka<\/strong> kendi yede\u011finizi alman\u0131z\u0131 tavsiye ediyoruz. Her ne kadar yedekleme konusunda hassas davransak da, hosting sunucular\u0131m\u0131z i\u00e7in her hangi bir veri yedekleme, garantisi <strong>vermiyoruz.<\/strong><\/p>\t\t\t\t<\/div>\r\n\t\t\t<\/div>\r\n\t\t\t\t    <\/div>\r\n\r\n\t    \t\t\t\t<\/div>\n\t\t\t\t<\/div>\n\t\t\t\t\t<\/div>\n\t\t<\/div>\n\t\t\t\t\t<\/div>\n\t\t<\/section>\n\t\t\t\t\t<\/div>\n\t\t<\/div>\n\t\t\t\t\t<\/div>\n\t\t<\/section>\n\t\t\t\t<\/div>\n\t\t","protected":false},"excerpt":{"rendered":"<p>Merak Ettikleriniz NBT hosting hangi dnsleri kullan\u0131yor? Dns Adreslerimiz: linux plesk sunucular:l1.nbtdns.coml2.nbtdns.com linux cPanel sunucular:c1.nbtdns.comc2.nbtdns.com linux cyberpanel sunucular:p1.nbtdns.comp2.nbtdns.com windows sunucular:w1.nbtdns.comw2.nbtdns.com NBT ile verilerim g\u00fcvende mi? NBT, t\u00fcm alt yap\u0131s\u0131n\u0131 \u00e7ok yedekli olacak \u015fekilde kurgulam\u0131\u015ft\u0131r. Firma \u00f6nceli\u011fi, hizmet devaml\u0131l\u0131\u011f\u0131 olmas\u0131 sebebi ile yedekli cihaz ve diskler ile \u00e7al\u0131\u015fma yapar. Kendi cihazlar\u0131m\u0131 NBT g\u00fcvencesi ile bar\u0131nd\u0131rabilir miyim? [&hellip;]<\/p>\n","protected":false},"author":1,"featured_media":0,"parent":0,"menu_order":0,"comment_status":"closed","ping_status":"closed","template":"","meta":{"footnotes":""},"class_list":["post-1390","page","type-page","status-publish","hentry"],"yoast_head":"<!-- This site is optimized with the Yoast SEO plugin v25.6 - https:\/\/yoast.com\/wordpress\/plugins\/seo\/ -->\n<title>Merak Ettikleriniz - NBT<\/title>\n<meta name=\"description\" content=\"Merak Etti\u011finiz sorular\u0131n\u0131za cevap bulabilir, cevap bulamad\u0131\u011f\u0131n\u0131z sorular\u0131n\u0131z\u0131 bize yazabilirsiniz.\" \/>\n<meta name=\"robots\" content=\"index, follow, max-snippet:-1, max-image-preview:large, max-video-preview:-1\" \/>\n<link rel=\"canonical\" href=\"https:\/\/nbt.net.tr\/index.php\/merak-ettikleriniz\/\" \/>\n<meta property=\"og:locale\" content=\"tr_TR\" \/>\n<meta property=\"og:type\" content=\"article\" \/>\n<meta property=\"og:title\" content=\"Merak Ettikleriniz - NBT\" \/>\n<meta property=\"og:description\" content=\"Merak Etti\u011finiz sorular\u0131n\u0131za cevap bulabilir, cevap bulamad\u0131\u011f\u0131n\u0131z sorular\u0131n\u0131z\u0131 bize yazabilirsiniz.\" \/>\n<meta property=\"og:url\" content=\"https:\/\/nbt.net.tr\/index.php\/merak-ettikleriniz\/\" \/>\n<meta property=\"og:site_name\" content=\"NBT\" \/>\n<meta property=\"article:modified_time\" content=\"2024-01-13T07:30:05+00:00\" \/>\n<meta name=\"twitter:card\" content=\"summary_large_image\" \/>\n<meta name=\"twitter:label1\" content=\"Tahmini okuma s\u00fcresi\" \/>\n\t<meta name=\"twitter:data1\" content=\"2 dakika\" \/>\n<script type=\"application\/ld+json\" class=\"yoast-schema-graph\">{\"@context\":\"https:\/\/schema.org\",\"@graph\":[{\"@type\":\"WebPage\",\"@id\":\"https:\/\/nbt.net.tr\/index.php\/merak-ettikleriniz\/\",\"url\":\"https:\/\/nbt.net.tr\/index.php\/merak-ettikleriniz\/\",\"name\":\"Merak Ettikleriniz - NBT\",\"isPartOf\":{\"@id\":\"https:\/\/nbt.net.tr\/#website\"},\"datePublished\":\"2020-01-03T01:23:54+00:00\",\"dateModified\":\"2024-01-13T07:30:05+00:00\",\"description\":\"Merak Etti\u011finiz sorular\u0131n\u0131za cevap bulabilir, cevap bulamad\u0131\u011f\u0131n\u0131z sorular\u0131n\u0131z\u0131 bize yazabilirsiniz.\",\"breadcrumb\":{\"@id\":\"https:\/\/nbt.net.tr\/index.php\/merak-ettikleriniz\/#breadcrumb\"},\"inLanguage\":\"tr\",\"potentialAction\":[{\"@type\":\"ReadAction\",\"target\":[\"https:\/\/nbt.net.tr\/index.php\/merak-ettikleriniz\/\"]}]},{\"@type\":\"BreadcrumbList\",\"@id\":\"https:\/\/nbt.net.tr\/index.php\/merak-ettikleriniz\/#breadcrumb\",\"itemListElement\":[{\"@type\":\"ListItem\",\"position\":1,\"name\":\"Anasayfa\",\"item\":\"https:\/\/nbt.net.tr\/\"},{\"@type\":\"ListItem\",\"position\":2,\"name\":\"Merak Ettikleriniz\"}]},{\"@type\":\"WebSite\",\"@id\":\"https:\/\/nbt.net.tr\/#website\",\"url\":\"https:\/\/nbt.net.tr\/\",\"name\":\"NBT\",\"description\":\"Dan\u0131\u015fmanl\u0131k Destek Teknoloji\",\"potentialAction\":[{\"@type\":\"SearchAction\",\"target\":{\"@type\":\"EntryPoint\",\"urlTemplate\":\"https:\/\/nbt.net.tr\/?s={search_term_string}\"},\"query-input\":{\"@type\":\"PropertyValueSpecification\",\"valueRequired\":true,\"valueName\":\"search_term_string\"}}],\"inLanguage\":\"tr\"}]}<\/script>\n<!-- \/ Yoast SEO plugin. -->","yoast_head_json":{"title":"Merak Ettikleriniz - NBT","description":"Merak Etti\u011finiz sorular\u0131n\u0131za cevap bulabilir, cevap bulamad\u0131\u011f\u0131n\u0131z sorular\u0131n\u0131z\u0131 bize yazabilirsiniz.","robots":{"index":"index","follow":"follow","max-snippet":"max-snippet:-1","max-image-preview":"max-image-preview:large","max-video-preview":"max-video-preview:-1"},"canonical":"https:\/\/nbt.net.tr\/index.php\/merak-ettikleriniz\/","og_locale":"tr_TR","og_type":"article","og_title":"Merak Ettikleriniz - NBT","og_description":"Merak Etti\u011finiz sorular\u0131n\u0131za cevap bulabilir, cevap bulamad\u0131\u011f\u0131n\u0131z sorular\u0131n\u0131z\u0131 bize yazabilirsiniz.","og_url":"https:\/\/nbt.net.tr\/index.php\/merak-ettikleriniz\/","og_site_name":"NBT","article_modified_time":"2024-01-13T07:30:05+00:00","twitter_card":"summary_large_image","twitter_misc":{"Tahmini okuma s\u00fcresi":"2 dakika"},"schema":{"@context":"https:\/\/schema.org","@graph":[{"@type":"WebPage","@id":"https:\/\/nbt.net.tr\/index.php\/merak-ettikleriniz\/","url":"https:\/\/nbt.net.tr\/index.php\/merak-ettikleriniz\/","name":"Merak Ettikleriniz - NBT","isPartOf":{"@id":"https:\/\/nbt.net.tr\/#website"},"datePublished":"2020-01-03T01:23:54+00:00","dateModified":"2024-01-13T07:30:05+00:00","description":"Merak Etti\u011finiz sorular\u0131n\u0131za cevap bulabilir, cevap bulamad\u0131\u011f\u0131n\u0131z sorular\u0131n\u0131z\u0131 bize yazabilirsiniz.","breadcrumb":{"@id":"https:\/\/nbt.net.tr\/index.php\/merak-ettikleriniz\/#breadcrumb"},"inLanguage":"tr","potentialAction":[{"@type":"ReadAction","target":["https:\/\/nbt.net.tr\/index.php\/merak-ettikleriniz\/"]}]},{"@type":"BreadcrumbList","@id":"https:\/\/nbt.net.tr\/index.php\/merak-ettikleriniz\/#breadcrumb","itemListElement":[{"@type":"ListItem","position":1,"name":"Anasayfa","item":"https:\/\/nbt.net.tr\/"},{"@type":"ListItem","position":2,"name":"Merak Ettikleriniz"}]},{"@type":"WebSite","@id":"https:\/\/nbt.net.tr\/#website","url":"https:\/\/nbt.net.tr\/","name":"NBT","description":"Dan\u0131\u015fmanl\u0131k Destek Teknoloji","potentialAction":[{"@type":"SearchAction","target":{"@type":"EntryPoint","urlTemplate":"https:\/\/nbt.net.tr\/?s={search_term_string}"},"query-input":{"@type":"PropertyValueSpecification","valueRequired":true,"valueName":"search_term_string"}}],"inLanguage":"tr"}]}},"_links":{"self":[{"href":"https:\/\/nbt.net.tr\/index.php\/wp-json\/wp\/v2\/pages\/1390"}],"collection":[{"href":"https:\/\/nbt.net.tr\/index.php\/wp-json\/wp\/v2\/pages"}],"about":[{"href":"https:\/\/nbt.net.tr\/index.php\/wp-json\/wp\/v2\/types\/page"}],"author":[{"embeddable":true,"href":"https:\/\/nbt.net.tr\/index.php\/wp-json\/wp\/v2\/users\/1"}],"replies":[{"embeddable":true,"href":"https:\/\/nbt.net.tr\/index.php\/wp-json\/wp\/v2\/comments?post=1390"}],"version-history":[{"count":65,"href":"https:\/\/nbt.net.tr\/index.php\/wp-json\/wp\/v2\/pages\/1390\/revisions"}],"predecessor-version":[{"id":5394,"href":"https:\/\/nbt.net.tr\/index.php\/wp-json\/wp\/v2\/pages\/1390\/revisions\/5394"}],"wp:attachment":[{"href":"https:\/\/nbt.net.tr\/index.php\/wp-json\/wp\/v2\/media?parent=1390"}],"curies":[{"name":"wp","href":"https:\/\/api.w.org\/{rel}","templated":true}]}}