{"id":2076,"date":"2020-02-25T08:41:33","date_gmt":"2020-02-25T05:41:33","guid":{"rendered":"http:\/\/wpdemo.archiwp.com\/engitech\/?page_id=2076"},"modified":"2021-03-07T22:15:57","modified_gmt":"2021-03-07T19:15:57","slug":"arge","status":"publish","type":"page","link":"https:\/\/nbt.net.tr\/index.php\/arge\/","title":{"rendered":"Arge"},"content":{"rendered":"\t\t<div data-elementor-type=\"wp-page\" data-elementor-id=\"2076\" class=\"elementor elementor-2076\">\n\t\t\t\t\t\t<section class=\"elementor-section elementor-top-section elementor-element elementor-element-50f8be2 ot-traditional elementor-section-boxed elementor-section-height-default elementor-section-height-default\" data-id=\"50f8be2\" data-element_type=\"section\" data-e-type=\"section\" data-settings=\"{&quot;background_background&quot;:&quot;classic&quot;}\">\n\t\t\t\t\t\t<div class=\"elementor-container elementor-column-gap-default\">\n\t\t\t\t\t<div class=\"elementor-column elementor-col-100 elementor-top-column elementor-element elementor-element-ad4f9d3 ot-flex-column-vertical\" data-id=\"ad4f9d3\" data-element_type=\"column\" data-e-type=\"column\">\n\t\t\t<div class=\"elementor-widget-wrap elementor-element-populated\">\n\t\t\t\t\t\t<div class=\"elementor-element elementor-element-a79fe3a elementor-widget elementor-widget-iheading\" data-id=\"a79fe3a\" data-element_type=\"widget\" data-e-type=\"widget\" data-widget_type=\"iheading.default\">\n\t\t\t\t<div class=\"elementor-widget-container\">\n\t\t\t\t\t\t\t<div class=\"ot-heading\">\r\n\t        <h2 class=\"main-heading\">NBT arge<\/h2>\t    <\/div>\r\n\t    \t\t\t\t<\/div>\n\t\t\t\t<\/div>\n\t\t\t\t<section class=\"elementor-section elementor-inner-section elementor-element elementor-element-e7987b7 elementor-section-full_width elementor-section-content-middle ot-traditional elementor-section-height-default elementor-section-height-default\" data-id=\"e7987b7\" data-element_type=\"section\" data-e-type=\"section\">\n\t\t\t\t\t\t<div class=\"elementor-container elementor-column-gap-extended\">\n\t\t\t\t\t<div class=\"elementor-column elementor-col-33 elementor-inner-column elementor-element elementor-element-0fcfd16 ot-flex-column-vertical\" data-id=\"0fcfd16\" data-element_type=\"column\" data-e-type=\"column\">\n\t\t\t<div class=\"elementor-widget-wrap elementor-element-populated\">\n\t\t\t\t\t\t<div class=\"elementor-element elementor-element-8b76e34 elementor-widget elementor-widget-iiconbox2\" data-id=\"8b76e34\" data-element_type=\"widget\" data-e-type=\"widget\" data-widget_type=\"iiconbox2.default\">\n\t\t\t\t<div class=\"elementor-widget-container\">\n\t\t\t\t\t\t\t<div class=\"icon-box-s2 s2\">\r\n\t\t\t<div class=\"icon-main\">\r\n\t\t        <i aria-hidden=\"true\" class=\"far fa-copyright\"><\/i>\t\t\t    \t\t        \t        <\/div>\r\n\t        <div class=\"content-box\">\r\n\t            <h5>Dan\u0131\u015fmanl\u0131k<\/h5>\r\n\t            <p>Bilgi \u0130\u015flem Departman\u0131n\u0131z\u0131 ihtiya\u00e7lar\u0131n\u0131z do\u011frultunda tekrar d\u00fczenliyoruz.<\/p>\r\n\t        <\/div>\r\n\t    <\/div>\r\n\t    \t\t\t\t<\/div>\n\t\t\t\t<\/div>\n\t\t\t\t<div class=\"elementor-element elementor-element-923717f elementor-widget elementor-widget-iiconbox2\" data-id=\"923717f\" data-element_type=\"widget\" data-e-type=\"widget\" data-widget_type=\"iiconbox2.default\">\n\t\t\t\t<div class=\"elementor-widget-container\">\n\t\t\t\t\t\t\t<div class=\"icon-box-s2 s2\">\r\n\t\t\t<div class=\"icon-main\">\r\n\t\t        <i aria-hidden=\"true\" class=\"far fa-edit\"><\/i>\t\t\t    \t\t        \t        <\/div>\r\n\t        <div class=\"content-box\">\r\n\t            <h5>Yaz\u0131l\u0131m Geli\u015ftirme<\/h5>\r\n\t            <p>Kulland\u0131\u011f\u0131m\u0131z yaz\u0131l\u0131mlar\u0131n T\u00fcrkiye standartlar\u0131nda daha kullan\u0131c\u0131 dostu olmalar\u0131 i\u00e7in a\u00e7\u0131k kaynak kodlu yaz\u0131l\u0131mlar\u0131n geli\u015ftirilmesi i\u00e7in destek sa\u011fl\u0131yoruz.<\/p>\r\n\t        <\/div>\r\n\t    <\/div>\r\n\t    \t\t\t\t<\/div>\n\t\t\t\t<\/div>\n\t\t\t\t\t<\/div>\n\t\t<\/div>\n\t\t\t\t<div class=\"elementor-column elementor-col-33 elementor-inner-column elementor-element elementor-element-8e2fd2c ot-flex-column-vertical\" data-id=\"8e2fd2c\" data-element_type=\"column\" data-e-type=\"column\">\n\t\t\t<div class=\"elementor-widget-wrap elementor-element-populated\">\n\t\t\t\t\t\t<div class=\"elementor-element elementor-element-84bb449 elementor-widget elementor-widget-iiconbox2\" data-id=\"84bb449\" data-element_type=\"widget\" data-e-type=\"widget\" data-widget_type=\"iiconbox2.default\">\n\t\t\t\t<div class=\"elementor-widget-container\">\n\t\t\t\t\t\t\t<div class=\"icon-box-s2 s2\">\r\n\t\t\t<div class=\"icon-main\">\r\n\t\t        <i aria-hidden=\"true\" class=\"fab fa-r-project\"><\/i>\t\t\t    \t\t        \t        <\/div>\r\n\t        <div class=\"content-box\">\r\n\t            <h5>Projelendirme<\/h5>\r\n\t            <p>\u0130htiya\u00e7lar\u0131n\u0131z\u0131 tespit ediyor, b\u00fct\u00e7enize g\u00f6re projelendiriyoruz.<\/p>\r\n\t        <\/div>\r\n\t    <\/div>\r\n\t    \t\t\t\t<\/div>\n\t\t\t\t<\/div>\n\t\t\t\t<div class=\"elementor-element elementor-element-b53219c elementor-widget elementor-widget-image\" data-id=\"b53219c\" data-element_type=\"widget\" data-e-type=\"widget\" data-widget_type=\"image.default\">\n\t\t\t\t<div class=\"elementor-widget-container\">\n\t\t\t\t\t\t\t\t\t\t\t\t\t\t\t<img fetchpriority=\"high\" decoding=\"async\" width=\"311\" height=\"272\" src=\"https:\/\/nbt.net.tr\/wp-content\/uploads\/2021\/02\/logo_N.png\" class=\"attachment-full size-full wp-image-3828\" alt=\"\" srcset=\"https:\/\/nbt.net.tr\/wp-content\/uploads\/2021\/02\/logo_N.png 311w, https:\/\/nbt.net.tr\/wp-content\/uploads\/2021\/02\/logo_N-300x262.png 300w\" sizes=\"(max-width: 311px) 100vw, 311px\" \/>\t\t\t\t\t\t\t\t\t\t\t\t\t\t\t<\/div>\n\t\t\t\t<\/div>\n\t\t\t\t<div class=\"elementor-element elementor-element-a947b06 elementor-widget elementor-widget-iiconbox2\" data-id=\"a947b06\" data-element_type=\"widget\" data-e-type=\"widget\" data-widget_type=\"iiconbox2.default\">\n\t\t\t\t<div class=\"elementor-widget-container\">\n\t\t\t\t\t\t\t<div class=\"icon-box-s2 s2\">\r\n\t\t\t<div class=\"icon-main\">\r\n\t\t        <i aria-hidden=\"true\" class=\"fas fa-sync\"><\/i>\t\t\t    \t\t        \t        <\/div>\r\n\t        <div class=\"content-box\">\r\n\t            <h5>A\u00e7\u0131k Kaynak kodlu Yaz\u0131l\u0131m TR deste\u011fi<\/h5>\r\n\t            <p>D\u00fcnya genelinde kullan\u0131lan, be\u011feni sa\u011flam\u0131\u015f yaz\u0131l\u0131mlar\u0131n T\u00fcrk\u00e7e dil deste\u011fine sahip olmas\u0131 i\u00e7in \u00e7eviri \u00e7al\u0131\u015fmalar\u0131 yap\u0131yoruz.<\/p>\r\n\t        <\/div>\r\n\t    <\/div>\r\n\t    \t\t\t\t<\/div>\n\t\t\t\t<\/div>\n\t\t\t\t\t<\/div>\n\t\t<\/div>\n\t\t\t\t<div class=\"elementor-column elementor-col-33 elementor-inner-column elementor-element elementor-element-901ee58 ot-flex-column-vertical\" data-id=\"901ee58\" data-element_type=\"column\" data-e-type=\"column\">\n\t\t\t<div class=\"elementor-widget-wrap elementor-element-populated\">\n\t\t\t\t\t\t<div class=\"elementor-element elementor-element-5848c75 elementor-widget elementor-widget-iiconbox2\" data-id=\"5848c75\" data-element_type=\"widget\" data-e-type=\"widget\" data-widget_type=\"iiconbox2.default\">\n\t\t\t\t<div class=\"elementor-widget-container\">\n\t\t\t\t\t\t\t<div class=\"icon-box-s2 s2\">\r\n\t\t\t<div class=\"icon-main\">\r\n\t\t        <i aria-hidden=\"true\" class=\"fas fa-swatchbook\"><\/i>\t\t\t    \t\t        \t        <\/div>\r\n\t        <div class=\"content-box\">\r\n\t            <h5>Yaz\u0131l\u0131m Tespit Entegrasyon<\/h5>\r\n\t            <p>\u0130htiyac\u0131n\u0131z olan t\u00fcm yaz\u0131l\u0131mlar\u0131 tespit ediyor, gerekli durumlarda yaz\u0131yor ve birbirleri ile entegre \u00e7al\u0131\u015fmalar\u0131n\u0131 sa\u011fl\u0131yoruz.<\/p>\r\n\t        <\/div>\r\n\t    <\/div>\r\n\t    \t\t\t\t<\/div>\n\t\t\t\t<\/div>\n\t\t\t\t<div class=\"elementor-element elementor-element-8ccc8ea elementor-widget elementor-widget-iiconbox2\" data-id=\"8ccc8ea\" data-element_type=\"widget\" data-e-type=\"widget\" data-widget_type=\"iiconbox2.default\">\n\t\t\t\t<div class=\"elementor-widget-container\">\n\t\t\t\t\t\t\t<div class=\"icon-box-s2 s2\">\r\n\t\t\t<div class=\"icon-main\">\r\n\t\t        <i aria-hidden=\"true\" class=\"far fa-file-code\"><\/i>\t\t\t    \t\t        \t        <\/div>\r\n\t        <div class=\"content-box\">\r\n\t            <h5>Mod\u00fcl Yaz\u0131l\u0131m Deste\u011fi<\/h5>\r\n\t            <p>\u00c7ok\u00e7a talep edilen a\u00e7\u0131k kaynak kodlu yaz\u0131l\u0131mlara ihtiyaca g\u00f6re mod\u00fcl deste\u011fi sunuyoruz.<\/p>\r\n\t        <\/div>\r\n\t    <\/div>\r\n\t    \t\t\t\t<\/div>\n\t\t\t\t<\/div>\n\t\t\t\t\t<\/div>\n\t\t<\/div>\n\t\t\t\t\t<\/div>\n\t\t<\/section>\n\t\t\t\t\t<\/div>\n\t\t<\/div>\n\t\t\t\t\t<\/div>\n\t\t<\/section>\n\t\t\t\t<\/div>\n\t\t","protected":false},"excerpt":{"rendered":"<p>NBT arge Dan\u0131\u015fmanl\u0131k Bilgi \u0130\u015flem Departman\u0131n\u0131z\u0131 ihtiya\u00e7lar\u0131n\u0131z do\u011frultunda tekrar d\u00fczenliyoruz. Yaz\u0131l\u0131m Geli\u015ftirme Kulland\u0131\u011f\u0131m\u0131z yaz\u0131l\u0131mlar\u0131n T\u00fcrkiye standartlar\u0131nda daha kullan\u0131c\u0131 dostu olmalar\u0131 i\u00e7in a\u00e7\u0131k kaynak kodlu yaz\u0131l\u0131mlar\u0131n geli\u015ftirilmesi i\u00e7in destek sa\u011fl\u0131yoruz. Projelendirme \u0130htiya\u00e7lar\u0131n\u0131z\u0131 tespit ediyor, b\u00fct\u00e7enize g\u00f6re projelendiriyoruz. A\u00e7\u0131k Kaynak kodlu Yaz\u0131l\u0131m TR deste\u011fi D\u00fcnya genelinde kullan\u0131lan, be\u011feni sa\u011flam\u0131\u015f yaz\u0131l\u0131mlar\u0131n T\u00fcrk\u00e7e dil deste\u011fine sahip olmas\u0131 i\u00e7in \u00e7eviri [&hellip;]<\/p>\n","protected":false},"author":1,"featured_media":0,"parent":0,"menu_order":0,"comment_status":"closed","ping_status":"closed","template":"","meta":{"footnotes":""},"class_list":["post-2076","page","type-page","status-publish","hentry"],"yoast_head":"<!-- This site is optimized with the Yoast SEO plugin v25.6 - https:\/\/yoast.com\/wordpress\/plugins\/seo\/ -->\n<title>Arge - NBT<\/title>\n<meta name=\"robots\" content=\"index, follow, max-snippet:-1, max-image-preview:large, max-video-preview:-1\" \/>\n<link rel=\"canonical\" href=\"https:\/\/nbt.net.tr\/index.php\/arge\/\" \/>\n<meta property=\"og:locale\" content=\"tr_TR\" \/>\n<meta property=\"og:type\" content=\"article\" \/>\n<meta property=\"og:title\" content=\"Arge - NBT\" \/>\n<meta property=\"og:description\" content=\"NBT arge Dan\u0131\u015fmanl\u0131k Bilgi \u0130\u015flem Departman\u0131n\u0131z\u0131 ihtiya\u00e7lar\u0131n\u0131z do\u011frultunda tekrar d\u00fczenliyoruz. Yaz\u0131l\u0131m Geli\u015ftirme Kulland\u0131\u011f\u0131m\u0131z yaz\u0131l\u0131mlar\u0131n T\u00fcrkiye standartlar\u0131nda daha kullan\u0131c\u0131 dostu olmalar\u0131 i\u00e7in a\u00e7\u0131k kaynak kodlu yaz\u0131l\u0131mlar\u0131n geli\u015ftirilmesi i\u00e7in destek sa\u011fl\u0131yoruz. Projelendirme \u0130htiya\u00e7lar\u0131n\u0131z\u0131 tespit ediyor, b\u00fct\u00e7enize g\u00f6re projelendiriyoruz. A\u00e7\u0131k Kaynak kodlu Yaz\u0131l\u0131m TR deste\u011fi D\u00fcnya genelinde kullan\u0131lan, be\u011feni sa\u011flam\u0131\u015f yaz\u0131l\u0131mlar\u0131n T\u00fcrk\u00e7e dil deste\u011fine sahip olmas\u0131 i\u00e7in \u00e7eviri [&hellip;]\" \/>\n<meta property=\"og:url\" content=\"https:\/\/nbt.net.tr\/index.php\/arge\/\" \/>\n<meta property=\"og:site_name\" content=\"NBT\" \/>\n<meta property=\"article:modified_time\" content=\"2021-03-07T19:15:57+00:00\" \/>\n<meta property=\"og:image\" content=\"https:\/\/nbt.net.tr\/wp-content\/uploads\/2021\/02\/logo_N.png\" \/>\n<meta name=\"twitter:card\" content=\"summary_large_image\" \/>\n<meta name=\"twitter:label1\" content=\"Tahmini okuma s\u00fcresi\" \/>\n\t<meta name=\"twitter:data1\" content=\"1 dakika\" \/>\n<script type=\"application\/ld+json\" class=\"yoast-schema-graph\">{\"@context\":\"https:\/\/schema.org\",\"@graph\":[{\"@type\":\"WebPage\",\"@id\":\"https:\/\/nbt.net.tr\/index.php\/arge\/\",\"url\":\"https:\/\/nbt.net.tr\/index.php\/arge\/\",\"name\":\"Arge - NBT\",\"isPartOf\":{\"@id\":\"https:\/\/nbt.net.tr\/#website\"},\"primaryImageOfPage\":{\"@id\":\"https:\/\/nbt.net.tr\/index.php\/arge\/#primaryimage\"},\"image\":{\"@id\":\"https:\/\/nbt.net.tr\/index.php\/arge\/#primaryimage\"},\"thumbnailUrl\":\"https:\/\/nbt.net.tr\/wp-content\/uploads\/2021\/02\/logo_N.png\",\"datePublished\":\"2020-02-25T05:41:33+00:00\",\"dateModified\":\"2021-03-07T19:15:57+00:00\",\"breadcrumb\":{\"@id\":\"https:\/\/nbt.net.tr\/index.php\/arge\/#breadcrumb\"},\"inLanguage\":\"tr\",\"potentialAction\":[{\"@type\":\"ReadAction\",\"target\":[\"https:\/\/nbt.net.tr\/index.php\/arge\/\"]}]},{\"@type\":\"ImageObject\",\"inLanguage\":\"tr\",\"@id\":\"https:\/\/nbt.net.tr\/index.php\/arge\/#primaryimage\",\"url\":\"https:\/\/nbt.net.tr\/wp-content\/uploads\/2021\/02\/logo_N.png\",\"contentUrl\":\"https:\/\/nbt.net.tr\/wp-content\/uploads\/2021\/02\/logo_N.png\",\"width\":311,\"height\":272},{\"@type\":\"BreadcrumbList\",\"@id\":\"https:\/\/nbt.net.tr\/index.php\/arge\/#breadcrumb\",\"itemListElement\":[{\"@type\":\"ListItem\",\"position\":1,\"name\":\"Anasayfa\",\"item\":\"https:\/\/nbt.net.tr\/\"},{\"@type\":\"ListItem\",\"position\":2,\"name\":\"Arge\"}]},{\"@type\":\"WebSite\",\"@id\":\"https:\/\/nbt.net.tr\/#website\",\"url\":\"https:\/\/nbt.net.tr\/\",\"name\":\"NBT\",\"description\":\"Dan\u0131\u015fmanl\u0131k Destek Teknoloji\",\"potentialAction\":[{\"@type\":\"SearchAction\",\"target\":{\"@type\":\"EntryPoint\",\"urlTemplate\":\"https:\/\/nbt.net.tr\/?s={search_term_string}\"},\"query-input\":{\"@type\":\"PropertyValueSpecification\",\"valueRequired\":true,\"valueName\":\"search_term_string\"}}],\"inLanguage\":\"tr\"}]}<\/script>\n<!-- \/ Yoast SEO plugin. -->","yoast_head_json":{"title":"Arge - NBT","robots":{"index":"index","follow":"follow","max-snippet":"max-snippet:-1","max-image-preview":"max-image-preview:large","max-video-preview":"max-video-preview:-1"},"canonical":"https:\/\/nbt.net.tr\/index.php\/arge\/","og_locale":"tr_TR","og_type":"article","og_title":"Arge - NBT","og_description":"NBT arge Dan\u0131\u015fmanl\u0131k Bilgi \u0130\u015flem Departman\u0131n\u0131z\u0131 ihtiya\u00e7lar\u0131n\u0131z do\u011frultunda tekrar d\u00fczenliyoruz. Yaz\u0131l\u0131m Geli\u015ftirme Kulland\u0131\u011f\u0131m\u0131z yaz\u0131l\u0131mlar\u0131n T\u00fcrkiye standartlar\u0131nda daha kullan\u0131c\u0131 dostu olmalar\u0131 i\u00e7in a\u00e7\u0131k kaynak kodlu yaz\u0131l\u0131mlar\u0131n geli\u015ftirilmesi i\u00e7in destek sa\u011fl\u0131yoruz. Projelendirme \u0130htiya\u00e7lar\u0131n\u0131z\u0131 tespit ediyor, b\u00fct\u00e7enize g\u00f6re projelendiriyoruz. A\u00e7\u0131k Kaynak kodlu Yaz\u0131l\u0131m TR deste\u011fi D\u00fcnya genelinde kullan\u0131lan, be\u011feni sa\u011flam\u0131\u015f yaz\u0131l\u0131mlar\u0131n T\u00fcrk\u00e7e dil deste\u011fine sahip olmas\u0131 i\u00e7in \u00e7eviri [&hellip;]","og_url":"https:\/\/nbt.net.tr\/index.php\/arge\/","og_site_name":"NBT","article_modified_time":"2021-03-07T19:15:57+00:00","og_image":[{"url":"https:\/\/nbt.net.tr\/wp-content\/uploads\/2021\/02\/logo_N.png","type":"","width":"","height":""}],"twitter_card":"summary_large_image","twitter_misc":{"Tahmini okuma s\u00fcresi":"1 dakika"},"schema":{"@context":"https:\/\/schema.org","@graph":[{"@type":"WebPage","@id":"https:\/\/nbt.net.tr\/index.php\/arge\/","url":"https:\/\/nbt.net.tr\/index.php\/arge\/","name":"Arge - NBT","isPartOf":{"@id":"https:\/\/nbt.net.tr\/#website"},"primaryImageOfPage":{"@id":"https:\/\/nbt.net.tr\/index.php\/arge\/#primaryimage"},"image":{"@id":"https:\/\/nbt.net.tr\/index.php\/arge\/#primaryimage"},"thumbnailUrl":"https:\/\/nbt.net.tr\/wp-content\/uploads\/2021\/02\/logo_N.png","datePublished":"2020-02-25T05:41:33+00:00","dateModified":"2021-03-07T19:15:57+00:00","breadcrumb":{"@id":"https:\/\/nbt.net.tr\/index.php\/arge\/#breadcrumb"},"inLanguage":"tr","potentialAction":[{"@type":"ReadAction","target":["https:\/\/nbt.net.tr\/index.php\/arge\/"]}]},{"@type":"ImageObject","inLanguage":"tr","@id":"https:\/\/nbt.net.tr\/index.php\/arge\/#primaryimage","url":"https:\/\/nbt.net.tr\/wp-content\/uploads\/2021\/02\/logo_N.png","contentUrl":"https:\/\/nbt.net.tr\/wp-content\/uploads\/2021\/02\/logo_N.png","width":311,"height":272},{"@type":"BreadcrumbList","@id":"https:\/\/nbt.net.tr\/index.php\/arge\/#breadcrumb","itemListElement":[{"@type":"ListItem","position":1,"name":"Anasayfa","item":"https:\/\/nbt.net.tr\/"},{"@type":"ListItem","position":2,"name":"Arge"}]},{"@type":"WebSite","@id":"https:\/\/nbt.net.tr\/#website","url":"https:\/\/nbt.net.tr\/","name":"NBT","description":"Dan\u0131\u015fmanl\u0131k Destek Teknoloji","potentialAction":[{"@type":"SearchAction","target":{"@type":"EntryPoint","urlTemplate":"https:\/\/nbt.net.tr\/?s={search_term_string}"},"query-input":{"@type":"PropertyValueSpecification","valueRequired":true,"valueName":"search_term_string"}}],"inLanguage":"tr"}]}},"_links":{"self":[{"href":"https:\/\/nbt.net.tr\/index.php\/wp-json\/wp\/v2\/pages\/2076"}],"collection":[{"href":"https:\/\/nbt.net.tr\/index.php\/wp-json\/wp\/v2\/pages"}],"about":[{"href":"https:\/\/nbt.net.tr\/index.php\/wp-json\/wp\/v2\/types\/page"}],"author":[{"embeddable":true,"href":"https:\/\/nbt.net.tr\/index.php\/wp-json\/wp\/v2\/users\/1"}],"replies":[{"embeddable":true,"href":"https:\/\/nbt.net.tr\/index.php\/wp-json\/wp\/v2\/comments?post=2076"}],"version-history":[{"count":27,"href":"https:\/\/nbt.net.tr\/index.php\/wp-json\/wp\/v2\/pages\/2076\/revisions"}],"predecessor-version":[{"id":4957,"href":"https:\/\/nbt.net.tr\/index.php\/wp-json\/wp\/v2\/pages\/2076\/revisions\/4957"}],"wp:attachment":[{"href":"https:\/\/nbt.net.tr\/index.php\/wp-json\/wp\/v2\/media?parent=2076"}],"curies":[{"name":"wp","href":"https:\/\/api.w.org\/{rel}","templated":true}]}}