{"id":4165,"date":"2021-02-16T19:38:49","date_gmt":"2021-02-16T16:38:49","guid":{"rendered":"https:\/\/nbt.net.tr\/?page_id=4165"},"modified":"2021-03-03T22:21:56","modified_gmt":"2021-03-03T19:21:56","slug":"biz","status":"publish","type":"page","link":"https:\/\/nbt.net.tr\/index.php\/biz\/","title":{"rendered":"Hakk\u0131m\u0131zda"},"content":{"rendered":"\t\t<div data-elementor-type=\"wp-page\" data-elementor-id=\"4165\" class=\"elementor elementor-4165\">\n\t\t\t\t\t\t<section class=\"elementor-section elementor-top-section elementor-element elementor-element-bea2dc2 ot-traditional elementor-section-boxed elementor-section-height-default elementor-section-height-default\" data-id=\"bea2dc2\" data-element_type=\"section\" data-e-type=\"section\">\n\t\t\t\t\t\t<div class=\"elementor-container elementor-column-gap-default\">\n\t\t\t\t\t<div class=\"elementor-column elementor-col-100 elementor-top-column elementor-element elementor-element-0f52bb0 ot-flex-column-vertical\" data-id=\"0f52bb0\" data-element_type=\"column\" data-e-type=\"column\">\n\t\t\t<div class=\"elementor-widget-wrap elementor-element-populated\">\n\t\t\t\t\t\t<div class=\"elementor-element elementor-element-e4998f3 elementor-widget elementor-widget-heading\" data-id=\"e4998f3\" data-element_type=\"widget\" data-e-type=\"widget\" data-widget_type=\"heading.default\">\n\t\t\t\t<div class=\"elementor-widget-container\">\n\t\t\t\t\t<h4 class=\"elementor-heading-title elementor-size-default\">Biz<\/h4>\t\t\t\t<\/div>\n\t\t\t\t<\/div>\n\t\t\t\t\t<\/div>\n\t\t<\/div>\n\t\t\t\t\t<\/div>\n\t\t<\/section>\n\t\t\t\t<section class=\"elementor-section elementor-top-section elementor-element elementor-element-70b34902 ot-traditional elementor-section-boxed elementor-section-height-default elementor-section-height-default\" data-id=\"70b34902\" data-element_type=\"section\" data-e-type=\"section\">\n\t\t\t\t\t\t<div class=\"elementor-container elementor-column-gap-default\">\n\t\t\t\t\t<div class=\"elementor-column elementor-col-50 elementor-top-column elementor-element elementor-element-2b61eea4 ot-flex-column-vertical\" data-id=\"2b61eea4\" data-element_type=\"column\" data-e-type=\"column\">\n\t\t\t<div class=\"elementor-widget-wrap elementor-element-populated\">\n\t\t\t\t\t\t<div class=\"elementor-element elementor-element-6656b4ad elementor-drop-cap-yes elementor-drop-cap-view-default elementor-widget elementor-widget-text-editor\" data-id=\"6656b4ad\" data-element_type=\"widget\" data-e-type=\"widget\" data-settings=\"{&quot;drop_cap&quot;:&quot;yes&quot;}\" data-widget_type=\"text-editor.default\">\n\t\t\t\t<div class=\"elementor-widget-container\">\n\t\t\t\t\t\t\t\t\t<p style=\"margin-bottom: 1rem; caret-color: #212529; color: #212529; font-family: 'Open Sans', sans-serif;\">NBT, verimlili\u011fini ve k\u00e2rl\u0131l\u0131\u011f\u0131n\u0131 artt\u0131rmay\u0131 hedefleyen i\u015fletmeler i\u00e7in geni\u015f bir yelpazede kurumsal teknik destek ve dan\u0131\u015fmanl\u0131k hizmeti veren \u0130zmir k\u00f6kenli bir bili\u015fim \u015firketidir<\/p>\t\t\t\t\t\t\t\t<\/div>\n\t\t\t\t<\/div>\n\t\t\t\t<div class=\"elementor-element elementor-element-77783dd elementor-drop-cap-yes elementor-drop-cap-view-default elementor-widget elementor-widget-text-editor\" data-id=\"77783dd\" data-element_type=\"widget\" data-e-type=\"widget\" data-settings=\"{&quot;drop_cap&quot;:&quot;yes&quot;}\" data-widget_type=\"text-editor.default\">\n\t\t\t\t<div class=\"elementor-widget-container\">\n\t\t\t\t\t\t\t\t\t<p style=\"margin-bottom: 1rem; caret-color: #212529; color: #212529; font-family: 'Open Sans', sans-serif;\">2010 y\u0131l\u0131nda \u0130zmir\u2019de kurulan firmam\u0131z BTK onayl\u0131 Yer Sa\u011flay\u0131c\u0131 belgesine sahiptir. Altyap\u0131m\u0131z problem \u00e7\u00f6zme ve sorun giderme konusunda uzman ekibimiz taraf\u0131ndan 7\/24 monit\u00f6rlenmektedir ve olu\u015fabilecek aksakl\u0131klar \u00f6nceden tespit edilip \u00e7\u00f6z\u00fcmlenmektedir.<\/p><p style=\"margin-bottom: 1rem; caret-color: #212529; color: #212529; font-family: 'Open Sans', sans-serif;\">\u00a0<\/p>\t\t\t\t\t\t\t\t<\/div>\n\t\t\t\t<\/div>\n\t\t\t\t<div class=\"elementor-element elementor-element-e9cf893 elementor-drop-cap-yes elementor-drop-cap-view-default elementor-widget elementor-widget-text-editor\" data-id=\"e9cf893\" data-element_type=\"widget\" data-e-type=\"widget\" data-settings=\"{&quot;drop_cap&quot;:&quot;yes&quot;}\" data-widget_type=\"text-editor.default\">\n\t\t\t\t<div class=\"elementor-widget-container\">\n\t\t\t\t\t\t\t\t\t<p style=\"margin-bottom: 1rem; caret-color: #212529; color: #212529; font-family: 'Open Sans', sans-serif;\">NBT Kurumsal Bar\u0131nd\u0131rma ve Dan\u0131\u015fmanl\u0131k, ihtiyaca en uygun hizmet verme anlay\u0131\u015f\u0131 do\u011frultusunda, \u00f6zel teknoloji \u00e7\u00f6z\u00fcmleriyle, m\u00fc\u015fterilerine beklentilerinin \u00f6tesinde hizmet vermeyi ilke edinmi\u015ftir. Belediyeler ve kamu kurulu\u015flar\u0131ndan yeni kurulmu\u015f giri\u015fimci firmalara kadar \u00e7e\u015fitli BT dan\u0131\u015fmanl\u0131k hizmeti veren firmam\u0131z her i\u015fletmenin ihtiya\u00e7 farkl\u0131l\u0131klar\u0131na uygun \u00f6zel \u00e7\u00f6z\u00fcmler sunmaktad\u0131r.<\/p>\t\t\t\t\t\t\t\t<\/div>\n\t\t\t\t<\/div>\n\t\t\t\t\t<\/div>\n\t\t<\/div>\n\t\t\t\t<div class=\"elementor-column elementor-col-50 elementor-top-column elementor-element elementor-element-ba8a195 ot-flex-column-vertical\" data-id=\"ba8a195\" data-element_type=\"column\" data-e-type=\"column\">\n\t\t\t<div class=\"elementor-widget-wrap elementor-element-populated\">\n\t\t\t\t\t\t<div class=\"elementor-element elementor-element-b56bdd7 elementor-widget elementor-widget-image\" data-id=\"b56bdd7\" data-element_type=\"widget\" data-e-type=\"widget\" data-widget_type=\"image.default\">\n\t\t\t\t<div class=\"elementor-widget-container\">\n\t\t\t\t\t\t\t\t\t\t\t\t\t\t\t<img fetchpriority=\"high\" decoding=\"async\" width=\"406\" height=\"405\" src=\"https:\/\/nbt.net.tr\/wp-content\/uploads\/2021\/02\/services.png\" class=\"attachment-large size-large wp-image-4169\" alt=\"\" srcset=\"https:\/\/nbt.net.tr\/wp-content\/uploads\/2021\/02\/services.png 406w, https:\/\/nbt.net.tr\/wp-content\/uploads\/2021\/02\/services-300x300.png 300w, https:\/\/nbt.net.tr\/wp-content\/uploads\/2021\/02\/services-150x150.png 150w, https:\/\/nbt.net.tr\/wp-content\/uploads\/2021\/02\/services-100x100.png 100w\" sizes=\"(max-width: 406px) 100vw, 406px\" \/>\t\t\t\t\t\t\t\t\t\t\t\t\t\t\t<\/div>\n\t\t\t\t<\/div>\n\t\t\t\t\t<\/div>\n\t\t<\/div>\n\t\t\t\t\t<\/div>\n\t\t<\/section>\n\t\t\t\t<\/div>\n\t\t","protected":false},"excerpt":{"rendered":"<p>Biz NBT, verimlili\u011fini ve k\u00e2rl\u0131l\u0131\u011f\u0131n\u0131 artt\u0131rmay\u0131 hedefleyen i\u015fletmeler i\u00e7in geni\u015f bir yelpazede kurumsal teknik destek ve dan\u0131\u015fmanl\u0131k hizmeti veren \u0130zmir k\u00f6kenli bir bili\u015fim \u015firketidir 2010 y\u0131l\u0131nda \u0130zmir\u2019de kurulan firmam\u0131z BTK onayl\u0131 Yer Sa\u011flay\u0131c\u0131 belgesine sahiptir. Altyap\u0131m\u0131z problem \u00e7\u00f6zme ve sorun giderme konusunda uzman ekibimiz taraf\u0131ndan 7\/24 monit\u00f6rlenmektedir ve olu\u015fabilecek aksakl\u0131klar \u00f6nceden tespit edilip \u00e7\u00f6z\u00fcmlenmektedir. \u00a0 [&hellip;]<\/p>\n","protected":false},"author":1,"featured_media":0,"parent":0,"menu_order":0,"comment_status":"closed","ping_status":"closed","template":"","meta":{"footnotes":""},"class_list":["post-4165","page","type-page","status-publish","hentry"],"yoast_head":"<!-- This site is optimized with the Yoast SEO plugin v25.6 - https:\/\/yoast.com\/wordpress\/plugins\/seo\/ -->\n<title>Hakk\u0131m\u0131zda - NBT<\/title>\n<meta name=\"robots\" content=\"index, follow, max-snippet:-1, max-image-preview:large, max-video-preview:-1\" \/>\n<link rel=\"canonical\" href=\"https:\/\/nbt.net.tr\/index.php\/biz\/\" \/>\n<meta property=\"og:locale\" content=\"tr_TR\" \/>\n<meta property=\"og:type\" content=\"article\" \/>\n<meta property=\"og:title\" content=\"Hakk\u0131m\u0131zda - NBT\" \/>\n<meta property=\"og:description\" content=\"Biz NBT, verimlili\u011fini ve k\u00e2rl\u0131l\u0131\u011f\u0131n\u0131 artt\u0131rmay\u0131 hedefleyen i\u015fletmeler i\u00e7in geni\u015f bir yelpazede kurumsal teknik destek ve dan\u0131\u015fmanl\u0131k hizmeti veren \u0130zmir k\u00f6kenli bir bili\u015fim \u015firketidir 2010 y\u0131l\u0131nda \u0130zmir\u2019de kurulan firmam\u0131z BTK onayl\u0131 Yer Sa\u011flay\u0131c\u0131 belgesine sahiptir. Altyap\u0131m\u0131z problem \u00e7\u00f6zme ve sorun giderme konusunda uzman ekibimiz taraf\u0131ndan 7\/24 monit\u00f6rlenmektedir ve olu\u015fabilecek aksakl\u0131klar \u00f6nceden tespit edilip \u00e7\u00f6z\u00fcmlenmektedir. \u00a0 [&hellip;]\" \/>\n<meta property=\"og:url\" content=\"https:\/\/nbt.net.tr\/index.php\/biz\/\" \/>\n<meta property=\"og:site_name\" content=\"NBT\" \/>\n<meta property=\"article:modified_time\" content=\"2021-03-03T19:21:56+00:00\" \/>\n<meta property=\"og:image\" content=\"https:\/\/nbt.net.tr\/wp-content\/uploads\/2021\/02\/services.png\" \/>\n<meta name=\"twitter:card\" content=\"summary_large_image\" \/>\n<meta name=\"twitter:label1\" content=\"Tahmini okuma s\u00fcresi\" \/>\n\t<meta name=\"twitter:data1\" content=\"1 dakika\" \/>\n<script type=\"application\/ld+json\" class=\"yoast-schema-graph\">{\"@context\":\"https:\/\/schema.org\",\"@graph\":[{\"@type\":\"WebPage\",\"@id\":\"https:\/\/nbt.net.tr\/index.php\/biz\/\",\"url\":\"https:\/\/nbt.net.tr\/index.php\/biz\/\",\"name\":\"Hakk\u0131m\u0131zda - NBT\",\"isPartOf\":{\"@id\":\"https:\/\/nbt.net.tr\/#website\"},\"primaryImageOfPage\":{\"@id\":\"https:\/\/nbt.net.tr\/index.php\/biz\/#primaryimage\"},\"image\":{\"@id\":\"https:\/\/nbt.net.tr\/index.php\/biz\/#primaryimage\"},\"thumbnailUrl\":\"https:\/\/nbt.net.tr\/wp-content\/uploads\/2021\/02\/services.png\",\"datePublished\":\"2021-02-16T16:38:49+00:00\",\"dateModified\":\"2021-03-03T19:21:56+00:00\",\"breadcrumb\":{\"@id\":\"https:\/\/nbt.net.tr\/index.php\/biz\/#breadcrumb\"},\"inLanguage\":\"tr\",\"potentialAction\":[{\"@type\":\"ReadAction\",\"target\":[\"https:\/\/nbt.net.tr\/index.php\/biz\/\"]}]},{\"@type\":\"ImageObject\",\"inLanguage\":\"tr\",\"@id\":\"https:\/\/nbt.net.tr\/index.php\/biz\/#primaryimage\",\"url\":\"https:\/\/nbt.net.tr\/wp-content\/uploads\/2021\/02\/services.png\",\"contentUrl\":\"https:\/\/nbt.net.tr\/wp-content\/uploads\/2021\/02\/services.png\",\"width\":406,\"height\":405},{\"@type\":\"BreadcrumbList\",\"@id\":\"https:\/\/nbt.net.tr\/index.php\/biz\/#breadcrumb\",\"itemListElement\":[{\"@type\":\"ListItem\",\"position\":1,\"name\":\"Anasayfa\",\"item\":\"https:\/\/nbt.net.tr\/\"},{\"@type\":\"ListItem\",\"position\":2,\"name\":\"Hakk\u0131m\u0131zda\"}]},{\"@type\":\"WebSite\",\"@id\":\"https:\/\/nbt.net.tr\/#website\",\"url\":\"https:\/\/nbt.net.tr\/\",\"name\":\"NBT\",\"description\":\"Dan\u0131\u015fmanl\u0131k Destek Teknoloji\",\"potentialAction\":[{\"@type\":\"SearchAction\",\"target\":{\"@type\":\"EntryPoint\",\"urlTemplate\":\"https:\/\/nbt.net.tr\/?s={search_term_string}\"},\"query-input\":{\"@type\":\"PropertyValueSpecification\",\"valueRequired\":true,\"valueName\":\"search_term_string\"}}],\"inLanguage\":\"tr\"}]}<\/script>\n<!-- \/ Yoast SEO plugin. -->","yoast_head_json":{"title":"Hakk\u0131m\u0131zda - NBT","robots":{"index":"index","follow":"follow","max-snippet":"max-snippet:-1","max-image-preview":"max-image-preview:large","max-video-preview":"max-video-preview:-1"},"canonical":"https:\/\/nbt.net.tr\/index.php\/biz\/","og_locale":"tr_TR","og_type":"article","og_title":"Hakk\u0131m\u0131zda - NBT","og_description":"Biz NBT, verimlili\u011fini ve k\u00e2rl\u0131l\u0131\u011f\u0131n\u0131 artt\u0131rmay\u0131 hedefleyen i\u015fletmeler i\u00e7in geni\u015f bir yelpazede kurumsal teknik destek ve dan\u0131\u015fmanl\u0131k hizmeti veren \u0130zmir k\u00f6kenli bir bili\u015fim \u015firketidir 2010 y\u0131l\u0131nda \u0130zmir\u2019de kurulan firmam\u0131z BTK onayl\u0131 Yer Sa\u011flay\u0131c\u0131 belgesine sahiptir. Altyap\u0131m\u0131z problem \u00e7\u00f6zme ve sorun giderme konusunda uzman ekibimiz taraf\u0131ndan 7\/24 monit\u00f6rlenmektedir ve olu\u015fabilecek aksakl\u0131klar \u00f6nceden tespit edilip \u00e7\u00f6z\u00fcmlenmektedir. \u00a0 [&hellip;]","og_url":"https:\/\/nbt.net.tr\/index.php\/biz\/","og_site_name":"NBT","article_modified_time":"2021-03-03T19:21:56+00:00","og_image":[{"url":"https:\/\/nbt.net.tr\/wp-content\/uploads\/2021\/02\/services.png","type":"","width":"","height":""}],"twitter_card":"summary_large_image","twitter_misc":{"Tahmini okuma s\u00fcresi":"1 dakika"},"schema":{"@context":"https:\/\/schema.org","@graph":[{"@type":"WebPage","@id":"https:\/\/nbt.net.tr\/index.php\/biz\/","url":"https:\/\/nbt.net.tr\/index.php\/biz\/","name":"Hakk\u0131m\u0131zda - NBT","isPartOf":{"@id":"https:\/\/nbt.net.tr\/#website"},"primaryImageOfPage":{"@id":"https:\/\/nbt.net.tr\/index.php\/biz\/#primaryimage"},"image":{"@id":"https:\/\/nbt.net.tr\/index.php\/biz\/#primaryimage"},"thumbnailUrl":"https:\/\/nbt.net.tr\/wp-content\/uploads\/2021\/02\/services.png","datePublished":"2021-02-16T16:38:49+00:00","dateModified":"2021-03-03T19:21:56+00:00","breadcrumb":{"@id":"https:\/\/nbt.net.tr\/index.php\/biz\/#breadcrumb"},"inLanguage":"tr","potentialAction":[{"@type":"ReadAction","target":["https:\/\/nbt.net.tr\/index.php\/biz\/"]}]},{"@type":"ImageObject","inLanguage":"tr","@id":"https:\/\/nbt.net.tr\/index.php\/biz\/#primaryimage","url":"https:\/\/nbt.net.tr\/wp-content\/uploads\/2021\/02\/services.png","contentUrl":"https:\/\/nbt.net.tr\/wp-content\/uploads\/2021\/02\/services.png","width":406,"height":405},{"@type":"BreadcrumbList","@id":"https:\/\/nbt.net.tr\/index.php\/biz\/#breadcrumb","itemListElement":[{"@type":"ListItem","position":1,"name":"Anasayfa","item":"https:\/\/nbt.net.tr\/"},{"@type":"ListItem","position":2,"name":"Hakk\u0131m\u0131zda"}]},{"@type":"WebSite","@id":"https:\/\/nbt.net.tr\/#website","url":"https:\/\/nbt.net.tr\/","name":"NBT","description":"Dan\u0131\u015fmanl\u0131k Destek Teknoloji","potentialAction":[{"@type":"SearchAction","target":{"@type":"EntryPoint","urlTemplate":"https:\/\/nbt.net.tr\/?s={search_term_string}"},"query-input":{"@type":"PropertyValueSpecification","valueRequired":true,"valueName":"search_term_string"}}],"inLanguage":"tr"}]}},"_links":{"self":[{"href":"https:\/\/nbt.net.tr\/index.php\/wp-json\/wp\/v2\/pages\/4165"}],"collection":[{"href":"https:\/\/nbt.net.tr\/index.php\/wp-json\/wp\/v2\/pages"}],"about":[{"href":"https:\/\/nbt.net.tr\/index.php\/wp-json\/wp\/v2\/types\/page"}],"author":[{"embeddable":true,"href":"https:\/\/nbt.net.tr\/index.php\/wp-json\/wp\/v2\/users\/1"}],"replies":[{"embeddable":true,"href":"https:\/\/nbt.net.tr\/index.php\/wp-json\/wp\/v2\/comments?post=4165"}],"version-history":[{"count":32,"href":"https:\/\/nbt.net.tr\/index.php\/wp-json\/wp\/v2\/pages\/4165\/revisions"}],"predecessor-version":[{"id":4750,"href":"https:\/\/nbt.net.tr\/index.php\/wp-json\/wp\/v2\/pages\/4165\/revisions\/4750"}],"wp:attachment":[{"href":"https:\/\/nbt.net.tr\/index.php\/wp-json\/wp\/v2\/media?parent=4165"}],"curies":[{"name":"wp","href":"https:\/\/api.w.org\/{rel}","templated":true}]}}