{"id":4667,"date":"2021-02-28T09:51:05","date_gmt":"2021-02-28T06:51:05","guid":{"rendered":"https:\/\/nbt.net.tr\/?page_id=4667"},"modified":"2021-02-28T10:28:31","modified_gmt":"2021-02-28T07:28:31","slug":"ik","status":"publish","type":"page","link":"https:\/\/nbt.net.tr\/index.php\/ik\/","title":{"rendered":"\u0130K"},"content":{"rendered":"\t\t<div data-elementor-type=\"wp-page\" data-elementor-id=\"4667\" class=\"elementor elementor-4667\">\n\t\t\t\t\t\t<section class=\"elementor-section elementor-top-section elementor-element elementor-element-50f8be2 ot-traditional elementor-section-boxed elementor-section-height-default elementor-section-height-default\" data-id=\"50f8be2\" data-element_type=\"section\" data-e-type=\"section\" data-settings=\"{&quot;background_background&quot;:&quot;classic&quot;}\">\n\t\t\t\t\t\t<div class=\"elementor-container elementor-column-gap-default\">\n\t\t\t\t\t<div class=\"elementor-column elementor-col-100 elementor-top-column elementor-element elementor-element-ad4f9d3 ot-flex-column-vertical\" data-id=\"ad4f9d3\" data-element_type=\"column\" data-e-type=\"column\">\n\t\t\t<div class=\"elementor-widget-wrap elementor-element-populated\">\n\t\t\t\t\t\t<div class=\"elementor-element elementor-element-a79fe3a elementor-widget elementor-widget-iheading\" data-id=\"a79fe3a\" data-element_type=\"widget\" data-e-type=\"widget\" data-widget_type=\"iheading.default\">\n\t\t\t\t<div class=\"elementor-widget-container\">\n\t\t\t\t\t\t\t<div class=\"ot-heading\">\r\n\t        <h2 class=\"main-heading\">\u0130\u015f Ba\u015fvuru Formu<\/h2>\t    <\/div>\r\n\t    \t\t\t\t<\/div>\n\t\t\t\t<\/div>\n\t\t\t\t<div class=\"elementor-element elementor-element-115153b elementor-widget elementor-widget-form\" data-id=\"115153b\" data-element_type=\"widget\" data-e-type=\"widget\" data-widget_type=\"form.default\">\n\t\t\t\t<div class=\"elementor-widget-container\">\n\t\t\t\t\t \t\t\t\t<\/div>\n\t\t\t\t<\/div>\n\t\t\t\t\t<\/div>\n\t\t<\/div>\n\t\t\t\t\t<\/div>\n\t\t<\/section>\n\t\t\t\t<\/div>\n\t\t","protected":false},"excerpt":{"rendered":"<p>\u0130\u015f Ba\u015fvuru Formu<\/p>\n","protected":false},"author":1,"featured_media":0,"parent":0,"menu_order":0,"comment_status":"closed","ping_status":"closed","template":"elementor_theme","meta":{"footnotes":""},"class_list":["post-4667","page","type-page","status-publish","hentry"],"yoast_head":"<!-- This site is optimized with the Yoast SEO plugin v25.6 - https:\/\/yoast.com\/wordpress\/plugins\/seo\/ -->\n<title>insan kaynaklar\u0131 i\u015f ba\u015fvurusu<\/title>\n<meta name=\"description\" content=\"i\u015f ba\u015fvurusu formunu doldurarak NBT ailesine kat\u0131labilirsiniz\" \/>\n<meta name=\"robots\" content=\"index, follow, max-snippet:-1, max-image-preview:large, max-video-preview:-1\" \/>\n<link rel=\"canonical\" href=\"https:\/\/nbt.net.tr\/index.php\/ik\/\" \/>\n<meta property=\"og:locale\" content=\"tr_TR\" \/>\n<meta property=\"og:type\" content=\"article\" \/>\n<meta property=\"og:title\" content=\"insan kaynaklar\u0131 i\u015f ba\u015fvurusu\" \/>\n<meta property=\"og:description\" content=\"i\u015f ba\u015fvurusu formunu doldurarak NBT ailesine kat\u0131labilirsiniz\" \/>\n<meta property=\"og:url\" content=\"https:\/\/nbt.net.tr\/index.php\/ik\/\" \/>\n<meta property=\"og:site_name\" content=\"NBT\" \/>\n<meta property=\"article:modified_time\" content=\"2021-02-28T07:28:31+00:00\" \/>\n<meta name=\"twitter:card\" content=\"summary_large_image\" \/>\n<meta name=\"twitter:label1\" content=\"Tahmini okuma s\u00fcresi\" \/>\n\t<meta name=\"twitter:data1\" content=\"1 dakika\" \/>\n<script type=\"application\/ld+json\" class=\"yoast-schema-graph\">{\"@context\":\"https:\/\/schema.org\",\"@graph\":[{\"@type\":\"WebPage\",\"@id\":\"https:\/\/nbt.net.tr\/index.php\/ik\/\",\"url\":\"https:\/\/nbt.net.tr\/index.php\/ik\/\",\"name\":\"insan kaynaklar\u0131 i\u015f ba\u015fvurusu\",\"isPartOf\":{\"@id\":\"https:\/\/nbt.net.tr\/#website\"},\"datePublished\":\"2021-02-28T06:51:05+00:00\",\"dateModified\":\"2021-02-28T07:28:31+00:00\",\"description\":\"i\u015f ba\u015fvurusu formunu doldurarak NBT ailesine kat\u0131labilirsiniz\",\"breadcrumb\":{\"@id\":\"https:\/\/nbt.net.tr\/index.php\/ik\/#breadcrumb\"},\"inLanguage\":\"tr\",\"potentialAction\":[{\"@type\":\"ReadAction\",\"target\":[\"https:\/\/nbt.net.tr\/index.php\/ik\/\"]}]},{\"@type\":\"BreadcrumbList\",\"@id\":\"https:\/\/nbt.net.tr\/index.php\/ik\/#breadcrumb\",\"itemListElement\":[{\"@type\":\"ListItem\",\"position\":1,\"name\":\"Anasayfa\",\"item\":\"https:\/\/nbt.net.tr\/\"},{\"@type\":\"ListItem\",\"position\":2,\"name\":\"\u0130K\"}]},{\"@type\":\"WebSite\",\"@id\":\"https:\/\/nbt.net.tr\/#website\",\"url\":\"https:\/\/nbt.net.tr\/\",\"name\":\"NBT\",\"description\":\"Dan\u0131\u015fmanl\u0131k Destek Teknoloji\",\"potentialAction\":[{\"@type\":\"SearchAction\",\"target\":{\"@type\":\"EntryPoint\",\"urlTemplate\":\"https:\/\/nbt.net.tr\/?s={search_term_string}\"},\"query-input\":{\"@type\":\"PropertyValueSpecification\",\"valueRequired\":true,\"valueName\":\"search_term_string\"}}],\"inLanguage\":\"tr\"}]}<\/script>\n<!-- \/ Yoast SEO plugin. -->","yoast_head_json":{"title":"insan kaynaklar\u0131 i\u015f ba\u015fvurusu","description":"i\u015f ba\u015fvurusu formunu doldurarak NBT ailesine kat\u0131labilirsiniz","robots":{"index":"index","follow":"follow","max-snippet":"max-snippet:-1","max-image-preview":"max-image-preview:large","max-video-preview":"max-video-preview:-1"},"canonical":"https:\/\/nbt.net.tr\/index.php\/ik\/","og_locale":"tr_TR","og_type":"article","og_title":"insan kaynaklar\u0131 i\u015f ba\u015fvurusu","og_description":"i\u015f ba\u015fvurusu formunu doldurarak NBT ailesine kat\u0131labilirsiniz","og_url":"https:\/\/nbt.net.tr\/index.php\/ik\/","og_site_name":"NBT","article_modified_time":"2021-02-28T07:28:31+00:00","twitter_card":"summary_large_image","twitter_misc":{"Tahmini okuma s\u00fcresi":"1 dakika"},"schema":{"@context":"https:\/\/schema.org","@graph":[{"@type":"WebPage","@id":"https:\/\/nbt.net.tr\/index.php\/ik\/","url":"https:\/\/nbt.net.tr\/index.php\/ik\/","name":"insan kaynaklar\u0131 i\u015f ba\u015fvurusu","isPartOf":{"@id":"https:\/\/nbt.net.tr\/#website"},"datePublished":"2021-02-28T06:51:05+00:00","dateModified":"2021-02-28T07:28:31+00:00","description":"i\u015f ba\u015fvurusu formunu doldurarak NBT ailesine kat\u0131labilirsiniz","breadcrumb":{"@id":"https:\/\/nbt.net.tr\/index.php\/ik\/#breadcrumb"},"inLanguage":"tr","potentialAction":[{"@type":"ReadAction","target":["https:\/\/nbt.net.tr\/index.php\/ik\/"]}]},{"@type":"BreadcrumbList","@id":"https:\/\/nbt.net.tr\/index.php\/ik\/#breadcrumb","itemListElement":[{"@type":"ListItem","position":1,"name":"Anasayfa","item":"https:\/\/nbt.net.tr\/"},{"@type":"ListItem","position":2,"name":"\u0130K"}]},{"@type":"WebSite","@id":"https:\/\/nbt.net.tr\/#website","url":"https:\/\/nbt.net.tr\/","name":"NBT","description":"Dan\u0131\u015fmanl\u0131k Destek Teknoloji","potentialAction":[{"@type":"SearchAction","target":{"@type":"EntryPoint","urlTemplate":"https:\/\/nbt.net.tr\/?s={search_term_string}"},"query-input":{"@type":"PropertyValueSpecification","valueRequired":true,"valueName":"search_term_string"}}],"inLanguage":"tr"}]}},"_links":{"self":[{"href":"https:\/\/nbt.net.tr\/index.php\/wp-json\/wp\/v2\/pages\/4667"}],"collection":[{"href":"https:\/\/nbt.net.tr\/index.php\/wp-json\/wp\/v2\/pages"}],"about":[{"href":"https:\/\/nbt.net.tr\/index.php\/wp-json\/wp\/v2\/types\/page"}],"author":[{"embeddable":true,"href":"https:\/\/nbt.net.tr\/index.php\/wp-json\/wp\/v2\/users\/1"}],"replies":[{"embeddable":true,"href":"https:\/\/nbt.net.tr\/index.php\/wp-json\/wp\/v2\/comments?post=4667"}],"version-history":[{"count":43,"href":"https:\/\/nbt.net.tr\/index.php\/wp-json\/wp\/v2\/pages\/4667\/revisions"}],"predecessor-version":[{"id":4712,"href":"https:\/\/nbt.net.tr\/index.php\/wp-json\/wp\/v2\/pages\/4667\/revisions\/4712"}],"wp:attachment":[{"href":"https:\/\/nbt.net.tr\/index.php\/wp-json\/wp\/v2\/media?parent=4667"}],"curies":[{"name":"wp","href":"https:\/\/api.w.org\/{rel}","templated":true}]}}