{"id":4718,"date":"2021-03-03T10:21:05","date_gmt":"2021-03-03T07:21:05","guid":{"rendered":"https:\/\/nbt.net.tr\/?page_id=4718"},"modified":"2021-03-03T10:27:31","modified_gmt":"2021-03-03T07:27:31","slug":"kvkk","status":"publish","type":"page","link":"https:\/\/nbt.net.tr\/index.php\/kvkk\/","title":{"rendered":"KVKK Hakk\u0131nda"},"content":{"rendered":"\t\t<div data-elementor-type=\"wp-page\" data-elementor-id=\"4718\" class=\"elementor elementor-4718\">\n\t\t\t\t\t\t<section class=\"elementor-section elementor-top-section elementor-element elementor-element-bea2dc2 ot-traditional elementor-section-boxed elementor-section-height-default elementor-section-height-default\" data-id=\"bea2dc2\" data-element_type=\"section\" data-e-type=\"section\">\n\t\t\t\t\t\t<div class=\"elementor-container elementor-column-gap-default\">\n\t\t\t\t\t<div class=\"elementor-column elementor-col-100 elementor-top-column elementor-element elementor-element-0f52bb0 ot-flex-column-vertical\" data-id=\"0f52bb0\" data-element_type=\"column\" data-e-type=\"column\">\n\t\t\t<div class=\"elementor-widget-wrap elementor-element-populated\">\n\t\t\t\t\t\t<div class=\"elementor-element elementor-element-e4998f3 elementor-widget elementor-widget-heading\" data-id=\"e4998f3\" data-element_type=\"widget\" data-e-type=\"widget\" data-widget_type=\"heading.default\">\n\t\t\t\t<div class=\"elementor-widget-container\">\n\t\t\t\t\t<h4 class=\"elementor-heading-title elementor-size-default\">6698 say\u0131l\u0131 Ki\u015fisel Verilerin Korunmas\u0131 Kanunu <br> Kapsam\u0131nda <br> Ayd\u0131nlatma Metni<\/h4>\t\t\t\t<\/div>\n\t\t\t\t<\/div>\n\t\t\t\t\t<\/div>\n\t\t<\/div>\n\t\t\t\t\t<\/div>\n\t\t<\/section>\n\t\t\t\t<section class=\"elementor-section elementor-top-section elementor-element elementor-element-70b34902 ot-traditional elementor-section-boxed elementor-section-height-default elementor-section-height-default\" data-id=\"70b34902\" data-element_type=\"section\" data-e-type=\"section\">\n\t\t\t\t\t\t<div class=\"elementor-container elementor-column-gap-default\">\n\t\t\t\t\t<div class=\"elementor-column elementor-col-100 elementor-top-column elementor-element elementor-element-2b61eea4 ot-flex-column-vertical\" data-id=\"2b61eea4\" data-element_type=\"column\" data-e-type=\"column\">\n\t\t\t<div class=\"elementor-widget-wrap elementor-element-populated\">\n\t\t\t\t\t\t<div class=\"elementor-element elementor-element-6656b4ad elementor-widget elementor-widget-text-editor\" data-id=\"6656b4ad\" data-element_type=\"widget\" data-e-type=\"widget\" data-widget_type=\"text-editor.default\">\n\t\t\t\t<div class=\"elementor-widget-container\">\n\t\t\t\t\t\t\t\t\t<div><strong>NBT<\/strong><strong>\u00a0Sanayi ve Ticaret Limited \u015eirketi<\/strong><\/div>\n<div>6698 say\u0131l\u0131 Ki\u015fisel Verilerin Korunmas\u0131 Kanunu Kapsam\u0131nda Ayd\u0131nlatma Metni<\/div>\n<div>\u00a0<\/div>\n<div><strong>NBT<\/strong><strong>\u00a0Sanayi ve Ticaret Limited \u015eirketi<\/strong><strong>\u00a0<\/strong>(\u201c\u015eirket\u2019\u2019) olarak \u00e7al\u0131\u015fanlar\u0131m\u0131z, m\u00fc\u015fterilerimiz, i\u015f ortaklar\u0131m\u0131z ve t\u00fcm di\u011fer i\u015f ili\u015fkisinde bulundu\u011fumuz her ger\u00e7ek ki\u015finin ki\u015fisel verilerinin g\u00fcvenli\u011fi hususuna azami hassasiyet g\u00f6stermekteyiz. Bu bilin\u00e7le, \u015eirket olarak i\u015f s\u00f6zle\u015fmesi ile ba\u011fl\u0131 t\u00fcm \u00e7al\u0131\u015fanlar\u0131m\u0131za, hizmet veya al\u0131m s\u00f6zle\u015fmesi i\u00e7erisinde oldu\u011fumuz i\u015f ortaklar\u0131m\u0131za, \u00e7al\u0131\u015fanlar\u0131m\u0131za ait her t\u00fcrl\u00fc ki\u015fisel verilerin 6698 say\u0131l\u0131 Ki\u015fisel Verilerin Korunmas\u0131 Kanunu (\u201cKVKK\u201d)\u2019ya uygun olarak i\u015flenerek, muhafaza edilmesine b\u00fcy\u00fck \u00f6nem atfetmekteyiz. Ki\u015fisel verilerinizi a\u015fa\u011f\u0131da izah edildi\u011fi surette, KVKK\u2019ya uygun olarak ve mevzuat taraf\u0131ndan emredilen s\u0131n\u0131rlar \u00e7er\u00e7evesinde i\u015flemekteyiz.\u00a0<\/div>\n<div>\u00a0<\/div>\n<div>1. Ki\u015fisel Verilerin Toplanmas\u0131, \u0130\u015flenmesi ve \u0130\u015fleme Ama\u00e7lar\u0131<\/div>\n<div>Ki\u015fisel verileriniz, \u015eirketimiz taraf\u0131ndan aram\u0131zdaki s\u00f6zle\u015fmeye ba\u011fl\u0131 olarak; otomatik ya da otomatik olmayan y\u00f6ntemlerle, i\u015f yerlerinde ve ilgili alanlarda s\u00f6zl\u00fc, yaz\u0131l\u0131, dijital ya da elektronik olarak toplanabilecektir. S\u00f6zle\u015fme ili\u015fkisi veya s\u00f6zle\u015fmeden do\u011fabilecek y\u00fck\u00fcml\u00fcl\u00fckler devam etti\u011fi s\u00fcrece olu\u015fturularak ve g\u00fcncellenerek ki\u015fisel verileriniz i\u015flenebilecektir.\u00a0<\/div>\n<div>Ki\u015filerin \u0131rk\u0131, etnik k\u00f6keni, siyasi d\u00fc\u015f\u00fcncesi, felsefi inanc\u0131, dini, mezhebi veya di\u011fer inan\u00e7lar\u0131, k\u0131l\u0131k ve k\u0131yafeti, dernek, vak\u0131f ya da sendika \u00fcyeli\u011fi, sa\u011fl\u0131\u011f\u0131, cinsel hayat\u0131, ceza mahk\u00fbmiyeti ve g\u00fcvenlik tedbirleriyle ilgili verileri ile biyometrik ve genetik verileri \u00f6zel nitelikli ki\u015fisel veridir. \u015eirket ile aras\u0131nda i\u015f s\u00f6zle\u015fmesi bulunan \u00e7al\u0131\u015fanlar\u0131n, 4857 say\u0131l\u0131 \u0130\u015f Kanunu ve sair mevzuat uyar\u0131nca sa\u011fl\u0131k ile ceza mahkumiyeti ve g\u00fcvenlik tedbirleriyle ilgili \u00f6zel nitelikli ki\u015fisel verileriniz, \u015eirket ile aran\u0131zdaki i\u015f s\u00f6zle\u015fmesi gere\u011fince kanuni y\u00fck\u00fcml\u00fcl\u00fckler s\u0131n\u0131r\u0131nda toplanmakta ve i\u015flenmektedir.<\/div>\n<div>Size tahsis edilen cep telefonu, ara\u00e7 ve bilgisayar verilmesi durumunda, bak\u0131m, onar\u0131m ve verimlilik amac\u0131yla ki\u015fisel verileriniz i\u015flenebilecektir.\u00a0<\/div>\n<div>Toplanan ki\u015fisel verileriniz, s\u00f6zle\u015fmesel y\u00fck\u00fcml\u00fcl\u00fcklerimizin yerine getirilmesi, \u015eirket faaliyetlerinin devam\u0131, i\u015fin d\u00fczenlenmesi, i\u015fveren sorumluluklar\u0131n\u0131n yerine getirilmesi, i\u015f g\u00fcvenli\u011finin temini, i\u015fin y\u00f6netimi, denetimi ve ifas\u0131, kamu kurum ve kurulu\u015flar\u0131yla ilgili olarak sorumluluklar\u0131m\u0131z\u0131n temini, \u00e7al\u0131\u015fanlar\u0131n g\u00fcvenli\u011fi ama\u00e7lar\u0131yla KVKK\u2019da belirtilen ki\u015fisel veri i\u015fleme \u015fartlar\u0131 ve ama\u00e7lar\u0131 d\u00e2hilinde i\u015flenecektir.\u00a0<\/div>\n<div>2. \u0130\u015flenen Ki\u015fisel Verilerin Kimlere ve Hangi Ama\u00e7la Aktar\u0131labilece\u011fi<\/div>\n<div>\u015eirket, ki\u015fisel verileri, s\u00f6zle\u015fmesel y\u00fck\u00fcml\u00fcl\u00fcklerinin yerine getirilmesi, \u015eirket faaliyetlerinin devam\u0131, i\u015fin d\u00fczenlenmesi, i\u015fveren sorumluluklar\u0131n\u0131n yerine getirilmesi, i\u015f g\u00fcvenli\u011finin temini, i\u015fin y\u00f6netimi, denetimi ve ifas\u0131, kamu kurum ve kurulu\u015flar\u0131yla ilgili olarak sorumluluklar\u0131m\u0131z\u0131n temini, \u00e7al\u0131\u015fanlar\u0131n g\u00fcvenli\u011fi ama\u00e7lar\u0131yla, birazdan say\u0131lacaklar dahil ancak bunlarla s\u0131n\u0131rl\u0131 olmayacak \u015fekilde, Ki\u015fisel veriler a\u015fa\u011f\u0131da say\u0131lanlar dahil ancak bunlarla s\u0131n\u0131rl\u0131 olmayacak \u015fekilde; tedarik\u00e7ilere, i\u015f ortaklar\u0131 ve i\u015f ba\u011flant\u0131lar\u0131na, emniyet birimleri, kamu kurumlar\u0131, ilgili bakanl\u0131klar ve m\u00fcd\u00fcrl\u00fckler ile; i\u015f kanunu ve sosyal g\u00fcvenlik kanunlar\u0131 uyar\u0131nca g\u00f6revlendirilen kamu kurumu ve t\u00fczel ki\u015filerine, kanunlarla yetkili kamu kurumlar\u0131na, KVKK\u2019da belirtilen ki\u015fisel veri i\u015fleme \u015fartlar\u0131 ve ama\u00e7lar\u0131 \u00e7er\u00e7evesinde aktar\u0131labilecektir.\u00a0<\/div>\n<div>3. Ki\u015fisel Veri Toplaman\u0131n Y\u00f6ntemi ve Hukuki Sebebi<\/div>\n<div>Ki\u015fisel verileriniz, her t\u00fcrl\u00fc s\u00f6zl\u00fc, yaz\u0131l\u0131, elektronik ya da dijital ortamda, yukar\u0131da yer verilen ama\u00e7lar do\u011frultusunda i\u015f ve sosyal g\u00fcvenlik kanunlar\u0131 ile s\u00f6zle\u015fmesel hak ve y\u00fck\u00fcml\u00fcl\u00fckler ba\u015fta olmak \u00fczere, mevzuat uyar\u0131nca \u015eirket\u2019in i\u015f s\u00f6zle\u015fmesi, taraf oldu\u011fu hizmet vb. s\u00f6zle\u015fmeler ve yasalardan do\u011fan mesuliyetlerini eksiksiz ve do\u011fru bir \u015fekilde yerine getirebilmesi gayesi ile edinilir. Bu hukuki sebeple toplanan ki\u015fisel verileriniz KVKK\u2019da belirtilen ki\u015fisel veri i\u015fleme \u015fartlar\u0131 ve ama\u00e7lar\u0131 kapsam\u0131nda bu metinde belirtilen ama\u00e7larla da i\u015flenebilmekte ve aktar\u0131labilmektedir.\u00a0<\/div>\n<div>4. Ki\u015fisel Veri Sahibinin KVK Kanunu\u2019nun 11. maddesinde Say\u0131lan Haklar\u0131<\/div>\n<div>Ki\u015fisel veri sahipleri olarak, haklar\u0131n\u0131za ili\u015fkin taleplerinizi, yaz\u0131l\u0131 olarak \u015eirketimize iletmeniz durumunda \u015eirketimiz talebin niteli\u011fine g\u00f6re, kimli\u011finizi do\u011frulad\u0131ktan sonra Kanun\u2019da belirtilen s\u00fcreler i\u00e7erisinde en ge\u00e7 30 (otuz) g\u00fcn i\u00e7erisinde sonu\u00e7land\u0131racakt\u0131r.\u00a0<\/div>\n<div>Bu kapsamda ki\u015fisel veri sahipleri;\u00a0<\/div>\n<div>\u2022 Ki\u015fisel veri i\u015flenip i\u015flenmedi\u011fini \u00f6\u011frenme,<\/div>\n<div>\u2022 Ki\u015fisel verileri i\u015flenmi\u015fse buna ili\u015fkin bilgi talep etme,<\/div>\n<div>\u2022 Ki\u015fisel verilerin i\u015flenme amac\u0131n\u0131 ve bunlar\u0131n amac\u0131na uygun kullan\u0131l\u0131p kullan\u0131lmad\u0131\u011f\u0131n\u0131 \u00f6\u011frenme,<\/div>\n<div>\u2022 Yurt i\u00e7inde veya yurt d\u0131\u015f\u0131nda ki\u015fisel verilerin aktar\u0131ld\u0131\u011f\u0131 \u00fc\u00e7\u00fcnc\u00fc ki\u015fileri bilme,<\/div>\n<div>\u2022 Ki\u015fisel verilerin eksik veya yanl\u0131\u015f i\u015flenmi\u015f olmas\u0131 h\u00e2linde bunlar\u0131n d\u00fczeltilmesini isteme ve bu kapsamda yap\u0131lan i\u015flemin ki\u015fisel verilerin aktar\u0131ld\u0131\u011f\u0131 \u00fc\u00e7\u00fcnc\u00fc ki\u015filere bildirilmesini isteme,<\/div>\n<div>\u2022 KVK Kanunu\u2019nun ve ilgili di\u011fer kanun h\u00fck\u00fcmlerine uygun olarak i\u015flenmi\u015f olmas\u0131na ra\u011fmen, i\u015flenmesini gerektiren sebeplerin ortadan kalkmas\u0131 h\u00e2linde ki\u015fisel verilerin silinmesini veya yok edilmesini isteme ve bu kapsamda yap\u0131lan i\u015flemin ki\u015fisel verilerin aktar\u0131ld\u0131\u011f\u0131 \u00fc\u00e7\u00fcnc\u00fc ki\u015filere bildirilmesini isteme,<\/div>\n<div>\u2022 \u0130\u015flenen verilerin m\u00fcnhas\u0131ran otomatik sistemler vas\u0131tas\u0131yla analiz edilmesi suretiyle ki\u015finin kendisi aleyhine bir sonucun ortaya \u00e7\u0131kmas\u0131na itiraz etme,<\/div>\n<div>\u2022 Ki\u015fisel verilerin kanuna ayk\u0131r\u0131 olarak i\u015flenmesi sebebiyle zarara u\u011framas\u0131 h\u00e2linde zarar\u0131n giderilmesini talep etme haklar\u0131na sahiptir.<\/div>\n<div>\u00a0<\/div>\n<div>KVKK uyar\u0131nca, yukar\u0131da belirtilen haklar\u0131n\u0131z\u0131 kullanmak ile ilgili talebinizi, yaz\u0131l\u0131 olarak \u015eirketimize iletmeniz gerekmektedir. Yukar\u0131da belirtilen haklar\u0131n\u0131z\u0131 kullanmak i\u00e7in kimli\u011finizi tespit edici gerekli bilgiler ile KVKK\u2019n\u0131n 11. maddesinde belirtilen haklardan kullanmay\u0131 talep etti\u011finiz hakk\u0131n\u0131za y\u00f6nelik a\u00e7\u0131klamalar\u0131n\u0131z\u0131 i\u00e7eren talebinizi; info@nbt.net.tr adresine iletebilirsiniz.\u00a0<\/div>\n<div>\u00a0<\/div>\n<div>\n<div><strong>KAPALI KAMERA S\u0130STEMLER\u0130 AYDINLATMA METN\u0130<\/strong><br \/>\u0130\u015fbu Ayd\u0131nlatma Metni, 6698 say\u0131l\u0131 Ki\u015fisel Verilerin Korunmas\u0131 Kanunu (\u201cKanun\u201d) uyar\u0131nca,\u00a0<strong>NBT Sanayi ve Ticaret Limited \u015eirketi<\/strong>\u00a0(\u201c\u015eirket\u201d) Genel M\u00fcd\u00fcrl\u00fc\u011f\u00fc ve lokasyonlar\u0131nda kullan\u0131lan kapal\u0131 devre kay\u0131t sistemleri vas\u0131tas\u0131yla toplanan ki\u015fisel verilerinin i\u015flenmesine ili\u015fkin usul ve esaslara ili\u015fkin olarak veri sahiplerinin ayd\u0131nlat\u0131lmas\u0131 amac\u0131 ile kaleme al\u0131nm\u0131\u015ft\u0131r.\u00a0<\/div>\n<div>\u00a0<\/div>\n<div>\u0130\u015fbu Ayd\u0131nlatma Metni kapsam\u0131nda yer alan hususlara ili\u015fkin detayl\u0131 bilgilere nbt.net.tr ve nbthost.com adresinde yer alan Ki\u015fisel Verilerin Korunmas\u0131 ve \u0130\u015flenmesi Politikas\u0131\u2019ndan eri\u015filebilmektedir.<\/div>\n<div>1. Ki\u015fisel Verilerin \u0130\u015flenme Amac\u0131<\/div>\n<div>Toplanan ki\u015fisel veriler, Kanun\u2019un 5. ve 6. maddelerinde belirtilen ki\u015fisel veri i\u015fleme \u015fartlar\u0131 ve ama\u00e7lar\u0131 \u00e7er\u00e7evesinde, \u015eirket ile i\u015f ili\u015fkisi i\u00e7erisinde olan ilgili ki\u015filerin hukuki, teknik ve ticari-i\u015f g\u00fcvenli\u011finin temin edilmesi ve \u015eirket\u2019e ait lokasyonlar\u0131n g\u00fcvenli\u011finin sa\u011flanmas\u0131 ama\u00e7lar\u0131 dahilinde i\u015flenmektedir.<\/div>\n<div>2. Ki\u015fisel Verilerin Aktar\u0131labilece\u011fi Taraflar ve Aktar\u0131m Amac\u0131<\/div>\n<div>Toplanan ki\u015fisel veriler, Kanun\u2019un 8. ve 9. maddelerinde belirtilen ki\u015fisel veri i\u015fleme \u015fartlar\u0131 ve ama\u00e7lar\u0131 \u00e7er\u00e7evesinde, \u015eirket ile i\u015f ili\u015fkisi i\u00e7erisinde olan ilgili ki\u015filerin hukuki, teknik ve ticari-i\u015f g\u00fcvenli\u011finin temin edilmesi ve \u015eirket\u2019e ait lokasyonlar\u0131n g\u00fcvenli\u011finin sa\u011flanmas\u0131 ama\u00e7lar\u0131 dahilinde hukuken yetkili kurum ve kurulu\u015flar talep etmeleri halinde payla\u015f\u0131labilecektir.<\/div>\n<div>\u00a03.Ki\u015fisel Verilerin Toplanma Y\u00f6ntemi ve Hukuki Sebebi<\/div>\n<div>Ki\u015fisel veriler, lokasyonlarda yer alan kapal\u0131 devre kamera sistemleri vas\u0131tas\u0131yla toplanmaktad\u0131r. Yukar\u0131da belirtilen hukuki sebeplerle toplanan ki\u015fisel veriler 6698 say\u0131l\u0131 Kanun\u2019un 5. ve 6. maddelerinde belirtilen ki\u015fisel veri i\u015fleme \u015fartlar\u0131 ve ama\u00e7lar\u0131 kapsam\u0131nda bu Ayd\u0131nlatma Metni\u2019nin 1 ve 2. maddelerinde belirtilen ama\u00e7larla i\u015flenebilmekte ve aktar\u0131labilmektedir.<\/div>\n<div>4. Veri Sahiplerinin Haklar\u0131 ve Bu Haklar\u0131n Kullan\u0131lmas\u0131<\/div>\n<div>Kanun\u2019un 11. maddesi uyar\u0131nca veri sahipleri,\u00a0<\/div>\n<div>\u00b7 Ki\u015fisel veri i\u015flenip i\u015flenmedi\u011fini \u00f6\u011frenme,<\/div>\n<div>\u00b7 Ki\u015fisel verileri i\u015flenmi\u015fse buna ili\u015fkin bilgi talep etme,<\/div>\n<div>\u00b7 Ki\u015fisel verilerin i\u015flenme amac\u0131n\u0131 ve bunlar\u0131n amac\u0131na uygun kullan\u0131l\u0131p kullan\u0131lmad\u0131\u011f\u0131n\u0131 \u00f6\u011frenme,<\/div>\n<div>\u00b7 Yurt i\u00e7inde veya yurt d\u0131\u015f\u0131nda ki\u015fisel verilerin aktar\u0131ld\u0131\u011f\u0131 \u00fc\u00e7\u00fcnc\u00fc ki\u015fileri bilme,<\/div>\n<div>\u00b7 Ki\u015fisel verilerin eksik veya yanl\u0131\u015f i\u015flenmi\u015f olmas\u0131 h\u00e2linde bunlar\u0131n d\u00fczeltilmesini isteme ve bu kapsamda yap\u0131lan i\u015flemin ki\u015fisel verilerin aktar\u0131ld\u0131\u011f\u0131 \u00fc\u00e7\u00fcnc\u00fc ki\u015filere bildirilmesini isteme,<\/div>\n<div>\u00b7 Kanun ve ilgili di\u011fer kanun h\u00fck\u00fcmlerine uygun olarak i\u015flenmi\u015f olmas\u0131na ra\u011fmen, i\u015flenmesini gerektiren sebeplerin ortadan kalkmas\u0131 h\u00e2linde ki\u015fisel verilerin silinmesini veya yok edilmesini isteme ve bu kapsamda yap\u0131lan i\u015flemin ki\u015fisel verilerin aktar\u0131ld\u0131\u011f\u0131 \u00fc\u00e7\u00fcnc\u00fc ki\u015filere bildirilmesini isteme,\u00a0<\/div>\n<div>\u00b7 \u0130\u015flenen verilerin m\u00fcnhas\u0131ran otomatik sistemler vas\u0131tas\u0131yla analiz edilmesi suretiyle ki\u015finin kendisi aleyhine bir sonucun ortaya \u00e7\u0131kmas\u0131na itiraz etme,<\/div>\n<div>\u00b7 Ki\u015fisel verilerin kanuna ayk\u0131r\u0131 olarak i\u015flenmesi sebebiyle zarara u\u011framas\u0131 h\u00e2linde zarar\u0131n giderilmesini talep etme haklar\u0131na sahiptir.\u00a0<\/div>\n<div>S\u00f6z konusu haklar, ki\u015fisel veri sahipleri taraf\u0131ndan www.nbt.net.tr ve www.nbthost.com adresinde yer alan Ki\u015fisel Verilerin Korunmas\u0131 ve \u0130\u015flenmesi Politikas\u0131\u2019nda belirtilen y\u00f6ntemlerle iletilmesi halinde 30 (otuz) g\u00fcn i\u00e7erisinde de\u011ferlendirilerek sonu\u00e7land\u0131r\u0131lacakt\u0131r.<\/div>\n<\/div>\t\t\t\t\t\t\t\t<\/div>\n\t\t\t\t<\/div>\n\t\t\t\t\t<\/div>\n\t\t<\/div>\n\t\t\t\t\t<\/div>\n\t\t<\/section>\n\t\t\t\t<\/div>\n\t\t","protected":false},"excerpt":{"rendered":"<p>6698 say\u0131l\u0131 Ki\u015fisel Verilerin Korunmas\u0131 Kanunu Kapsam\u0131nda Ayd\u0131nlatma Metni NBT\u00a0Sanayi ve Ticaret Limited \u015eirketi 6698 say\u0131l\u0131 Ki\u015fisel Verilerin Korunmas\u0131 Kanunu Kapsam\u0131nda Ayd\u0131nlatma Metni \u00a0 NBT\u00a0Sanayi ve Ticaret Limited \u015eirketi\u00a0(\u201c\u015eirket\u2019\u2019) olarak \u00e7al\u0131\u015fanlar\u0131m\u0131z, m\u00fc\u015fterilerimiz, i\u015f ortaklar\u0131m\u0131z ve t\u00fcm di\u011fer i\u015f ili\u015fkisinde bulundu\u011fumuz her ger\u00e7ek ki\u015finin ki\u015fisel verilerinin g\u00fcvenli\u011fi hususuna azami hassasiyet g\u00f6stermekteyiz. Bu bilin\u00e7le, \u015eirket olarak i\u015f [&hellip;]<\/p>\n","protected":false},"author":1,"featured_media":0,"parent":0,"menu_order":0,"comment_status":"closed","ping_status":"closed","template":"","meta":{"footnotes":""},"class_list":["post-4718","page","type-page","status-publish","hentry"],"yoast_head":"<!-- This site is optimized with the Yoast SEO plugin v25.6 - https:\/\/yoast.com\/wordpress\/plugins\/seo\/ -->\n<title>KVKK Hakk\u0131nda - NBT<\/title>\n<meta name=\"robots\" content=\"index, follow, max-snippet:-1, max-image-preview:large, max-video-preview:-1\" \/>\n<link rel=\"canonical\" href=\"https:\/\/nbt.net.tr\/index.php\/kvkk\/\" \/>\n<meta property=\"og:locale\" content=\"tr_TR\" \/>\n<meta property=\"og:type\" content=\"article\" \/>\n<meta property=\"og:title\" content=\"KVKK Hakk\u0131nda - NBT\" \/>\n<meta property=\"og:description\" content=\"6698 say\u0131l\u0131 Ki\u015fisel Verilerin Korunmas\u0131 Kanunu Kapsam\u0131nda Ayd\u0131nlatma Metni NBT\u00a0Sanayi ve Ticaret Limited \u015eirketi 6698 say\u0131l\u0131 Ki\u015fisel Verilerin Korunmas\u0131 Kanunu Kapsam\u0131nda Ayd\u0131nlatma Metni \u00a0 NBT\u00a0Sanayi ve Ticaret Limited \u015eirketi\u00a0(\u201c\u015eirket\u2019\u2019) olarak \u00e7al\u0131\u015fanlar\u0131m\u0131z, m\u00fc\u015fterilerimiz, i\u015f ortaklar\u0131m\u0131z ve t\u00fcm di\u011fer i\u015f ili\u015fkisinde bulundu\u011fumuz her ger\u00e7ek ki\u015finin ki\u015fisel verilerinin g\u00fcvenli\u011fi hususuna azami hassasiyet g\u00f6stermekteyiz. Bu bilin\u00e7le, \u015eirket olarak i\u015f [&hellip;]\" \/>\n<meta property=\"og:url\" content=\"https:\/\/nbt.net.tr\/index.php\/kvkk\/\" \/>\n<meta property=\"og:site_name\" content=\"NBT\" \/>\n<meta property=\"article:modified_time\" content=\"2021-03-03T07:27:31+00:00\" \/>\n<meta name=\"twitter:card\" content=\"summary_large_image\" \/>\n<meta name=\"twitter:label1\" content=\"Tahmini okuma s\u00fcresi\" \/>\n\t<meta name=\"twitter:data1\" content=\"5 dakika\" \/>\n<script type=\"application\/ld+json\" class=\"yoast-schema-graph\">{\"@context\":\"https:\/\/schema.org\",\"@graph\":[{\"@type\":\"WebPage\",\"@id\":\"https:\/\/nbt.net.tr\/index.php\/kvkk\/\",\"url\":\"https:\/\/nbt.net.tr\/index.php\/kvkk\/\",\"name\":\"KVKK Hakk\u0131nda - NBT\",\"isPartOf\":{\"@id\":\"https:\/\/nbt.net.tr\/#website\"},\"datePublished\":\"2021-03-03T07:21:05+00:00\",\"dateModified\":\"2021-03-03T07:27:31+00:00\",\"breadcrumb\":{\"@id\":\"https:\/\/nbt.net.tr\/index.php\/kvkk\/#breadcrumb\"},\"inLanguage\":\"tr\",\"potentialAction\":[{\"@type\":\"ReadAction\",\"target\":[\"https:\/\/nbt.net.tr\/index.php\/kvkk\/\"]}]},{\"@type\":\"BreadcrumbList\",\"@id\":\"https:\/\/nbt.net.tr\/index.php\/kvkk\/#breadcrumb\",\"itemListElement\":[{\"@type\":\"ListItem\",\"position\":1,\"name\":\"Anasayfa\",\"item\":\"https:\/\/nbt.net.tr\/\"},{\"@type\":\"ListItem\",\"position\":2,\"name\":\"KVKK Hakk\u0131nda\"}]},{\"@type\":\"WebSite\",\"@id\":\"https:\/\/nbt.net.tr\/#website\",\"url\":\"https:\/\/nbt.net.tr\/\",\"name\":\"NBT\",\"description\":\"Dan\u0131\u015fmanl\u0131k Destek Teknoloji\",\"potentialAction\":[{\"@type\":\"SearchAction\",\"target\":{\"@type\":\"EntryPoint\",\"urlTemplate\":\"https:\/\/nbt.net.tr\/?s={search_term_string}\"},\"query-input\":{\"@type\":\"PropertyValueSpecification\",\"valueRequired\":true,\"valueName\":\"search_term_string\"}}],\"inLanguage\":\"tr\"}]}<\/script>\n<!-- \/ Yoast SEO plugin. -->","yoast_head_json":{"title":"KVKK Hakk\u0131nda - NBT","robots":{"index":"index","follow":"follow","max-snippet":"max-snippet:-1","max-image-preview":"max-image-preview:large","max-video-preview":"max-video-preview:-1"},"canonical":"https:\/\/nbt.net.tr\/index.php\/kvkk\/","og_locale":"tr_TR","og_type":"article","og_title":"KVKK Hakk\u0131nda - NBT","og_description":"6698 say\u0131l\u0131 Ki\u015fisel Verilerin Korunmas\u0131 Kanunu Kapsam\u0131nda Ayd\u0131nlatma Metni NBT\u00a0Sanayi ve Ticaret Limited \u015eirketi 6698 say\u0131l\u0131 Ki\u015fisel Verilerin Korunmas\u0131 Kanunu Kapsam\u0131nda Ayd\u0131nlatma Metni \u00a0 NBT\u00a0Sanayi ve Ticaret Limited \u015eirketi\u00a0(\u201c\u015eirket\u2019\u2019) olarak \u00e7al\u0131\u015fanlar\u0131m\u0131z, m\u00fc\u015fterilerimiz, i\u015f ortaklar\u0131m\u0131z ve t\u00fcm di\u011fer i\u015f ili\u015fkisinde bulundu\u011fumuz her ger\u00e7ek ki\u015finin ki\u015fisel verilerinin g\u00fcvenli\u011fi hususuna azami hassasiyet g\u00f6stermekteyiz. Bu bilin\u00e7le, \u015eirket olarak i\u015f [&hellip;]","og_url":"https:\/\/nbt.net.tr\/index.php\/kvkk\/","og_site_name":"NBT","article_modified_time":"2021-03-03T07:27:31+00:00","twitter_card":"summary_large_image","twitter_misc":{"Tahmini okuma s\u00fcresi":"5 dakika"},"schema":{"@context":"https:\/\/schema.org","@graph":[{"@type":"WebPage","@id":"https:\/\/nbt.net.tr\/index.php\/kvkk\/","url":"https:\/\/nbt.net.tr\/index.php\/kvkk\/","name":"KVKK Hakk\u0131nda - NBT","isPartOf":{"@id":"https:\/\/nbt.net.tr\/#website"},"datePublished":"2021-03-03T07:21:05+00:00","dateModified":"2021-03-03T07:27:31+00:00","breadcrumb":{"@id":"https:\/\/nbt.net.tr\/index.php\/kvkk\/#breadcrumb"},"inLanguage":"tr","potentialAction":[{"@type":"ReadAction","target":["https:\/\/nbt.net.tr\/index.php\/kvkk\/"]}]},{"@type":"BreadcrumbList","@id":"https:\/\/nbt.net.tr\/index.php\/kvkk\/#breadcrumb","itemListElement":[{"@type":"ListItem","position":1,"name":"Anasayfa","item":"https:\/\/nbt.net.tr\/"},{"@type":"ListItem","position":2,"name":"KVKK Hakk\u0131nda"}]},{"@type":"WebSite","@id":"https:\/\/nbt.net.tr\/#website","url":"https:\/\/nbt.net.tr\/","name":"NBT","description":"Dan\u0131\u015fmanl\u0131k Destek Teknoloji","potentialAction":[{"@type":"SearchAction","target":{"@type":"EntryPoint","urlTemplate":"https:\/\/nbt.net.tr\/?s={search_term_string}"},"query-input":{"@type":"PropertyValueSpecification","valueRequired":true,"valueName":"search_term_string"}}],"inLanguage":"tr"}]}},"_links":{"self":[{"href":"https:\/\/nbt.net.tr\/index.php\/wp-json\/wp\/v2\/pages\/4718"}],"collection":[{"href":"https:\/\/nbt.net.tr\/index.php\/wp-json\/wp\/v2\/pages"}],"about":[{"href":"https:\/\/nbt.net.tr\/index.php\/wp-json\/wp\/v2\/types\/page"}],"author":[{"embeddable":true,"href":"https:\/\/nbt.net.tr\/index.php\/wp-json\/wp\/v2\/users\/1"}],"replies":[{"embeddable":true,"href":"https:\/\/nbt.net.tr\/index.php\/wp-json\/wp\/v2\/comments?post=4718"}],"version-history":[{"count":7,"href":"https:\/\/nbt.net.tr\/index.php\/wp-json\/wp\/v2\/pages\/4718\/revisions"}],"predecessor-version":[{"id":4725,"href":"https:\/\/nbt.net.tr\/index.php\/wp-json\/wp\/v2\/pages\/4718\/revisions\/4725"}],"wp:attachment":[{"href":"https:\/\/nbt.net.tr\/index.php\/wp-json\/wp\/v2\/media?parent=4718"}],"curies":[{"name":"wp","href":"https:\/\/api.w.org\/{rel}","templated":true}]}}