{"id":4727,"date":"2021-03-03T10:31:21","date_gmt":"2021-03-03T07:31:21","guid":{"rendered":"https:\/\/nbt.net.tr\/?page_id=4727"},"modified":"2021-03-09T00:23:20","modified_gmt":"2021-03-08T21:23:20","slug":"kalite","status":"publish","type":"page","link":"https:\/\/nbt.net.tr\/index.php\/kalite\/","title":{"rendered":"Kalite Politikam\u0131z"},"content":{"rendered":"\t\t<div data-elementor-type=\"wp-page\" data-elementor-id=\"4727\" class=\"elementor elementor-4727\">\n\t\t\t\t\t\t<section class=\"elementor-section elementor-top-section elementor-element elementor-element-bea2dc2 ot-traditional elementor-section-boxed elementor-section-height-default elementor-section-height-default\" data-id=\"bea2dc2\" data-element_type=\"section\" data-e-type=\"section\">\n\t\t\t\t\t\t<div class=\"elementor-container elementor-column-gap-default\">\n\t\t\t\t\t<div class=\"elementor-column elementor-col-100 elementor-top-column elementor-element elementor-element-0f52bb0 ot-flex-column-vertical\" data-id=\"0f52bb0\" data-element_type=\"column\" data-e-type=\"column\">\n\t\t\t<div class=\"elementor-widget-wrap elementor-element-populated\">\n\t\t\t\t\t\t<div class=\"elementor-element elementor-element-a358f6f elementor-widget elementor-widget-spacer\" data-id=\"a358f6f\" data-element_type=\"widget\" data-e-type=\"widget\" data-widget_type=\"spacer.default\">\n\t\t\t\t<div class=\"elementor-widget-container\">\n\t\t\t\t\t\t\t<div class=\"elementor-spacer\">\n\t\t\t<div class=\"elementor-spacer-inner\"><\/div>\n\t\t<\/div>\n\t\t\t\t\t\t<\/div>\n\t\t\t\t<\/div>\n\t\t\t\t<section class=\"elementor-section elementor-inner-section elementor-element elementor-element-02d49da ot-traditional elementor-section-boxed elementor-section-height-default elementor-section-height-default\" data-id=\"02d49da\" data-element_type=\"section\" data-e-type=\"section\">\n\t\t\t\t\t\t<div class=\"elementor-container elementor-column-gap-default\">\n\t\t\t\t\t<div class=\"elementor-column elementor-col-50 elementor-inner-column elementor-element elementor-element-f0fefcd ot-flex-column-vertical\" data-id=\"f0fefcd\" data-element_type=\"column\" data-e-type=\"column\">\n\t\t\t<div class=\"elementor-widget-wrap elementor-element-populated\">\n\t\t\t\t\t\t<div class=\"elementor-element elementor-element-d3ba273 elementor-widget elementor-widget-heading\" data-id=\"d3ba273\" data-element_type=\"widget\" data-e-type=\"widget\" data-widget_type=\"heading.default\">\n\t\t\t\t<div class=\"elementor-widget-container\">\n\t\t\t\t\t<h2 class=\"elementor-heading-title elementor-size-default\">Kalite Politikam\u0131z<\/h2>\t\t\t\t<\/div>\n\t\t\t\t<\/div>\n\t\t\t\t\t<\/div>\n\t\t<\/div>\n\t\t\t\t<div class=\"elementor-column elementor-col-50 elementor-inner-column elementor-element elementor-element-c715aa4 ot-flex-column-vertical\" data-id=\"c715aa4\" data-element_type=\"column\" data-e-type=\"column\">\n\t\t\t<div class=\"elementor-widget-wrap elementor-element-populated\">\n\t\t\t\t\t\t<div class=\"elementor-element elementor-element-4864685 elementor-widget elementor-widget-image\" data-id=\"4864685\" data-element_type=\"widget\" data-e-type=\"widget\" data-widget_type=\"image.default\">\n\t\t\t\t<div class=\"elementor-widget-container\">\n\t\t\t\t\t\t\t\t\t\t\t\t\t\t\t<img decoding=\"async\" width=\"198\" height=\"190\" src=\"https:\/\/nbt.net.tr\/wp-content\/uploads\/2021\/02\/Fill-1.png\" class=\"attachment-large size-large wp-image-4259\" alt=\"\" \/>\t\t\t\t\t\t\t\t\t\t\t\t\t\t\t<\/div>\n\t\t\t\t<\/div>\n\t\t\t\t\t<\/div>\n\t\t<\/div>\n\t\t\t\t\t<\/div>\n\t\t<\/section>\n\t\t\t\t<div class=\"elementor-element elementor-element-9b88834 elementor-widget elementor-widget-spacer\" data-id=\"9b88834\" data-element_type=\"widget\" data-e-type=\"widget\" data-widget_type=\"spacer.default\">\n\t\t\t\t<div class=\"elementor-widget-container\">\n\t\t\t\t\t\t\t<div class=\"elementor-spacer\">\n\t\t\t<div class=\"elementor-spacer-inner\"><\/div>\n\t\t<\/div>\n\t\t\t\t\t\t<\/div>\n\t\t\t\t<\/div>\n\t\t\t\t<div class=\"elementor-element elementor-element-4af5fe9 elementor-widget elementor-widget-iiconbox1\" data-id=\"4af5fe9\" data-element_type=\"widget\" data-e-type=\"widget\" data-widget_type=\"iiconbox1.default\">\n\t\t\t\t<div class=\"elementor-widget-container\">\n\t\t\t\t\t\t\t<div class=\"icon-box-s1\">\r\n\t\t\t<div class=\"icon-main\">\r\n\t\t        \t\t\t    <img decoding=\"async\" src=\"https:\/\/nbt.net.tr\/wp-content\/uploads\/2021\/01\/updated.svg\" alt=\"ihtiya\u00e7lar\u0131 saptama\">\t\t        \t        <\/div>\r\n\t        <h5>ihtiya\u00e7lar\u0131 saptama<\/h5>\r\n\t        <div class=\"line-box\"><\/div>\r\n\t        <p>M\u00fc\u015fterilerimizin ihtiya\u00e7lar\u0131n\u0131 g\u00f6z \u00f6n\u00fcnde bulundurarak, teknolojinin \u0131\u015f\u0131\u011f\u0131nda kaliteli ve g\u00fcvenilir yaz\u0131l\u0131mlar\u0131 tespit ediyor ve \/ veya geli\u015ftiriyor ve hizmet veriyoruz .<\/p>\r\n\t    <\/div>\r\n\t    \t\t\t\t<\/div>\n\t\t\t\t<\/div>\n\t\t\t\t<div class=\"elementor-element elementor-element-aea6dbb elementor-widget elementor-widget-spacer\" data-id=\"aea6dbb\" data-element_type=\"widget\" data-e-type=\"widget\" data-widget_type=\"spacer.default\">\n\t\t\t\t<div class=\"elementor-widget-container\">\n\t\t\t\t\t\t\t<div class=\"elementor-spacer\">\n\t\t\t<div class=\"elementor-spacer-inner\"><\/div>\n\t\t<\/div>\n\t\t\t\t\t\t<\/div>\n\t\t\t\t<\/div>\n\t\t\t\t<div class=\"elementor-element elementor-element-c1d28ff elementor-widget elementor-widget-iiconbox1\" data-id=\"c1d28ff\" data-element_type=\"widget\" data-e-type=\"widget\" data-widget_type=\"iiconbox1.default\">\n\t\t\t\t<div class=\"elementor-widget-container\">\n\t\t\t\t\t\t\t<div class=\"icon-box-s1\">\r\n\t\t\t<div class=\"icon-main\">\r\n\t\t        \t\t\t    <img decoding=\"async\" src=\"https:\/\/nbt.net.tr\/wp-content\/uploads\/2021\/01\/updated.svg\" alt=\"\u00c7al\u0131\u015fan E\u011fitimleri\">\t\t        \t        <\/div>\r\n\t        <h5>\u00c7al\u0131\u015fan E\u011fitimleri<\/h5>\r\n\t        <div class=\"line-box\"><\/div>\r\n\t        <p>\u00c7al\u0131\u015fma Arkada\u015flar\u0131m\u0131z\u0131n lisansl\u0131 kurs e\u011fitimlerini finansal olarak destekliyoruz.<\/p>\r\n\t    <\/div>\r\n\t    \t\t\t\t<\/div>\n\t\t\t\t<\/div>\n\t\t\t\t<div class=\"elementor-element elementor-element-1b08016 elementor-widget elementor-widget-spacer\" data-id=\"1b08016\" data-element_type=\"widget\" data-e-type=\"widget\" data-widget_type=\"spacer.default\">\n\t\t\t\t<div class=\"elementor-widget-container\">\n\t\t\t\t\t\t\t<div class=\"elementor-spacer\">\n\t\t\t<div class=\"elementor-spacer-inner\"><\/div>\n\t\t<\/div>\n\t\t\t\t\t\t<\/div>\n\t\t\t\t<\/div>\n\t\t\t\t<div class=\"elementor-element elementor-element-6cb227c elementor-widget elementor-widget-iiconbox1\" data-id=\"6cb227c\" data-element_type=\"widget\" data-e-type=\"widget\" data-widget_type=\"iiconbox1.default\">\n\t\t\t\t<div class=\"elementor-widget-container\">\n\t\t\t\t\t\t\t<div class=\"icon-box-s1\">\r\n\t\t\t<div class=\"icon-main\">\r\n\t\t        \t\t\t    <img decoding=\"async\" src=\"https:\/\/nbt.net.tr\/wp-content\/uploads\/2021\/01\/updated.svg\" alt=\"\u00c7al\u0131\u015fma Ko\u015fullar\u0131 ve Hizmet Kalitemiz\">\t\t        \t        <\/div>\r\n\t        <h5>\u00c7al\u0131\u015fma Ko\u015fullar\u0131 ve Hizmet Kalitemiz<\/h5>\r\n\t        <div class=\"line-box\"><\/div>\r\n\t        <p>NBT Ailesi olarak \u00e7al\u0131\u015fma ortam\u0131m\u0131z\u0131 m\u00fc\u015fteri istek ve taleplerinin maximumda kar\u015f\u0131layacak \u015fekilde dizayn ediyor ve en iyi hizmeti sunmaya \u00e7al\u0131\u015f\u0131yoruz.\n<br>\nM\u00fc\u015fterilerimizden gelen geri bildirimlerle her daim kendimizi yeniliyor ve gelece\u011fe emin ad\u0131mlar ile ilerliyoruz.<\/p>\r\n\t    <\/div>\r\n\t    \t\t\t\t<\/div>\n\t\t\t\t<\/div>\n\t\t\t\t\t<\/div>\n\t\t<\/div>\n\t\t\t\t\t<\/div>\n\t\t<\/section>\n\t\t\t\t<\/div>\n\t\t","protected":false},"excerpt":{"rendered":"<p>Kalite Politikam\u0131z ihtiya\u00e7lar\u0131 saptama M\u00fc\u015fterilerimizin ihtiya\u00e7lar\u0131n\u0131 g\u00f6z \u00f6n\u00fcnde bulundurarak, teknolojinin \u0131\u015f\u0131\u011f\u0131nda kaliteli ve g\u00fcvenilir yaz\u0131l\u0131mlar\u0131 tespit ediyor ve \/ veya geli\u015ftiriyor ve hizmet veriyoruz . \u00c7al\u0131\u015fan E\u011fitimleri \u00c7al\u0131\u015fma Arkada\u015flar\u0131m\u0131z\u0131n lisansl\u0131 kurs e\u011fitimlerini finansal olarak destekliyoruz. \u00c7al\u0131\u015fma Ko\u015fullar\u0131 ve Hizmet Kalitemiz NBT Ailesi olarak \u00e7al\u0131\u015fma ortam\u0131m\u0131z\u0131 m\u00fc\u015fteri istek ve taleplerinin maximumda kar\u015f\u0131layacak \u015fekilde dizayn ediyor ve [&hellip;]<\/p>\n","protected":false},"author":1,"featured_media":0,"parent":0,"menu_order":0,"comment_status":"closed","ping_status":"closed","template":"","meta":{"footnotes":""},"class_list":["post-4727","page","type-page","status-publish","hentry"],"yoast_head":"<!-- This site is optimized with the Yoast SEO plugin v25.6 - https:\/\/yoast.com\/wordpress\/plugins\/seo\/ -->\n<title>Kalite Politikam\u0131z - NBT<\/title>\n<meta name=\"robots\" content=\"index, follow, max-snippet:-1, max-image-preview:large, max-video-preview:-1\" \/>\n<link rel=\"canonical\" href=\"https:\/\/nbt.net.tr\/index.php\/kalite\/\" \/>\n<meta property=\"og:locale\" content=\"tr_TR\" \/>\n<meta property=\"og:type\" content=\"article\" \/>\n<meta property=\"og:title\" content=\"Kalite Politikam\u0131z - NBT\" \/>\n<meta property=\"og:description\" content=\"Kalite Politikam\u0131z ihtiya\u00e7lar\u0131 saptama M\u00fc\u015fterilerimizin ihtiya\u00e7lar\u0131n\u0131 g\u00f6z \u00f6n\u00fcnde bulundurarak, teknolojinin \u0131\u015f\u0131\u011f\u0131nda kaliteli ve g\u00fcvenilir yaz\u0131l\u0131mlar\u0131 tespit ediyor ve \/ veya geli\u015ftiriyor ve hizmet veriyoruz . \u00c7al\u0131\u015fan E\u011fitimleri \u00c7al\u0131\u015fma Arkada\u015flar\u0131m\u0131z\u0131n lisansl\u0131 kurs e\u011fitimlerini finansal olarak destekliyoruz. \u00c7al\u0131\u015fma Ko\u015fullar\u0131 ve Hizmet Kalitemiz NBT Ailesi olarak \u00e7al\u0131\u015fma ortam\u0131m\u0131z\u0131 m\u00fc\u015fteri istek ve taleplerinin maximumda kar\u015f\u0131layacak \u015fekilde dizayn ediyor ve [&hellip;]\" \/>\n<meta property=\"og:url\" content=\"https:\/\/nbt.net.tr\/index.php\/kalite\/\" \/>\n<meta property=\"og:site_name\" content=\"NBT\" \/>\n<meta property=\"article:modified_time\" content=\"2021-03-08T21:23:20+00:00\" \/>\n<meta property=\"og:image\" content=\"https:\/\/nbt.net.tr\/wp-content\/uploads\/2021\/02\/Fill-1.png\" \/>\n<meta name=\"twitter:card\" content=\"summary_large_image\" \/>\n<meta name=\"twitter:label1\" content=\"Tahmini okuma s\u00fcresi\" \/>\n\t<meta name=\"twitter:data1\" content=\"2 dakika\" \/>\n<script type=\"application\/ld+json\" class=\"yoast-schema-graph\">{\"@context\":\"https:\/\/schema.org\",\"@graph\":[{\"@type\":\"WebPage\",\"@id\":\"https:\/\/nbt.net.tr\/index.php\/kalite\/\",\"url\":\"https:\/\/nbt.net.tr\/index.php\/kalite\/\",\"name\":\"Kalite Politikam\u0131z - NBT\",\"isPartOf\":{\"@id\":\"https:\/\/nbt.net.tr\/#website\"},\"primaryImageOfPage\":{\"@id\":\"https:\/\/nbt.net.tr\/index.php\/kalite\/#primaryimage\"},\"image\":{\"@id\":\"https:\/\/nbt.net.tr\/index.php\/kalite\/#primaryimage\"},\"thumbnailUrl\":\"https:\/\/nbt.net.tr\/wp-content\/uploads\/2021\/02\/Fill-1.png\",\"datePublished\":\"2021-03-03T07:31:21+00:00\",\"dateModified\":\"2021-03-08T21:23:20+00:00\",\"breadcrumb\":{\"@id\":\"https:\/\/nbt.net.tr\/index.php\/kalite\/#breadcrumb\"},\"inLanguage\":\"tr\",\"potentialAction\":[{\"@type\":\"ReadAction\",\"target\":[\"https:\/\/nbt.net.tr\/index.php\/kalite\/\"]}]},{\"@type\":\"ImageObject\",\"inLanguage\":\"tr\",\"@id\":\"https:\/\/nbt.net.tr\/index.php\/kalite\/#primaryimage\",\"url\":\"https:\/\/nbt.net.tr\/wp-content\/uploads\/2021\/02\/Fill-1.png\",\"contentUrl\":\"https:\/\/nbt.net.tr\/wp-content\/uploads\/2021\/02\/Fill-1.png\",\"width\":198,\"height\":190},{\"@type\":\"BreadcrumbList\",\"@id\":\"https:\/\/nbt.net.tr\/index.php\/kalite\/#breadcrumb\",\"itemListElement\":[{\"@type\":\"ListItem\",\"position\":1,\"name\":\"Anasayfa\",\"item\":\"https:\/\/nbt.net.tr\/\"},{\"@type\":\"ListItem\",\"position\":2,\"name\":\"Kalite Politikam\u0131z\"}]},{\"@type\":\"WebSite\",\"@id\":\"https:\/\/nbt.net.tr\/#website\",\"url\":\"https:\/\/nbt.net.tr\/\",\"name\":\"NBT\",\"description\":\"Dan\u0131\u015fmanl\u0131k Destek Teknoloji\",\"potentialAction\":[{\"@type\":\"SearchAction\",\"target\":{\"@type\":\"EntryPoint\",\"urlTemplate\":\"https:\/\/nbt.net.tr\/?s={search_term_string}\"},\"query-input\":{\"@type\":\"PropertyValueSpecification\",\"valueRequired\":true,\"valueName\":\"search_term_string\"}}],\"inLanguage\":\"tr\"}]}<\/script>\n<!-- \/ Yoast SEO plugin. -->","yoast_head_json":{"title":"Kalite Politikam\u0131z - NBT","robots":{"index":"index","follow":"follow","max-snippet":"max-snippet:-1","max-image-preview":"max-image-preview:large","max-video-preview":"max-video-preview:-1"},"canonical":"https:\/\/nbt.net.tr\/index.php\/kalite\/","og_locale":"tr_TR","og_type":"article","og_title":"Kalite Politikam\u0131z - NBT","og_description":"Kalite Politikam\u0131z ihtiya\u00e7lar\u0131 saptama M\u00fc\u015fterilerimizin ihtiya\u00e7lar\u0131n\u0131 g\u00f6z \u00f6n\u00fcnde bulundurarak, teknolojinin \u0131\u015f\u0131\u011f\u0131nda kaliteli ve g\u00fcvenilir yaz\u0131l\u0131mlar\u0131 tespit ediyor ve \/ veya geli\u015ftiriyor ve hizmet veriyoruz . \u00c7al\u0131\u015fan E\u011fitimleri \u00c7al\u0131\u015fma Arkada\u015flar\u0131m\u0131z\u0131n lisansl\u0131 kurs e\u011fitimlerini finansal olarak destekliyoruz. \u00c7al\u0131\u015fma Ko\u015fullar\u0131 ve Hizmet Kalitemiz NBT Ailesi olarak \u00e7al\u0131\u015fma ortam\u0131m\u0131z\u0131 m\u00fc\u015fteri istek ve taleplerinin maximumda kar\u015f\u0131layacak \u015fekilde dizayn ediyor ve [&hellip;]","og_url":"https:\/\/nbt.net.tr\/index.php\/kalite\/","og_site_name":"NBT","article_modified_time":"2021-03-08T21:23:20+00:00","og_image":[{"url":"https:\/\/nbt.net.tr\/wp-content\/uploads\/2021\/02\/Fill-1.png","type":"","width":"","height":""}],"twitter_card":"summary_large_image","twitter_misc":{"Tahmini okuma s\u00fcresi":"2 dakika"},"schema":{"@context":"https:\/\/schema.org","@graph":[{"@type":"WebPage","@id":"https:\/\/nbt.net.tr\/index.php\/kalite\/","url":"https:\/\/nbt.net.tr\/index.php\/kalite\/","name":"Kalite Politikam\u0131z - NBT","isPartOf":{"@id":"https:\/\/nbt.net.tr\/#website"},"primaryImageOfPage":{"@id":"https:\/\/nbt.net.tr\/index.php\/kalite\/#primaryimage"},"image":{"@id":"https:\/\/nbt.net.tr\/index.php\/kalite\/#primaryimage"},"thumbnailUrl":"https:\/\/nbt.net.tr\/wp-content\/uploads\/2021\/02\/Fill-1.png","datePublished":"2021-03-03T07:31:21+00:00","dateModified":"2021-03-08T21:23:20+00:00","breadcrumb":{"@id":"https:\/\/nbt.net.tr\/index.php\/kalite\/#breadcrumb"},"inLanguage":"tr","potentialAction":[{"@type":"ReadAction","target":["https:\/\/nbt.net.tr\/index.php\/kalite\/"]}]},{"@type":"ImageObject","inLanguage":"tr","@id":"https:\/\/nbt.net.tr\/index.php\/kalite\/#primaryimage","url":"https:\/\/nbt.net.tr\/wp-content\/uploads\/2021\/02\/Fill-1.png","contentUrl":"https:\/\/nbt.net.tr\/wp-content\/uploads\/2021\/02\/Fill-1.png","width":198,"height":190},{"@type":"BreadcrumbList","@id":"https:\/\/nbt.net.tr\/index.php\/kalite\/#breadcrumb","itemListElement":[{"@type":"ListItem","position":1,"name":"Anasayfa","item":"https:\/\/nbt.net.tr\/"},{"@type":"ListItem","position":2,"name":"Kalite Politikam\u0131z"}]},{"@type":"WebSite","@id":"https:\/\/nbt.net.tr\/#website","url":"https:\/\/nbt.net.tr\/","name":"NBT","description":"Dan\u0131\u015fmanl\u0131k Destek Teknoloji","potentialAction":[{"@type":"SearchAction","target":{"@type":"EntryPoint","urlTemplate":"https:\/\/nbt.net.tr\/?s={search_term_string}"},"query-input":{"@type":"PropertyValueSpecification","valueRequired":true,"valueName":"search_term_string"}}],"inLanguage":"tr"}]}},"_links":{"self":[{"href":"https:\/\/nbt.net.tr\/index.php\/wp-json\/wp\/v2\/pages\/4727"}],"collection":[{"href":"https:\/\/nbt.net.tr\/index.php\/wp-json\/wp\/v2\/pages"}],"about":[{"href":"https:\/\/nbt.net.tr\/index.php\/wp-json\/wp\/v2\/types\/page"}],"author":[{"embeddable":true,"href":"https:\/\/nbt.net.tr\/index.php\/wp-json\/wp\/v2\/users\/1"}],"replies":[{"embeddable":true,"href":"https:\/\/nbt.net.tr\/index.php\/wp-json\/wp\/v2\/comments?post=4727"}],"version-history":[{"count":16,"href":"https:\/\/nbt.net.tr\/index.php\/wp-json\/wp\/v2\/pages\/4727\/revisions"}],"predecessor-version":[{"id":5012,"href":"https:\/\/nbt.net.tr\/index.php\/wp-json\/wp\/v2\/pages\/4727\/revisions\/5012"}],"wp:attachment":[{"href":"https:\/\/nbt.net.tr\/index.php\/wp-json\/wp\/v2\/media?parent=4727"}],"curies":[{"name":"wp","href":"https:\/\/api.w.org\/{rel}","templated":true}]}}