{"id":4731,"date":"2021-03-03T10:33:51","date_gmt":"2021-03-03T07:33:51","guid":{"rendered":"https:\/\/nbt.net.tr\/?page_id=4731"},"modified":"2021-03-09T22:32:16","modified_gmt":"2021-03-09T19:32:16","slug":"sosyal","status":"publish","type":"page","link":"https:\/\/nbt.net.tr\/index.php\/sosyal\/","title":{"rendered":"Sosyal Sorumluluk"},"content":{"rendered":"\t\t<div data-elementor-type=\"wp-page\" data-elementor-id=\"4731\" class=\"elementor elementor-4731\">\n\t\t\t\t\t\t<section class=\"elementor-section elementor-top-section elementor-element elementor-element-ed957ae ot-traditional elementor-section-boxed elementor-section-height-default elementor-section-height-default\" data-id=\"ed957ae\" data-element_type=\"section\" data-e-type=\"section\">\n\t\t\t\t\t\t<div class=\"elementor-container elementor-column-gap-default\">\n\t\t\t\t\t<div class=\"elementor-column elementor-col-100 elementor-top-column elementor-element elementor-element-b31cdb9 ot-flex-column-vertical\" data-id=\"b31cdb9\" data-element_type=\"column\" data-e-type=\"column\">\n\t\t\t<div class=\"elementor-widget-wrap elementor-element-populated\">\n\t\t\t\t\t\t<div class=\"elementor-element elementor-element-637b3c1 elementor-widget elementor-widget-spacer\" data-id=\"637b3c1\" data-element_type=\"widget\" data-e-type=\"widget\" data-widget_type=\"spacer.default\">\n\t\t\t\t<div class=\"elementor-widget-container\">\n\t\t\t\t\t\t\t<div class=\"elementor-spacer\">\n\t\t\t<div class=\"elementor-spacer-inner\"><\/div>\n\t\t<\/div>\n\t\t\t\t\t\t<\/div>\n\t\t\t\t<\/div>\n\t\t\t\t<section class=\"elementor-section elementor-inner-section elementor-element elementor-element-8fc3965 ot-traditional elementor-section-boxed elementor-section-height-default elementor-section-height-default\" data-id=\"8fc3965\" data-element_type=\"section\" data-e-type=\"section\">\n\t\t\t\t\t\t<div class=\"elementor-container elementor-column-gap-default\">\n\t\t\t\t\t<div class=\"elementor-column elementor-col-50 elementor-inner-column elementor-element elementor-element-acddf89 ot-flex-column-vertical\" data-id=\"acddf89\" data-element_type=\"column\" data-e-type=\"column\">\n\t\t\t<div class=\"elementor-widget-wrap elementor-element-populated\">\n\t\t\t\t\t\t<div class=\"elementor-element elementor-element-e47ffe1 elementor-widget elementor-widget-heading\" data-id=\"e47ffe1\" data-element_type=\"widget\" data-e-type=\"widget\" data-widget_type=\"heading.default\">\n\t\t\t\t<div class=\"elementor-widget-container\">\n\t\t\t\t\t<h2 class=\"elementor-heading-title elementor-size-default\">Sosyal Sorumluluk<\/h2>\t\t\t\t<\/div>\n\t\t\t\t<\/div>\n\t\t\t\t\t<\/div>\n\t\t<\/div>\n\t\t\t\t<div class=\"elementor-column elementor-col-50 elementor-inner-column elementor-element elementor-element-b7bd729 ot-flex-column-vertical\" data-id=\"b7bd729\" data-element_type=\"column\" data-e-type=\"column\">\n\t\t\t<div class=\"elementor-widget-wrap elementor-element-populated\">\n\t\t\t\t\t\t<div class=\"elementor-element elementor-element-bd5fbbc elementor-widget elementor-widget-image\" data-id=\"bd5fbbc\" data-element_type=\"widget\" data-e-type=\"widget\" data-widget_type=\"image.default\">\n\t\t\t\t<div class=\"elementor-widget-container\">\n\t\t\t\t\t\t\t\t\t\t\t\t\t\t\t<img decoding=\"async\" width=\"155\" height=\"140\" src=\"https:\/\/nbt.net.tr\/wp-content\/uploads\/2021\/02\/Oval.png\" class=\"attachment-large size-large wp-image-4258\" alt=\"\" \/>\t\t\t\t\t\t\t\t\t\t\t\t\t\t\t<\/div>\n\t\t\t\t<\/div>\n\t\t\t\t\t<\/div>\n\t\t<\/div>\n\t\t\t\t\t<\/div>\n\t\t<\/section>\n\t\t\t\t<div class=\"elementor-element elementor-element-5c701b5 elementor-widget elementor-widget-spacer\" data-id=\"5c701b5\" data-element_type=\"widget\" data-e-type=\"widget\" data-widget_type=\"spacer.default\">\n\t\t\t\t<div class=\"elementor-widget-container\">\n\t\t\t\t\t\t\t<div class=\"elementor-spacer\">\n\t\t\t<div class=\"elementor-spacer-inner\"><\/div>\n\t\t<\/div>\n\t\t\t\t\t\t<\/div>\n\t\t\t\t<\/div>\n\t\t\t\t<div class=\"elementor-element elementor-element-9a3c554 elementor-widget elementor-widget-testimonial-carousel\" data-id=\"9a3c554\" data-element_type=\"widget\" data-e-type=\"widget\" data-widget_type=\"testimonial-carousel.default\">\n\t\t\t\t<div class=\"elementor-widget-container\">\n\t\t\t\t\t \t\t\t\t<\/div>\n\t\t\t\t<\/div>\n\t\t\t\t\t<\/div>\n\t\t<\/div>\n\t\t\t\t\t<\/div>\n\t\t<\/section>\n\t\t\t\t<\/div>\n\t\t","protected":false},"excerpt":{"rendered":"<p>Sosyal Sorumluluk \u00fcniversitede okuyan, gelece\u011fimizin parlak gen\u00e7leri i\u00e7in staj &#8211; e\u011fitim imkan\u0131 sunuyoruz. Start-up firmalara \u00fccretsiz dan\u0131\u015fmanl\u0131k vererek sekt\u00f6rde yer edinmelerini sa\u011fl\u0131yoruz. Yerli Yaz\u0131l\u0131m\u0131 destekliyor, a\u00e7\u0131k kaynak yaz\u0131l\u0131mlara ve yaz\u0131l\u0131mc\u0131lara sekt\u00f6rde \u00f6ncelik verilmesi i\u00e7in \u00e7al\u0131\u015f\u0131yoruz. Previous Next<\/p>\n","protected":false},"author":1,"featured_media":0,"parent":0,"menu_order":0,"comment_status":"closed","ping_status":"closed","template":"","meta":{"footnotes":""},"class_list":["post-4731","page","type-page","status-publish","hentry"],"yoast_head":"<!-- This site is optimized with the Yoast SEO plugin v25.6 - https:\/\/yoast.com\/wordpress\/plugins\/seo\/ -->\n<title>Sosyal Sorumluluk - NBT<\/title>\n<meta name=\"robots\" content=\"index, follow, max-snippet:-1, max-image-preview:large, max-video-preview:-1\" \/>\n<link rel=\"canonical\" href=\"https:\/\/nbt.net.tr\/index.php\/sosyal\/\" \/>\n<meta property=\"og:locale\" content=\"tr_TR\" \/>\n<meta property=\"og:type\" content=\"article\" \/>\n<meta property=\"og:title\" content=\"Sosyal Sorumluluk - NBT\" \/>\n<meta property=\"og:description\" content=\"Sosyal Sorumluluk \u00fcniversitede okuyan, gelece\u011fimizin parlak gen\u00e7leri i\u00e7in staj &#8211; e\u011fitim imkan\u0131 sunuyoruz. Start-up firmalara \u00fccretsiz dan\u0131\u015fmanl\u0131k vererek sekt\u00f6rde yer edinmelerini sa\u011fl\u0131yoruz. Yerli Yaz\u0131l\u0131m\u0131 destekliyor, a\u00e7\u0131k kaynak yaz\u0131l\u0131mlara ve yaz\u0131l\u0131mc\u0131lara sekt\u00f6rde \u00f6ncelik verilmesi i\u00e7in \u00e7al\u0131\u015f\u0131yoruz. Previous Next\" \/>\n<meta property=\"og:url\" content=\"https:\/\/nbt.net.tr\/index.php\/sosyal\/\" \/>\n<meta property=\"og:site_name\" content=\"NBT\" \/>\n<meta property=\"article:modified_time\" content=\"2021-03-09T19:32:16+00:00\" \/>\n<meta property=\"og:image\" content=\"https:\/\/nbt.net.tr\/wp-content\/uploads\/2021\/02\/Oval.png\" \/>\n<meta name=\"twitter:card\" content=\"summary_large_image\" \/>\n<meta name=\"twitter:label1\" content=\"Tahmini okuma s\u00fcresi\" \/>\n\t<meta name=\"twitter:data1\" content=\"2 dakika\" \/>\n<script type=\"application\/ld+json\" class=\"yoast-schema-graph\">{\"@context\":\"https:\/\/schema.org\",\"@graph\":[{\"@type\":\"WebPage\",\"@id\":\"https:\/\/nbt.net.tr\/index.php\/sosyal\/\",\"url\":\"https:\/\/nbt.net.tr\/index.php\/sosyal\/\",\"name\":\"Sosyal Sorumluluk - NBT\",\"isPartOf\":{\"@id\":\"https:\/\/nbt.net.tr\/#website\"},\"primaryImageOfPage\":{\"@id\":\"https:\/\/nbt.net.tr\/index.php\/sosyal\/#primaryimage\"},\"image\":{\"@id\":\"https:\/\/nbt.net.tr\/index.php\/sosyal\/#primaryimage\"},\"thumbnailUrl\":\"https:\/\/nbt.net.tr\/wp-content\/uploads\/2021\/02\/Oval.png\",\"datePublished\":\"2021-03-03T07:33:51+00:00\",\"dateModified\":\"2021-03-09T19:32:16+00:00\",\"breadcrumb\":{\"@id\":\"https:\/\/nbt.net.tr\/index.php\/sosyal\/#breadcrumb\"},\"inLanguage\":\"tr\",\"potentialAction\":[{\"@type\":\"ReadAction\",\"target\":[\"https:\/\/nbt.net.tr\/index.php\/sosyal\/\"]}]},{\"@type\":\"ImageObject\",\"inLanguage\":\"tr\",\"@id\":\"https:\/\/nbt.net.tr\/index.php\/sosyal\/#primaryimage\",\"url\":\"https:\/\/nbt.net.tr\/wp-content\/uploads\/2021\/02\/Oval.png\",\"contentUrl\":\"https:\/\/nbt.net.tr\/wp-content\/uploads\/2021\/02\/Oval.png\",\"width\":155,\"height\":140},{\"@type\":\"BreadcrumbList\",\"@id\":\"https:\/\/nbt.net.tr\/index.php\/sosyal\/#breadcrumb\",\"itemListElement\":[{\"@type\":\"ListItem\",\"position\":1,\"name\":\"Anasayfa\",\"item\":\"https:\/\/nbt.net.tr\/\"},{\"@type\":\"ListItem\",\"position\":2,\"name\":\"Sosyal Sorumluluk\"}]},{\"@type\":\"WebSite\",\"@id\":\"https:\/\/nbt.net.tr\/#website\",\"url\":\"https:\/\/nbt.net.tr\/\",\"name\":\"NBT\",\"description\":\"Dan\u0131\u015fmanl\u0131k Destek Teknoloji\",\"potentialAction\":[{\"@type\":\"SearchAction\",\"target\":{\"@type\":\"EntryPoint\",\"urlTemplate\":\"https:\/\/nbt.net.tr\/?s={search_term_string}\"},\"query-input\":{\"@type\":\"PropertyValueSpecification\",\"valueRequired\":true,\"valueName\":\"search_term_string\"}}],\"inLanguage\":\"tr\"}]}<\/script>\n<!-- \/ Yoast SEO plugin. -->","yoast_head_json":{"title":"Sosyal Sorumluluk - NBT","robots":{"index":"index","follow":"follow","max-snippet":"max-snippet:-1","max-image-preview":"max-image-preview:large","max-video-preview":"max-video-preview:-1"},"canonical":"https:\/\/nbt.net.tr\/index.php\/sosyal\/","og_locale":"tr_TR","og_type":"article","og_title":"Sosyal Sorumluluk - NBT","og_description":"Sosyal Sorumluluk \u00fcniversitede okuyan, gelece\u011fimizin parlak gen\u00e7leri i\u00e7in staj &#8211; e\u011fitim imkan\u0131 sunuyoruz. Start-up firmalara \u00fccretsiz dan\u0131\u015fmanl\u0131k vererek sekt\u00f6rde yer edinmelerini sa\u011fl\u0131yoruz. Yerli Yaz\u0131l\u0131m\u0131 destekliyor, a\u00e7\u0131k kaynak yaz\u0131l\u0131mlara ve yaz\u0131l\u0131mc\u0131lara sekt\u00f6rde \u00f6ncelik verilmesi i\u00e7in \u00e7al\u0131\u015f\u0131yoruz. Previous Next","og_url":"https:\/\/nbt.net.tr\/index.php\/sosyal\/","og_site_name":"NBT","article_modified_time":"2021-03-09T19:32:16+00:00","og_image":[{"url":"https:\/\/nbt.net.tr\/wp-content\/uploads\/2021\/02\/Oval.png","type":"","width":"","height":""}],"twitter_card":"summary_large_image","twitter_misc":{"Tahmini okuma s\u00fcresi":"2 dakika"},"schema":{"@context":"https:\/\/schema.org","@graph":[{"@type":"WebPage","@id":"https:\/\/nbt.net.tr\/index.php\/sosyal\/","url":"https:\/\/nbt.net.tr\/index.php\/sosyal\/","name":"Sosyal Sorumluluk - NBT","isPartOf":{"@id":"https:\/\/nbt.net.tr\/#website"},"primaryImageOfPage":{"@id":"https:\/\/nbt.net.tr\/index.php\/sosyal\/#primaryimage"},"image":{"@id":"https:\/\/nbt.net.tr\/index.php\/sosyal\/#primaryimage"},"thumbnailUrl":"https:\/\/nbt.net.tr\/wp-content\/uploads\/2021\/02\/Oval.png","datePublished":"2021-03-03T07:33:51+00:00","dateModified":"2021-03-09T19:32:16+00:00","breadcrumb":{"@id":"https:\/\/nbt.net.tr\/index.php\/sosyal\/#breadcrumb"},"inLanguage":"tr","potentialAction":[{"@type":"ReadAction","target":["https:\/\/nbt.net.tr\/index.php\/sosyal\/"]}]},{"@type":"ImageObject","inLanguage":"tr","@id":"https:\/\/nbt.net.tr\/index.php\/sosyal\/#primaryimage","url":"https:\/\/nbt.net.tr\/wp-content\/uploads\/2021\/02\/Oval.png","contentUrl":"https:\/\/nbt.net.tr\/wp-content\/uploads\/2021\/02\/Oval.png","width":155,"height":140},{"@type":"BreadcrumbList","@id":"https:\/\/nbt.net.tr\/index.php\/sosyal\/#breadcrumb","itemListElement":[{"@type":"ListItem","position":1,"name":"Anasayfa","item":"https:\/\/nbt.net.tr\/"},{"@type":"ListItem","position":2,"name":"Sosyal Sorumluluk"}]},{"@type":"WebSite","@id":"https:\/\/nbt.net.tr\/#website","url":"https:\/\/nbt.net.tr\/","name":"NBT","description":"Dan\u0131\u015fmanl\u0131k Destek Teknoloji","potentialAction":[{"@type":"SearchAction","target":{"@type":"EntryPoint","urlTemplate":"https:\/\/nbt.net.tr\/?s={search_term_string}"},"query-input":{"@type":"PropertyValueSpecification","valueRequired":true,"valueName":"search_term_string"}}],"inLanguage":"tr"}]}},"_links":{"self":[{"href":"https:\/\/nbt.net.tr\/index.php\/wp-json\/wp\/v2\/pages\/4731"}],"collection":[{"href":"https:\/\/nbt.net.tr\/index.php\/wp-json\/wp\/v2\/pages"}],"about":[{"href":"https:\/\/nbt.net.tr\/index.php\/wp-json\/wp\/v2\/types\/page"}],"author":[{"embeddable":true,"href":"https:\/\/nbt.net.tr\/index.php\/wp-json\/wp\/v2\/users\/1"}],"replies":[{"embeddable":true,"href":"https:\/\/nbt.net.tr\/index.php\/wp-json\/wp\/v2\/comments?post=4731"}],"version-history":[{"count":13,"href":"https:\/\/nbt.net.tr\/index.php\/wp-json\/wp\/v2\/pages\/4731\/revisions"}],"predecessor-version":[{"id":5026,"href":"https:\/\/nbt.net.tr\/index.php\/wp-json\/wp\/v2\/pages\/4731\/revisions\/5026"}],"wp:attachment":[{"href":"https:\/\/nbt.net.tr\/index.php\/wp-json\/wp\/v2\/media?parent=4731"}],"curies":[{"name":"wp","href":"https:\/\/api.w.org\/{rel}","templated":true}]}}