{"id":5029,"date":"2021-03-09T23:25:29","date_gmt":"2021-03-09T20:25:29","guid":{"rendered":"https:\/\/nbt.net.tr\/?page_id=5029"},"modified":"2021-03-14T22:20:23","modified_gmt":"2021-03-14T19:20:23","slug":"nbackup-nbt-yedekleme-hizmeti","status":"publish","type":"page","link":"https:\/\/nbt.net.tr\/index.php\/nbackup-nbt-yedekleme-hizmeti\/","title":{"rendered":"Buluta Yedekleme"},"content":{"rendered":"\t\t<div data-elementor-type=\"wp-page\" data-elementor-id=\"5029\" class=\"elementor elementor-5029\">\n\t\t\t\t\t\t<section class=\"elementor-section elementor-top-section elementor-element elementor-element-ca7eb00 ot-traditional elementor-section-boxed elementor-section-height-default elementor-section-height-default\" data-id=\"ca7eb00\" data-element_type=\"section\" data-e-type=\"section\" data-settings=\"{&quot;background_background&quot;:&quot;classic&quot;}\">\n\t\t\t\t\t\t\t<div class=\"elementor-background-overlay\"><\/div>\n\t\t\t\t\t\t\t<div class=\"elementor-container elementor-column-gap-default\">\n\t\t\t\t\t<div class=\"elementor-column elementor-col-100 elementor-top-column elementor-element elementor-element-3e9b4e3 ot-flex-column-vertical\" data-id=\"3e9b4e3\" data-element_type=\"column\" data-e-type=\"column\">\n\t\t\t<div class=\"elementor-widget-wrap elementor-element-populated\">\n\t\t\t\t\t\t<div class=\"elementor-element elementor-element-1a38192 elementor-widget elementor-widget-spacer\" data-id=\"1a38192\" data-element_type=\"widget\" data-e-type=\"widget\" data-widget_type=\"spacer.default\">\n\t\t\t\t<div class=\"elementor-widget-container\">\n\t\t\t\t\t\t\t<div class=\"elementor-spacer\">\n\t\t\t<div class=\"elementor-spacer-inner\"><\/div>\n\t\t<\/div>\n\t\t\t\t\t\t<\/div>\n\t\t\t\t<\/div>\n\t\t\t\t<section class=\"elementor-section elementor-inner-section elementor-element elementor-element-400460b ot-traditional elementor-section-boxed elementor-section-height-default elementor-section-height-default\" data-id=\"400460b\" data-element_type=\"section\" data-e-type=\"section\">\n\t\t\t\t\t\t<div class=\"elementor-container elementor-column-gap-default\">\n\t\t\t\t\t<div class=\"elementor-column elementor-col-50 elementor-inner-column elementor-element elementor-element-1f2767d ot-flex-column-vertical\" data-id=\"1f2767d\" data-element_type=\"column\" data-e-type=\"column\">\n\t\t\t<div class=\"elementor-widget-wrap elementor-element-populated\">\n\t\t\t\t\t\t<div class=\"elementor-element elementor-element-09c095b elementor-widget elementor-widget-heading\" data-id=\"09c095b\" data-element_type=\"widget\" data-e-type=\"widget\" data-widget_type=\"heading.default\">\n\t\t\t\t<div class=\"elementor-widget-container\">\n\t\t\t\t\t<h2 class=\"elementor-heading-title elementor-size-default\">Buluta Yedekleme<\/h2>\t\t\t\t<\/div>\n\t\t\t\t<\/div>\n\t\t\t\t\t<\/div>\n\t\t<\/div>\n\t\t\t\t<div class=\"elementor-column elementor-col-50 elementor-inner-column elementor-element elementor-element-4601b7e ot-flex-column-vertical\" data-id=\"4601b7e\" data-element_type=\"column\" data-e-type=\"column\">\n\t\t\t<div class=\"elementor-widget-wrap elementor-element-populated\">\n\t\t\t\t\t\t<div class=\"elementor-element elementor-element-8770150 elementor-widget elementor-widget-image\" data-id=\"8770150\" data-element_type=\"widget\" data-e-type=\"widget\" data-widget_type=\"image.default\">\n\t\t\t\t<div class=\"elementor-widget-container\">\n\t\t\t\t\t\t\t\t\t\t\t\t\t\t\t<img fetchpriority=\"high\" decoding=\"async\" width=\"724\" height=\"663\" src=\"https:\/\/nbt.net.tr\/wp-content\/uploads\/2021\/02\/Shape.png\" class=\"attachment-large size-large wp-image-4261\" alt=\"\" srcset=\"https:\/\/nbt.net.tr\/wp-content\/uploads\/2021\/02\/Shape.png 724w, https:\/\/nbt.net.tr\/wp-content\/uploads\/2021\/02\/Shape-300x275.png 300w, https:\/\/nbt.net.tr\/wp-content\/uploads\/2021\/02\/Shape-720x659.png 720w, https:\/\/nbt.net.tr\/wp-content\/uploads\/2021\/02\/Shape-600x549.png 600w\" sizes=\"(max-width: 724px) 100vw, 724px\" \/>\t\t\t\t\t\t\t\t\t\t\t\t\t\t\t<\/div>\n\t\t\t\t<\/div>\n\t\t\t\t\t<\/div>\n\t\t<\/div>\n\t\t\t\t\t<\/div>\n\t\t<\/section>\n\t\t\t\t<div class=\"elementor-element elementor-element-d5eb21e elementor-widget elementor-widget-text-editor\" data-id=\"d5eb21e\" data-element_type=\"widget\" data-e-type=\"widget\" data-widget_type=\"text-editor.default\">\n\t\t\t\t<div class=\"elementor-widget-container\">\n\t\t\t\t\t\t\t\t\t<h4>Firman\u0131za \u00f6zel yedekleme \u00e7\u00f6z\u00fcmlerimiz ile art\u0131k verileriniz daha g\u00fcvenli.<\/h4>\t\t\t\t\t\t\t\t<\/div>\n\t\t\t\t<\/div>\n\t\t\t\t<div class=\"elementor-element elementor-element-16d9970 elementor-widget elementor-widget-spacer\" data-id=\"16d9970\" data-element_type=\"widget\" data-e-type=\"widget\" data-widget_type=\"spacer.default\">\n\t\t\t\t<div class=\"elementor-widget-container\">\n\t\t\t\t\t\t\t<div class=\"elementor-spacer\">\n\t\t\t<div class=\"elementor-spacer-inner\"><\/div>\n\t\t<\/div>\n\t\t\t\t\t\t<\/div>\n\t\t\t\t<\/div>\n\t\t\t\t<section class=\"elementor-section elementor-inner-section elementor-element elementor-element-d89a90b ot-traditional elementor-section-boxed elementor-section-height-default elementor-section-height-default\" data-id=\"d89a90b\" data-element_type=\"section\" data-e-type=\"section\">\n\t\t\t\t\t\t<div class=\"elementor-container elementor-column-gap-default\">\n\t\t\t\t\t<div class=\"elementor-column elementor-col-50 elementor-inner-column elementor-element elementor-element-2bef33c ot-flex-column-vertical\" data-id=\"2bef33c\" data-element_type=\"column\" data-e-type=\"column\">\n\t\t\t<div class=\"elementor-widget-wrap elementor-element-populated\">\n\t\t\t\t\t\t<div class=\"elementor-element elementor-element-101c7df elementor-widget elementor-widget-iserv_box\" data-id=\"101c7df\" data-element_type=\"widget\" data-e-type=\"widget\" data-widget_type=\"iserv_box.default\">\n\t\t\t\t<div class=\"elementor-widget-container\">\n\t\t\t\t\t\r\n\t\t<div class=\"serv-box s1 elementor-animation-\">\r\n\t\t\t\t\t\t<div class=\"icon-main\">\r\n\t\t        <i aria-hidden=\"true\" class=\"fas fa-server\"><\/i>\t\t\t    \t\t        \t        <\/div>\r\n\t        <div class=\"content-box\">\r\n\t            <h5>FTP e Yedekleme<\/h5>\r\n\t            <div>Var olan dosyalar\u0131n\u0131z\u0131 yedekler, \u0130stedi\u011finiz zaman dosylar\u0131n\u0131za ula\u015fabilirisiniz.<\/div>\t        <\/div>\r\n\t    <\/div>\r\n\r\n\t    \t\t\t\t<\/div>\n\t\t\t\t<\/div>\n\t\t\t\t\t<\/div>\n\t\t<\/div>\n\t\t\t\t<div class=\"elementor-column elementor-col-50 elementor-inner-column elementor-element elementor-element-34c71c6 ot-flex-column-vertical\" data-id=\"34c71c6\" data-element_type=\"column\" data-e-type=\"column\">\n\t\t\t<div class=\"elementor-widget-wrap elementor-element-populated\">\n\t\t\t\t\t\t<div class=\"elementor-element elementor-element-b8a0e60 elementor-widget elementor-widget-iserv_box\" data-id=\"b8a0e60\" data-element_type=\"widget\" data-e-type=\"widget\" data-widget_type=\"iserv_box.default\">\n\t\t\t\t<div class=\"elementor-widget-container\">\n\t\t\t\t\t\r\n\t\t<div class=\"serv-box s1 elementor-animation-\">\r\n\t\t\t\t\t\t<div class=\"icon-main\">\r\n\t\t        <i aria-hidden=\"true\" class=\"far fa-clone\"><\/i>\t\t\t    \t\t        \t        <\/div>\r\n\t        <div class=\"content-box\">\r\n\t            <h5>Web Bazl\u0131 Yedekleme<\/h5>\r\n\t            <div>Dosyalar\u0131n\u0131z\u0131 versiyon bazl\u0131 yedekler ve web panelden kontrol edebilirisiniz.<\/div>\t        <\/div>\r\n\t    <\/div>\r\n\r\n\t    \t\t\t\t<\/div>\n\t\t\t\t<\/div>\n\t\t\t\t\t<\/div>\n\t\t<\/div>\n\t\t\t\t\t<\/div>\n\t\t<\/section>\n\t\t\t\t<div class=\"elementor-element elementor-element-b318056 elementor-widget elementor-widget-spacer\" data-id=\"b318056\" data-element_type=\"widget\" data-e-type=\"widget\" data-widget_type=\"spacer.default\">\n\t\t\t\t<div class=\"elementor-widget-container\">\n\t\t\t\t\t\t\t<div class=\"elementor-spacer\">\n\t\t\t<div class=\"elementor-spacer-inner\"><\/div>\n\t\t<\/div>\n\t\t\t\t\t\t<\/div>\n\t\t\t\t<\/div>\n\t\t\t\t<section class=\"elementor-section elementor-inner-section elementor-element elementor-element-d3ffeb0 ot-traditional elementor-section-boxed elementor-section-height-default elementor-section-height-default\" data-id=\"d3ffeb0\" data-element_type=\"section\" data-e-type=\"section\">\n\t\t\t\t\t\t<div class=\"elementor-container elementor-column-gap-default\">\n\t\t\t\t\t<div class=\"elementor-column elementor-col-50 elementor-inner-column elementor-element elementor-element-9c39a54 ot-flex-column-vertical\" data-id=\"9c39a54\" data-element_type=\"column\" data-e-type=\"column\">\n\t\t\t<div class=\"elementor-widget-wrap elementor-element-populated\">\n\t\t\t\t\t\t<div class=\"elementor-element elementor-element-a899050 elementor-widget elementor-widget-iserv_box\" data-id=\"a899050\" data-element_type=\"widget\" data-e-type=\"widget\" data-widget_type=\"iserv_box.default\">\n\t\t\t\t<div class=\"elementor-widget-container\">\n\t\t\t\t\t\r\n\t\t<div class=\"serv-box s1 elementor-animation-\">\r\n\t\t\t\t\t\t<div class=\"icon-main\">\r\n\t\t        <i aria-hidden=\"true\" class=\"fas fa-cloud-download-alt\"><\/i>\t\t\t    \t\t        \t        <\/div>\r\n\t        <div class=\"content-box\">\r\n\t            <h5>\u00c7oklu pc den yedekleme<\/h5>\r\n\t            <div>Ofisteki t\u00fcm pc lerinizin \u00f6zel dosya, outlook, mysql gibi dosylar\u0131n\u0131z\u0131 yedekliyoruz.<\/div>\t        <\/div>\r\n\t    <\/div>\r\n\r\n\t    \t\t\t\t<\/div>\n\t\t\t\t<\/div>\n\t\t\t\t\t<\/div>\n\t\t<\/div>\n\t\t\t\t<div class=\"elementor-column elementor-col-50 elementor-inner-column elementor-element elementor-element-ec12052 ot-flex-column-vertical\" data-id=\"ec12052\" data-element_type=\"column\" data-e-type=\"column\">\n\t\t\t<div class=\"elementor-widget-wrap elementor-element-populated\">\n\t\t\t\t\t\t<div class=\"elementor-element elementor-element-c1f291c elementor-widget elementor-widget-iserv_box\" data-id=\"c1f291c\" data-element_type=\"widget\" data-e-type=\"widget\" data-widget_type=\"iserv_box.default\">\n\t\t\t\t<div class=\"elementor-widget-container\">\n\t\t\t\t\t\r\n\t\t<div class=\"serv-box s1 elementor-animation-\">\r\n\t\t\t\t\t\t<div class=\"icon-main\">\r\n\t\t        <i aria-hidden=\"true\" class=\"far fa-copy\"><\/i>\t\t\t    \t\t        \t        <\/div>\r\n\t        <div class=\"content-box\">\r\n\t            <h5>\u0130maj Bazl\u0131 Yedekleme<\/h5>\r\n\t            <div>Sunucunuzu imaj olarak, full veya incremental versiyon olarak yedekleme<\/div>\t        <\/div>\r\n\t    <\/div>\r\n\r\n\t    \t\t\t\t<\/div>\n\t\t\t\t<\/div>\n\t\t\t\t\t<\/div>\n\t\t<\/div>\n\t\t\t\t\t<\/div>\n\t\t<\/section>\n\t\t\t\t<div class=\"elementor-element elementor-element-5ac5a63 elementor-widget elementor-widget-spacer\" data-id=\"5ac5a63\" data-element_type=\"widget\" data-e-type=\"widget\" data-widget_type=\"spacer.default\">\n\t\t\t\t<div class=\"elementor-widget-container\">\n\t\t\t\t\t\t\t<div class=\"elementor-spacer\">\n\t\t\t<div class=\"elementor-spacer-inner\"><\/div>\n\t\t<\/div>\n\t\t\t\t\t\t<\/div>\n\t\t\t\t<\/div>\n\t\t\t\t<div class=\"elementor-element elementor-element-38742b6 elementor-button-info elementor-align-center elementor-widget elementor-widget-button\" data-id=\"38742b6\" data-element_type=\"widget\" data-e-type=\"widget\" data-widget_type=\"button.default\">\n\t\t\t\t<div class=\"elementor-widget-container\">\n\t\t\t\t\t\t\t\t\t<div class=\"elementor-button-wrapper\">\n\t\t\t\t\t<a class=\"elementor-button elementor-button-link elementor-size-xl\" href=\"https:\/\/www.nbthost.com\/index.php\/store\/sunucu-yedekleme-Hizmeti\" target=\"_blank\">\n\t\t\t\t\t\t<span class=\"elementor-button-content-wrapper\">\n\t\t\t\t\t\t<span class=\"elementor-button-icon\">\n\t\t\t\t<i aria-hidden=\"true\" class=\"fas fa-cloud\"><\/i>\t\t\t<\/span>\n\t\t\t\t\t\t\t\t\t<span class=\"elementor-button-text\">\u00dcr\u00fcn Sayfas\u0131na G\u0130T<\/span>\n\t\t\t\t\t<\/span>\n\t\t\t\t\t<\/a>\n\t\t\t\t<\/div>\n\t\t\t\t\t\t\t\t<\/div>\n\t\t\t\t<\/div>\n\t\t\t\t<div class=\"elementor-element elementor-element-cf2b2f2 elementor-widget elementor-widget-spacer\" data-id=\"cf2b2f2\" data-element_type=\"widget\" data-e-type=\"widget\" data-widget_type=\"spacer.default\">\n\t\t\t\t<div class=\"elementor-widget-container\">\n\t\t\t\t\t\t\t<div class=\"elementor-spacer\">\n\t\t\t<div class=\"elementor-spacer-inner\"><\/div>\n\t\t<\/div>\n\t\t\t\t\t\t<\/div>\n\t\t\t\t<\/div>\n\t\t\t\t\t<\/div>\n\t\t<\/div>\n\t\t\t\t\t<\/div>\n\t\t<\/section>\n\t\t\t\t<\/div>\n\t\t","protected":false},"excerpt":{"rendered":"<p>Buluta Yedekleme Firman\u0131za \u00f6zel yedekleme \u00e7\u00f6z\u00fcmlerimiz ile art\u0131k verileriniz daha g\u00fcvenli. FTP e Yedekleme Var olan dosyalar\u0131n\u0131z\u0131 yedekler, \u0130stedi\u011finiz zaman dosylar\u0131n\u0131za ula\u015fabilirisiniz. Web Bazl\u0131 Yedekleme Dosyalar\u0131n\u0131z\u0131 versiyon bazl\u0131 yedekler ve web panelden kontrol edebilirisiniz. \u00c7oklu pc den yedekleme Ofisteki t\u00fcm pc lerinizin \u00f6zel dosya, outlook, mysql gibi dosylar\u0131n\u0131z\u0131 yedekliyoruz. \u0130maj Bazl\u0131 Yedekleme Sunucunuzu imaj olarak, [&hellip;]<\/p>\n","protected":false},"author":1,"featured_media":0,"parent":0,"menu_order":0,"comment_status":"closed","ping_status":"closed","template":"","meta":{"footnotes":""},"class_list":["post-5029","page","type-page","status-publish","hentry"],"yoast_head":"<!-- This site is optimized with the Yoast SEO plugin v25.6 - https:\/\/yoast.com\/wordpress\/plugins\/seo\/ -->\n<title>Buluta Yedekleme - nbackup NBT yedekleme hizmeti<\/title>\n<meta name=\"description\" content=\"nbackup ile verilerinizi her zaman g\u00fcvenilir bir \u015fekilde yedekleyin, geri y\u00fckleyin, g\u00fcvende kal\u0131n, huzurlu kal\u0131n.\" \/>\n<meta name=\"robots\" content=\"index, follow, max-snippet:-1, max-image-preview:large, max-video-preview:-1\" \/>\n<link rel=\"canonical\" href=\"https:\/\/nbt.net.tr\/index.php\/nbackup-nbt-yedekleme-hizmeti\/\" \/>\n<meta property=\"og:locale\" content=\"tr_TR\" \/>\n<meta property=\"og:type\" content=\"article\" \/>\n<meta property=\"og:title\" content=\"Buluta Yedekleme - nbackup NBT yedekleme hizmeti\" \/>\n<meta property=\"og:description\" content=\"nbackup ile verilerinizi her zaman g\u00fcvenilir bir \u015fekilde yedekleyin, geri y\u00fckleyin, g\u00fcvende kal\u0131n, huzurlu kal\u0131n.\" \/>\n<meta property=\"og:url\" content=\"https:\/\/nbt.net.tr\/index.php\/nbackup-nbt-yedekleme-hizmeti\/\" \/>\n<meta property=\"og:site_name\" content=\"NBT\" \/>\n<meta property=\"article:modified_time\" content=\"2021-03-14T19:20:23+00:00\" \/>\n<meta property=\"og:image\" content=\"https:\/\/nbt.net.tr\/wp-content\/uploads\/2021\/02\/Shape.png\" \/>\n<meta name=\"twitter:card\" content=\"summary_large_image\" \/>\n<meta name=\"twitter:label1\" content=\"Tahmini okuma s\u00fcresi\" \/>\n\t<meta name=\"twitter:data1\" content=\"1 dakika\" \/>\n<script type=\"application\/ld+json\" class=\"yoast-schema-graph\">{\"@context\":\"https:\/\/schema.org\",\"@graph\":[{\"@type\":\"WebPage\",\"@id\":\"https:\/\/nbt.net.tr\/index.php\/nbackup-nbt-yedekleme-hizmeti\/\",\"url\":\"https:\/\/nbt.net.tr\/index.php\/nbackup-nbt-yedekleme-hizmeti\/\",\"name\":\"Buluta Yedekleme - nbackup NBT yedekleme hizmeti\",\"isPartOf\":{\"@id\":\"https:\/\/nbt.net.tr\/#website\"},\"primaryImageOfPage\":{\"@id\":\"https:\/\/nbt.net.tr\/index.php\/nbackup-nbt-yedekleme-hizmeti\/#primaryimage\"},\"image\":{\"@id\":\"https:\/\/nbt.net.tr\/index.php\/nbackup-nbt-yedekleme-hizmeti\/#primaryimage\"},\"thumbnailUrl\":\"https:\/\/nbt.net.tr\/wp-content\/uploads\/2021\/02\/Shape.png\",\"datePublished\":\"2021-03-09T20:25:29+00:00\",\"dateModified\":\"2021-03-14T19:20:23+00:00\",\"description\":\"nbackup ile verilerinizi her zaman g\u00fcvenilir bir \u015fekilde yedekleyin, geri y\u00fckleyin, g\u00fcvende kal\u0131n, huzurlu kal\u0131n.\",\"breadcrumb\":{\"@id\":\"https:\/\/nbt.net.tr\/index.php\/nbackup-nbt-yedekleme-hizmeti\/#breadcrumb\"},\"inLanguage\":\"tr\",\"potentialAction\":[{\"@type\":\"ReadAction\",\"target\":[\"https:\/\/nbt.net.tr\/index.php\/nbackup-nbt-yedekleme-hizmeti\/\"]}]},{\"@type\":\"ImageObject\",\"inLanguage\":\"tr\",\"@id\":\"https:\/\/nbt.net.tr\/index.php\/nbackup-nbt-yedekleme-hizmeti\/#primaryimage\",\"url\":\"https:\/\/nbt.net.tr\/wp-content\/uploads\/2021\/02\/Shape.png\",\"contentUrl\":\"https:\/\/nbt.net.tr\/wp-content\/uploads\/2021\/02\/Shape.png\",\"width\":724,\"height\":663},{\"@type\":\"BreadcrumbList\",\"@id\":\"https:\/\/nbt.net.tr\/index.php\/nbackup-nbt-yedekleme-hizmeti\/#breadcrumb\",\"itemListElement\":[{\"@type\":\"ListItem\",\"position\":1,\"name\":\"Anasayfa\",\"item\":\"https:\/\/nbt.net.tr\/\"},{\"@type\":\"ListItem\",\"position\":2,\"name\":\"Buluta Yedekleme\"}]},{\"@type\":\"WebSite\",\"@id\":\"https:\/\/nbt.net.tr\/#website\",\"url\":\"https:\/\/nbt.net.tr\/\",\"name\":\"NBT\",\"description\":\"Dan\u0131\u015fmanl\u0131k Destek Teknoloji\",\"potentialAction\":[{\"@type\":\"SearchAction\",\"target\":{\"@type\":\"EntryPoint\",\"urlTemplate\":\"https:\/\/nbt.net.tr\/?s={search_term_string}\"},\"query-input\":{\"@type\":\"PropertyValueSpecification\",\"valueRequired\":true,\"valueName\":\"search_term_string\"}}],\"inLanguage\":\"tr\"}]}<\/script>\n<!-- \/ Yoast SEO plugin. -->","yoast_head_json":{"title":"Buluta Yedekleme - nbackup NBT yedekleme hizmeti","description":"nbackup ile verilerinizi her zaman g\u00fcvenilir bir \u015fekilde yedekleyin, geri y\u00fckleyin, g\u00fcvende kal\u0131n, huzurlu kal\u0131n.","robots":{"index":"index","follow":"follow","max-snippet":"max-snippet:-1","max-image-preview":"max-image-preview:large","max-video-preview":"max-video-preview:-1"},"canonical":"https:\/\/nbt.net.tr\/index.php\/nbackup-nbt-yedekleme-hizmeti\/","og_locale":"tr_TR","og_type":"article","og_title":"Buluta Yedekleme - nbackup NBT yedekleme hizmeti","og_description":"nbackup ile verilerinizi her zaman g\u00fcvenilir bir \u015fekilde yedekleyin, geri y\u00fckleyin, g\u00fcvende kal\u0131n, huzurlu kal\u0131n.","og_url":"https:\/\/nbt.net.tr\/index.php\/nbackup-nbt-yedekleme-hizmeti\/","og_site_name":"NBT","article_modified_time":"2021-03-14T19:20:23+00:00","og_image":[{"url":"https:\/\/nbt.net.tr\/wp-content\/uploads\/2021\/02\/Shape.png","type":"","width":"","height":""}],"twitter_card":"summary_large_image","twitter_misc":{"Tahmini okuma s\u00fcresi":"1 dakika"},"schema":{"@context":"https:\/\/schema.org","@graph":[{"@type":"WebPage","@id":"https:\/\/nbt.net.tr\/index.php\/nbackup-nbt-yedekleme-hizmeti\/","url":"https:\/\/nbt.net.tr\/index.php\/nbackup-nbt-yedekleme-hizmeti\/","name":"Buluta Yedekleme - nbackup NBT yedekleme hizmeti","isPartOf":{"@id":"https:\/\/nbt.net.tr\/#website"},"primaryImageOfPage":{"@id":"https:\/\/nbt.net.tr\/index.php\/nbackup-nbt-yedekleme-hizmeti\/#primaryimage"},"image":{"@id":"https:\/\/nbt.net.tr\/index.php\/nbackup-nbt-yedekleme-hizmeti\/#primaryimage"},"thumbnailUrl":"https:\/\/nbt.net.tr\/wp-content\/uploads\/2021\/02\/Shape.png","datePublished":"2021-03-09T20:25:29+00:00","dateModified":"2021-03-14T19:20:23+00:00","description":"nbackup ile verilerinizi her zaman g\u00fcvenilir bir \u015fekilde yedekleyin, geri y\u00fckleyin, g\u00fcvende kal\u0131n, huzurlu kal\u0131n.","breadcrumb":{"@id":"https:\/\/nbt.net.tr\/index.php\/nbackup-nbt-yedekleme-hizmeti\/#breadcrumb"},"inLanguage":"tr","potentialAction":[{"@type":"ReadAction","target":["https:\/\/nbt.net.tr\/index.php\/nbackup-nbt-yedekleme-hizmeti\/"]}]},{"@type":"ImageObject","inLanguage":"tr","@id":"https:\/\/nbt.net.tr\/index.php\/nbackup-nbt-yedekleme-hizmeti\/#primaryimage","url":"https:\/\/nbt.net.tr\/wp-content\/uploads\/2021\/02\/Shape.png","contentUrl":"https:\/\/nbt.net.tr\/wp-content\/uploads\/2021\/02\/Shape.png","width":724,"height":663},{"@type":"BreadcrumbList","@id":"https:\/\/nbt.net.tr\/index.php\/nbackup-nbt-yedekleme-hizmeti\/#breadcrumb","itemListElement":[{"@type":"ListItem","position":1,"name":"Anasayfa","item":"https:\/\/nbt.net.tr\/"},{"@type":"ListItem","position":2,"name":"Buluta Yedekleme"}]},{"@type":"WebSite","@id":"https:\/\/nbt.net.tr\/#website","url":"https:\/\/nbt.net.tr\/","name":"NBT","description":"Dan\u0131\u015fmanl\u0131k Destek Teknoloji","potentialAction":[{"@type":"SearchAction","target":{"@type":"EntryPoint","urlTemplate":"https:\/\/nbt.net.tr\/?s={search_term_string}"},"query-input":{"@type":"PropertyValueSpecification","valueRequired":true,"valueName":"search_term_string"}}],"inLanguage":"tr"}]}},"_links":{"self":[{"href":"https:\/\/nbt.net.tr\/index.php\/wp-json\/wp\/v2\/pages\/5029"}],"collection":[{"href":"https:\/\/nbt.net.tr\/index.php\/wp-json\/wp\/v2\/pages"}],"about":[{"href":"https:\/\/nbt.net.tr\/index.php\/wp-json\/wp\/v2\/types\/page"}],"author":[{"embeddable":true,"href":"https:\/\/nbt.net.tr\/index.php\/wp-json\/wp\/v2\/users\/1"}],"replies":[{"embeddable":true,"href":"https:\/\/nbt.net.tr\/index.php\/wp-json\/wp\/v2\/comments?post=5029"}],"version-history":[{"count":21,"href":"https:\/\/nbt.net.tr\/index.php\/wp-json\/wp\/v2\/pages\/5029\/revisions"}],"predecessor-version":[{"id":5053,"href":"https:\/\/nbt.net.tr\/index.php\/wp-json\/wp\/v2\/pages\/5029\/revisions\/5053"}],"wp:attachment":[{"href":"https:\/\/nbt.net.tr\/index.php\/wp-json\/wp\/v2\/media?parent=5029"}],"curies":[{"name":"wp","href":"https:\/\/api.w.org\/{rel}","templated":true}]}}