{"id":5068,"date":"2021-03-14T22:44:37","date_gmt":"2021-03-14T19:44:37","guid":{"rendered":"https:\/\/nbt.net.tr\/?page_id=5068"},"modified":"2021-03-15T21:43:54","modified_gmt":"2021-03-15T18:43:54","slug":"ozel-kurulum-sunucular","status":"publish","type":"page","link":"https:\/\/nbt.net.tr\/index.php\/ozel-kurulum-sunucular\/","title":{"rendered":"Size \u00d6zel Sunucular"},"content":{"rendered":"\t\t<div data-elementor-type=\"wp-page\" data-elementor-id=\"5068\" class=\"elementor elementor-5068\">\n\t\t\t\t\t\t<section class=\"elementor-section elementor-top-section elementor-element elementor-element-ca7eb00 ot-traditional elementor-section-boxed elementor-section-height-default elementor-section-height-default\" data-id=\"ca7eb00\" data-element_type=\"section\" data-e-type=\"section\" data-settings=\"{&quot;background_background&quot;:&quot;classic&quot;}\">\n\t\t\t\t\t\t\t<div class=\"elementor-background-overlay\"><\/div>\n\t\t\t\t\t\t\t<div class=\"elementor-container elementor-column-gap-default\">\n\t\t\t\t\t<div class=\"elementor-column elementor-col-100 elementor-top-column elementor-element elementor-element-3e9b4e3 ot-flex-column-vertical\" data-id=\"3e9b4e3\" data-element_type=\"column\" data-e-type=\"column\">\n\t\t\t<div class=\"elementor-widget-wrap elementor-element-populated\">\n\t\t\t\t\t\t<div class=\"elementor-element elementor-element-1a38192 elementor-widget elementor-widget-spacer\" data-id=\"1a38192\" data-element_type=\"widget\" data-e-type=\"widget\" data-widget_type=\"spacer.default\">\n\t\t\t\t<div class=\"elementor-widget-container\">\n\t\t\t\t\t\t\t<div class=\"elementor-spacer\">\n\t\t\t<div class=\"elementor-spacer-inner\"><\/div>\n\t\t<\/div>\n\t\t\t\t\t\t<\/div>\n\t\t\t\t<\/div>\n\t\t\t\t<section class=\"elementor-section elementor-inner-section elementor-element elementor-element-400460b ot-traditional elementor-section-boxed elementor-section-height-default elementor-section-height-default\" data-id=\"400460b\" data-element_type=\"section\" data-e-type=\"section\">\n\t\t\t\t\t\t<div class=\"elementor-container elementor-column-gap-default\">\n\t\t\t\t\t<div class=\"elementor-column elementor-col-50 elementor-inner-column elementor-element elementor-element-1f2767d ot-flex-column-vertical\" data-id=\"1f2767d\" data-element_type=\"column\" data-e-type=\"column\">\n\t\t\t<div class=\"elementor-widget-wrap elementor-element-populated\">\n\t\t\t\t\t\t<div class=\"elementor-element elementor-element-09c095b elementor-widget elementor-widget-heading\" data-id=\"09c095b\" data-element_type=\"widget\" data-e-type=\"widget\" data-widget_type=\"heading.default\">\n\t\t\t\t<div class=\"elementor-widget-container\">\n\t\t\t\t\t<h2 class=\"elementor-heading-title elementor-size-default\">\u00d6zel Kurulum <br> Sunucular<\/h2>\t\t\t\t<\/div>\n\t\t\t\t<\/div>\n\t\t\t\t\t<\/div>\n\t\t<\/div>\n\t\t\t\t<div class=\"elementor-column elementor-col-50 elementor-inner-column elementor-element elementor-element-4601b7e ot-flex-column-vertical\" data-id=\"4601b7e\" data-element_type=\"column\" data-e-type=\"column\">\n\t\t\t<div class=\"elementor-widget-wrap elementor-element-populated\">\n\t\t\t\t\t\t<div class=\"elementor-element elementor-element-8770150 elementor-widget elementor-widget-image\" data-id=\"8770150\" data-element_type=\"widget\" data-e-type=\"widget\" data-widget_type=\"image.default\">\n\t\t\t\t<div class=\"elementor-widget-container\">\n\t\t\t\t\t\t\t\t\t\t\t\t\t\t\t<img fetchpriority=\"high\" decoding=\"async\" width=\"724\" height=\"663\" src=\"https:\/\/nbt.net.tr\/wp-content\/uploads\/2021\/02\/Shape.png\" class=\"attachment-large size-large wp-image-4261\" alt=\"\" srcset=\"https:\/\/nbt.net.tr\/wp-content\/uploads\/2021\/02\/Shape.png 724w, https:\/\/nbt.net.tr\/wp-content\/uploads\/2021\/02\/Shape-300x275.png 300w, https:\/\/nbt.net.tr\/wp-content\/uploads\/2021\/02\/Shape-720x659.png 720w, https:\/\/nbt.net.tr\/wp-content\/uploads\/2021\/02\/Shape-600x549.png 600w\" sizes=\"(max-width: 724px) 100vw, 724px\" \/>\t\t\t\t\t\t\t\t\t\t\t\t\t\t\t<\/div>\n\t\t\t\t<\/div>\n\t\t\t\t\t<\/div>\n\t\t<\/div>\n\t\t\t\t\t<\/div>\n\t\t<\/section>\n\t\t\t\t<div class=\"elementor-element elementor-element-d5eb21e elementor-drop-cap-yes elementor-drop-cap-view-default elementor-widget elementor-widget-text-editor\" data-id=\"d5eb21e\" data-element_type=\"widget\" data-e-type=\"widget\" data-settings=\"{&quot;drop_cap&quot;:&quot;yes&quot;}\" data-widget_type=\"text-editor.default\">\n\t\t\t\t<div class=\"elementor-widget-container\">\n\t\t\t\t\t\t\t\t\t<h4>Talep etti\u011finiz yaz\u0131l\u0131m\u0131 haz\u0131r kurulu bi\u00e7imde size \u00f6zel sunucuda kullan\u0131r, Kurulum veya konfig\u00fcrasyon derdinden kurtulursunuz.<\/h4>\t\t\t\t\t\t\t\t<\/div>\n\t\t\t\t<\/div>\n\t\t\t\t<div class=\"elementor-element elementor-element-16d9970 elementor-widget elementor-widget-spacer\" data-id=\"16d9970\" data-element_type=\"widget\" data-e-type=\"widget\" data-widget_type=\"spacer.default\">\n\t\t\t\t<div class=\"elementor-widget-container\">\n\t\t\t\t\t\t\t<div class=\"elementor-spacer\">\n\t\t\t<div class=\"elementor-spacer-inner\"><\/div>\n\t\t<\/div>\n\t\t\t\t\t\t<\/div>\n\t\t\t\t<\/div>\n\t\t\t\t<section class=\"elementor-section elementor-inner-section elementor-element elementor-element-d89a90b ot-traditional elementor-section-boxed elementor-section-height-default elementor-section-height-default\" data-id=\"d89a90b\" data-element_type=\"section\" data-e-type=\"section\">\n\t\t\t\t\t\t<div class=\"elementor-container elementor-column-gap-default\">\n\t\t\t\t\t<div class=\"elementor-column elementor-col-50 elementor-inner-column elementor-element elementor-element-2bef33c ot-flex-column-vertical\" data-id=\"2bef33c\" data-element_type=\"column\" data-e-type=\"column\">\n\t\t\t<div class=\"elementor-widget-wrap elementor-element-populated\">\n\t\t\t\t\t\t<div class=\"elementor-element elementor-element-101c7df elementor-widget elementor-widget-iserv_box\" data-id=\"101c7df\" data-element_type=\"widget\" data-e-type=\"widget\" data-widget_type=\"iserv_box.default\">\n\t\t\t\t<div class=\"elementor-widget-container\">\n\t\t\t\t\t\r\n\t\t<div class=\"serv-box s1 elementor-animation-\">\r\n\t\t\t\t\t\t<div class=\"icon-main\">\r\n\t\t        \t\t\t    <img decoding=\"async\" src=\"https:\/\/nbt.net.tr\/wp-content\/uploads\/2021\/03\/58480f70cef1014c0b5e4939.png\" alt=\"Mattermost &lt;br&gt; Chat Sunucu\">\t\t        \t        <\/div>\r\n\t        <div class=\"content-box\">\r\n\t            <h5>Mattermost <br> Chat Sunucu<\/h5>\r\n\t            <div>\u015eirket i\u00e7i veya m\u00fc\u015fterileriniz ile olan yaz\u0131\u015fmalar\u0131n\u0131z\u0131 yapabilirsiniz.<\/div>\t        <\/div>\r\n\t    <\/div>\r\n\r\n\t    \t\t\t\t<\/div>\n\t\t\t\t<\/div>\n\t\t\t\t\t<\/div>\n\t\t<\/div>\n\t\t\t\t<div class=\"elementor-column elementor-col-50 elementor-inner-column elementor-element elementor-element-34c71c6 ot-flex-column-vertical\" data-id=\"34c71c6\" data-element_type=\"column\" data-e-type=\"column\">\n\t\t\t<div class=\"elementor-widget-wrap elementor-element-populated\">\n\t\t\t\t\t\t<div class=\"elementor-element elementor-element-b8a0e60 elementor-widget elementor-widget-iserv_box\" data-id=\"b8a0e60\" data-element_type=\"widget\" data-e-type=\"widget\" data-widget_type=\"iserv_box.default\">\n\t\t\t\t<div class=\"elementor-widget-container\">\n\t\t\t\t\t\r\n\t\t<div class=\"serv-box s1 elementor-animation-\">\r\n\t\t\t\t\t\t<div class=\"icon-main\">\r\n\t\t        \t\t\t    <img decoding=\"async\" src=\"https:\/\/nbt.net.tr\/wp-content\/uploads\/2021\/03\/EX4qL2V.png\" alt=\"OwnCloud &lt;br&gt; Dosya Sunucusu\">\t\t        \t        <\/div>\r\n\t        <div class=\"content-box\">\r\n\t            <h5>OwnCloud <br> Dosya Sunucusu<\/h5>\r\n\t            <div>Dosyalar\u0131n\u0131z\u0131 web tabanl\u0131 y\u00f6netibilir, \u00e7al\u0131\u015fanlar\u0131n\u0131z i\u00e7in ayr\u0131 yetkilendirme yapabilirsiniz.<\/div>\t        <\/div>\r\n\t    <\/div>\r\n\r\n\t    \t\t\t\t<\/div>\n\t\t\t\t<\/div>\n\t\t\t\t\t<\/div>\n\t\t<\/div>\n\t\t\t\t\t<\/div>\n\t\t<\/section>\n\t\t\t\t<div class=\"elementor-element elementor-element-b318056 elementor-widget elementor-widget-spacer\" data-id=\"b318056\" data-element_type=\"widget\" data-e-type=\"widget\" data-widget_type=\"spacer.default\">\n\t\t\t\t<div class=\"elementor-widget-container\">\n\t\t\t\t\t\t\t<div class=\"elementor-spacer\">\n\t\t\t<div class=\"elementor-spacer-inner\"><\/div>\n\t\t<\/div>\n\t\t\t\t\t\t<\/div>\n\t\t\t\t<\/div>\n\t\t\t\t<section class=\"elementor-section elementor-inner-section elementor-element elementor-element-7d1e46e ot-traditional elementor-section-boxed elementor-section-height-default elementor-section-height-default\" data-id=\"7d1e46e\" data-element_type=\"section\" data-e-type=\"section\">\n\t\t\t\t\t\t<div class=\"elementor-container elementor-column-gap-default\">\n\t\t\t\t\t<div class=\"elementor-column elementor-col-50 elementor-inner-column elementor-element elementor-element-0418211 ot-flex-column-vertical\" data-id=\"0418211\" data-element_type=\"column\" data-e-type=\"column\">\n\t\t\t<div class=\"elementor-widget-wrap elementor-element-populated\">\n\t\t\t\t\t\t<div class=\"elementor-element elementor-element-ff86691 elementor-widget elementor-widget-iserv_box\" data-id=\"ff86691\" data-element_type=\"widget\" data-e-type=\"widget\" data-widget_type=\"iserv_box.default\">\n\t\t\t\t<div class=\"elementor-widget-container\">\n\t\t\t\t\t\r\n\t\t<div class=\"serv-box s1 elementor-animation-\">\r\n\t\t\t\t\t\t<div class=\"icon-main\">\r\n\t\t        \t\t\t    <img decoding=\"async\" src=\"https:\/\/nbt.net.tr\/wp-content\/uploads\/2021\/03\/dokuwiki-128.png\" alt=\"DokuWiki &lt;br&gt; D\u00f6k\u00fcman Sunucu\">\t\t        \t        <\/div>\r\n\t        <div class=\"content-box\">\r\n\t            <h5>DokuWiki <br> D\u00f6k\u00fcman Sunucu<\/h5>\r\n\t            <div>\u00d6zellikle \u015eirket tarih\u00e7esi olarak kullan\u0131lan, baz\u0131 firmalar\u0131n y\u00f6netim el kitab\u0131 da dedi\u011fi d\u00f6k\u00fcman y\u00f6netimi...<\/div>\t        <\/div>\r\n\t    <\/div>\r\n\r\n\t    \t\t\t\t<\/div>\n\t\t\t\t<\/div>\n\t\t\t\t\t<\/div>\n\t\t<\/div>\n\t\t\t\t<div class=\"elementor-column elementor-col-50 elementor-inner-column elementor-element elementor-element-6ad62d6 ot-flex-column-vertical\" data-id=\"6ad62d6\" data-element_type=\"column\" data-e-type=\"column\">\n\t\t\t<div class=\"elementor-widget-wrap elementor-element-populated\">\n\t\t\t\t\t\t<div class=\"elementor-element elementor-element-f12a6e6 elementor-widget elementor-widget-iserv_box\" data-id=\"f12a6e6\" data-element_type=\"widget\" data-e-type=\"widget\" data-widget_type=\"iserv_box.default\">\n\t\t\t\t<div class=\"elementor-widget-container\">\n\t\t\t\t\t\r\n\t\t<div class=\"serv-box s1 elementor-animation-\">\r\n\t\t\t\t\t\t<div class=\"icon-main\">\r\n\t\t        \t\t\t    <img decoding=\"async\" src=\"https:\/\/nbt.net.tr\/wp-content\/uploads\/2021\/03\/238_Opencart_logo-512.png\" alt=\"OpenCart &lt;br&gt;E-Ticaret Sunucusu\">\t\t        \t        <\/div>\r\n\t        <div class=\"content-box\">\r\n\t            <h5>OpenCart <br>E-Ticaret Sunucusu<\/h5>\r\n\t            <div>Saniyeler i\u00e7inde, e-ticaret sitenize, \u00fcr\u00fcnlerinizi girip sat\u0131\u015f yapmaya ba\u015flayabilirsiniz.<\/div>\t        <\/div>\r\n\t    <\/div>\r\n\r\n\t    \t\t\t\t<\/div>\n\t\t\t\t<\/div>\n\t\t\t\t\t<\/div>\n\t\t<\/div>\n\t\t\t\t\t<\/div>\n\t\t<\/section>\n\t\t\t\t<div class=\"elementor-element elementor-element-5817745 elementor-widget elementor-widget-spacer\" data-id=\"5817745\" data-element_type=\"widget\" data-e-type=\"widget\" data-widget_type=\"spacer.default\">\n\t\t\t\t<div class=\"elementor-widget-container\">\n\t\t\t\t\t\t\t<div class=\"elementor-spacer\">\n\t\t\t<div class=\"elementor-spacer-inner\"><\/div>\n\t\t<\/div>\n\t\t\t\t\t\t<\/div>\n\t\t\t\t<\/div>\n\t\t\t\t<div class=\"elementor-element elementor-element-ca711c7 elementor-widget elementor-widget-text-editor\" data-id=\"ca711c7\" data-element_type=\"widget\" data-e-type=\"widget\" data-widget_type=\"text-editor.default\">\n\t\t\t\t<div class=\"elementor-widget-container\">\n\t\t\t\t\t\t\t\t\t<p style=\"text-align: right;\"><strong>&#8230; ve daha fazlas\u0131<\/strong><\/p>\t\t\t\t\t\t\t\t<\/div>\n\t\t\t\t<\/div>\n\t\t\t\t<div class=\"elementor-element elementor-element-5ac5a63 elementor-widget elementor-widget-spacer\" data-id=\"5ac5a63\" data-element_type=\"widget\" data-e-type=\"widget\" data-widget_type=\"spacer.default\">\n\t\t\t\t<div class=\"elementor-widget-container\">\n\t\t\t\t\t\t\t<div class=\"elementor-spacer\">\n\t\t\t<div class=\"elementor-spacer-inner\"><\/div>\n\t\t<\/div>\n\t\t\t\t\t\t<\/div>\n\t\t\t\t<\/div>\n\t\t\t\t<div class=\"elementor-element elementor-element-38742b6 elementor-button-info elementor-align-center elementor-widget elementor-widget-button\" data-id=\"38742b6\" data-element_type=\"widget\" data-e-type=\"widget\" data-widget_type=\"button.default\">\n\t\t\t\t<div class=\"elementor-widget-container\">\n\t\t\t\t\t\t\t\t\t<div class=\"elementor-button-wrapper\">\n\t\t\t\t\t<a class=\"elementor-button elementor-button-link elementor-size-xl\" href=\"https:\/\/www.nbthost.com\/index.php\/store\/ozel-kurulum-sunucular\" target=\"_blank\">\n\t\t\t\t\t\t<span class=\"elementor-button-content-wrapper\">\n\t\t\t\t\t\t<span class=\"elementor-button-icon\">\n\t\t\t\t<i aria-hidden=\"true\" class=\"fas fa-cloud\"><\/i>\t\t\t<\/span>\n\t\t\t\t\t\t\t\t\t<span class=\"elementor-button-text\">\u00dcr\u00fcn Sayfas\u0131na G\u0130T<\/span>\n\t\t\t\t\t<\/span>\n\t\t\t\t\t<\/a>\n\t\t\t\t<\/div>\n\t\t\t\t\t\t\t\t<\/div>\n\t\t\t\t<\/div>\n\t\t\t\t<div class=\"elementor-element elementor-element-cf2b2f2 elementor-widget elementor-widget-spacer\" data-id=\"cf2b2f2\" data-element_type=\"widget\" data-e-type=\"widget\" data-widget_type=\"spacer.default\">\n\t\t\t\t<div class=\"elementor-widget-container\">\n\t\t\t\t\t\t\t<div class=\"elementor-spacer\">\n\t\t\t<div class=\"elementor-spacer-inner\"><\/div>\n\t\t<\/div>\n\t\t\t\t\t\t<\/div>\n\t\t\t\t<\/div>\n\t\t\t\t\t<\/div>\n\t\t<\/div>\n\t\t\t\t\t<\/div>\n\t\t<\/section>\n\t\t\t\t<\/div>\n\t\t","protected":false},"excerpt":{"rendered":"<p>\u00d6zel Kurulum Sunucular Talep etti\u011finiz yaz\u0131l\u0131m\u0131 haz\u0131r kurulu bi\u00e7imde size \u00f6zel sunucuda kullan\u0131r, Kurulum veya konfig\u00fcrasyon derdinden kurtulursunuz. Mattermost Chat Sunucu \u015eirket i\u00e7i veya m\u00fc\u015fterileriniz ile olan yaz\u0131\u015fmalar\u0131n\u0131z\u0131 yapabilirsiniz. OwnCloud Dosya Sunucusu Dosyalar\u0131n\u0131z\u0131 web tabanl\u0131 y\u00f6netibilir, \u00e7al\u0131\u015fanlar\u0131n\u0131z i\u00e7in ayr\u0131 yetkilendirme yapabilirsiniz. DokuWiki D\u00f6k\u00fcman Sunucu \u00d6zellikle \u015eirket tarih\u00e7esi olarak kullan\u0131lan, baz\u0131 firmalar\u0131n y\u00f6netim el kitab\u0131 da [&hellip;]<\/p>\n","protected":false},"author":1,"featured_media":0,"parent":0,"menu_order":0,"comment_status":"closed","ping_status":"closed","template":"","meta":{"footnotes":""},"class_list":["post-5068","page","type-page","status-publish","hentry"],"yoast_head":"<!-- This site is optimized with the Yoast SEO plugin v25.6 - https:\/\/yoast.com\/wordpress\/plugins\/seo\/ -->\n<title>Size \u00d6zel Sunucular<\/title>\n<meta name=\"description\" content=\"\u00d6zel Kurulum Sunucular ile ihtiyac\u0131n\u0131z olan yaz\u0131l\u0131m\u0131 size \u00f6zel olan sunucu ile sunuyor, sizi kurulum derdinden kurtar\u0131yoruz.\" \/>\n<meta name=\"robots\" content=\"index, follow, max-snippet:-1, max-image-preview:large, max-video-preview:-1\" \/>\n<link rel=\"canonical\" href=\"https:\/\/nbt.net.tr\/index.php\/ozel-kurulum-sunucular\/\" \/>\n<meta property=\"og:locale\" content=\"tr_TR\" \/>\n<meta property=\"og:type\" content=\"article\" \/>\n<meta property=\"og:title\" content=\"Size \u00d6zel Sunucular\" \/>\n<meta property=\"og:description\" content=\"\u00d6zel Kurulum Sunucular ile ihtiyac\u0131n\u0131z olan yaz\u0131l\u0131m\u0131 size \u00f6zel olan sunucu ile sunuyor, sizi kurulum derdinden kurtar\u0131yoruz.\" \/>\n<meta property=\"og:url\" content=\"https:\/\/nbt.net.tr\/index.php\/ozel-kurulum-sunucular\/\" \/>\n<meta property=\"og:site_name\" content=\"NBT\" \/>\n<meta property=\"article:modified_time\" content=\"2021-03-15T18:43:54+00:00\" \/>\n<meta property=\"og:image\" content=\"https:\/\/nbt.net.tr\/wp-content\/uploads\/2021\/02\/Shape.png\" \/>\n<meta name=\"twitter:card\" content=\"summary_large_image\" \/>\n<meta name=\"twitter:label1\" content=\"Tahmini okuma s\u00fcresi\" \/>\n\t<meta name=\"twitter:data1\" content=\"2 dakika\" \/>\n<script type=\"application\/ld+json\" class=\"yoast-schema-graph\">{\"@context\":\"https:\/\/schema.org\",\"@graph\":[{\"@type\":\"WebPage\",\"@id\":\"https:\/\/nbt.net.tr\/index.php\/ozel-kurulum-sunucular\/\",\"url\":\"https:\/\/nbt.net.tr\/index.php\/ozel-kurulum-sunucular\/\",\"name\":\"Size \u00d6zel Sunucular\",\"isPartOf\":{\"@id\":\"https:\/\/nbt.net.tr\/#website\"},\"primaryImageOfPage\":{\"@id\":\"https:\/\/nbt.net.tr\/index.php\/ozel-kurulum-sunucular\/#primaryimage\"},\"image\":{\"@id\":\"https:\/\/nbt.net.tr\/index.php\/ozel-kurulum-sunucular\/#primaryimage\"},\"thumbnailUrl\":\"https:\/\/nbt.net.tr\/wp-content\/uploads\/2021\/02\/Shape.png\",\"datePublished\":\"2021-03-14T19:44:37+00:00\",\"dateModified\":\"2021-03-15T18:43:54+00:00\",\"description\":\"\u00d6zel Kurulum Sunucular ile ihtiyac\u0131n\u0131z olan yaz\u0131l\u0131m\u0131 size \u00f6zel olan sunucu ile sunuyor, sizi kurulum derdinden kurtar\u0131yoruz.\",\"breadcrumb\":{\"@id\":\"https:\/\/nbt.net.tr\/index.php\/ozel-kurulum-sunucular\/#breadcrumb\"},\"inLanguage\":\"tr\",\"potentialAction\":[{\"@type\":\"ReadAction\",\"target\":[\"https:\/\/nbt.net.tr\/index.php\/ozel-kurulum-sunucular\/\"]}]},{\"@type\":\"ImageObject\",\"inLanguage\":\"tr\",\"@id\":\"https:\/\/nbt.net.tr\/index.php\/ozel-kurulum-sunucular\/#primaryimage\",\"url\":\"https:\/\/nbt.net.tr\/wp-content\/uploads\/2021\/02\/Shape.png\",\"contentUrl\":\"https:\/\/nbt.net.tr\/wp-content\/uploads\/2021\/02\/Shape.png\",\"width\":724,\"height\":663},{\"@type\":\"BreadcrumbList\",\"@id\":\"https:\/\/nbt.net.tr\/index.php\/ozel-kurulum-sunucular\/#breadcrumb\",\"itemListElement\":[{\"@type\":\"ListItem\",\"position\":1,\"name\":\"Anasayfa\",\"item\":\"https:\/\/nbt.net.tr\/\"},{\"@type\":\"ListItem\",\"position\":2,\"name\":\"Size \u00d6zel Sunucular\"}]},{\"@type\":\"WebSite\",\"@id\":\"https:\/\/nbt.net.tr\/#website\",\"url\":\"https:\/\/nbt.net.tr\/\",\"name\":\"NBT\",\"description\":\"Dan\u0131\u015fmanl\u0131k Destek Teknoloji\",\"potentialAction\":[{\"@type\":\"SearchAction\",\"target\":{\"@type\":\"EntryPoint\",\"urlTemplate\":\"https:\/\/nbt.net.tr\/?s={search_term_string}\"},\"query-input\":{\"@type\":\"PropertyValueSpecification\",\"valueRequired\":true,\"valueName\":\"search_term_string\"}}],\"inLanguage\":\"tr\"}]}<\/script>\n<!-- \/ Yoast SEO plugin. -->","yoast_head_json":{"title":"Size \u00d6zel Sunucular","description":"\u00d6zel Kurulum Sunucular ile ihtiyac\u0131n\u0131z olan yaz\u0131l\u0131m\u0131 size \u00f6zel olan sunucu ile sunuyor, sizi kurulum derdinden kurtar\u0131yoruz.","robots":{"index":"index","follow":"follow","max-snippet":"max-snippet:-1","max-image-preview":"max-image-preview:large","max-video-preview":"max-video-preview:-1"},"canonical":"https:\/\/nbt.net.tr\/index.php\/ozel-kurulum-sunucular\/","og_locale":"tr_TR","og_type":"article","og_title":"Size \u00d6zel Sunucular","og_description":"\u00d6zel Kurulum Sunucular ile ihtiyac\u0131n\u0131z olan yaz\u0131l\u0131m\u0131 size \u00f6zel olan sunucu ile sunuyor, sizi kurulum derdinden kurtar\u0131yoruz.","og_url":"https:\/\/nbt.net.tr\/index.php\/ozel-kurulum-sunucular\/","og_site_name":"NBT","article_modified_time":"2021-03-15T18:43:54+00:00","og_image":[{"url":"https:\/\/nbt.net.tr\/wp-content\/uploads\/2021\/02\/Shape.png","type":"","width":"","height":""}],"twitter_card":"summary_large_image","twitter_misc":{"Tahmini okuma s\u00fcresi":"2 dakika"},"schema":{"@context":"https:\/\/schema.org","@graph":[{"@type":"WebPage","@id":"https:\/\/nbt.net.tr\/index.php\/ozel-kurulum-sunucular\/","url":"https:\/\/nbt.net.tr\/index.php\/ozel-kurulum-sunucular\/","name":"Size \u00d6zel Sunucular","isPartOf":{"@id":"https:\/\/nbt.net.tr\/#website"},"primaryImageOfPage":{"@id":"https:\/\/nbt.net.tr\/index.php\/ozel-kurulum-sunucular\/#primaryimage"},"image":{"@id":"https:\/\/nbt.net.tr\/index.php\/ozel-kurulum-sunucular\/#primaryimage"},"thumbnailUrl":"https:\/\/nbt.net.tr\/wp-content\/uploads\/2021\/02\/Shape.png","datePublished":"2021-03-14T19:44:37+00:00","dateModified":"2021-03-15T18:43:54+00:00","description":"\u00d6zel Kurulum Sunucular ile ihtiyac\u0131n\u0131z olan yaz\u0131l\u0131m\u0131 size \u00f6zel olan sunucu ile sunuyor, sizi kurulum derdinden kurtar\u0131yoruz.","breadcrumb":{"@id":"https:\/\/nbt.net.tr\/index.php\/ozel-kurulum-sunucular\/#breadcrumb"},"inLanguage":"tr","potentialAction":[{"@type":"ReadAction","target":["https:\/\/nbt.net.tr\/index.php\/ozel-kurulum-sunucular\/"]}]},{"@type":"ImageObject","inLanguage":"tr","@id":"https:\/\/nbt.net.tr\/index.php\/ozel-kurulum-sunucular\/#primaryimage","url":"https:\/\/nbt.net.tr\/wp-content\/uploads\/2021\/02\/Shape.png","contentUrl":"https:\/\/nbt.net.tr\/wp-content\/uploads\/2021\/02\/Shape.png","width":724,"height":663},{"@type":"BreadcrumbList","@id":"https:\/\/nbt.net.tr\/index.php\/ozel-kurulum-sunucular\/#breadcrumb","itemListElement":[{"@type":"ListItem","position":1,"name":"Anasayfa","item":"https:\/\/nbt.net.tr\/"},{"@type":"ListItem","position":2,"name":"Size \u00d6zel Sunucular"}]},{"@type":"WebSite","@id":"https:\/\/nbt.net.tr\/#website","url":"https:\/\/nbt.net.tr\/","name":"NBT","description":"Dan\u0131\u015fmanl\u0131k Destek Teknoloji","potentialAction":[{"@type":"SearchAction","target":{"@type":"EntryPoint","urlTemplate":"https:\/\/nbt.net.tr\/?s={search_term_string}"},"query-input":{"@type":"PropertyValueSpecification","valueRequired":true,"valueName":"search_term_string"}}],"inLanguage":"tr"}]}},"_links":{"self":[{"href":"https:\/\/nbt.net.tr\/index.php\/wp-json\/wp\/v2\/pages\/5068"}],"collection":[{"href":"https:\/\/nbt.net.tr\/index.php\/wp-json\/wp\/v2\/pages"}],"about":[{"href":"https:\/\/nbt.net.tr\/index.php\/wp-json\/wp\/v2\/types\/page"}],"author":[{"embeddable":true,"href":"https:\/\/nbt.net.tr\/index.php\/wp-json\/wp\/v2\/users\/1"}],"replies":[{"embeddable":true,"href":"https:\/\/nbt.net.tr\/index.php\/wp-json\/wp\/v2\/comments?post=5068"}],"version-history":[{"count":36,"href":"https:\/\/nbt.net.tr\/index.php\/wp-json\/wp\/v2\/pages\/5068\/revisions"}],"predecessor-version":[{"id":5115,"href":"https:\/\/nbt.net.tr\/index.php\/wp-json\/wp\/v2\/pages\/5068\/revisions\/5115"}],"wp:attachment":[{"href":"https:\/\/nbt.net.tr\/index.php\/wp-json\/wp\/v2\/media?parent=5068"}],"curies":[{"name":"wp","href":"https:\/\/api.w.org\/{rel}","templated":true}]}}