{"id":5161,"date":"2021-03-17T22:26:40","date_gmt":"2021-03-17T19:26:40","guid":{"rendered":"https:\/\/nbt.net.tr\/?page_id=5161"},"modified":"2021-03-17T23:10:17","modified_gmt":"2021-03-17T20:10:17","slug":"toplueposta","status":"publish","type":"page","link":"https:\/\/nbt.net.tr\/index.php\/toplueposta\/","title":{"rendered":"Toplu ePosta"},"content":{"rendered":"\t\t<div data-elementor-type=\"wp-page\" data-elementor-id=\"5161\" class=\"elementor elementor-5161\">\n\t\t\t\t\t\t<section class=\"elementor-section elementor-top-section elementor-element elementor-element-50eca5a elementor-section-boxed elementor-section-height-default elementor-section-height-default\" data-id=\"50eca5a\" data-element_type=\"section\" data-e-type=\"section\">\n\t\t\t\t\t\t\t<div class=\"elementor-background-overlay\"><\/div>\n\t\t\t\t\t\t\t<div class=\"elementor-container elementor-column-gap-default\">\n\t\t\t\t\t<div class=\"elementor-column elementor-col-100 elementor-top-column elementor-element elementor-element-a18e915 ot-flex-column-vertical\" data-id=\"a18e915\" data-element_type=\"column\" data-e-type=\"column\">\n\t\t\t<div class=\"elementor-widget-wrap elementor-element-populated\">\n\t\t\t\t\t\t<div class=\"elementor-element elementor-element-db5c2bc elementor-widget elementor-widget-spacer\" data-id=\"db5c2bc\" data-element_type=\"widget\" data-e-type=\"widget\" data-widget_type=\"spacer.default\">\n\t\t\t\t<div class=\"elementor-widget-container\">\n\t\t\t\t\t\t\t<div class=\"elementor-spacer\">\n\t\t\t<div class=\"elementor-spacer-inner\"><\/div>\n\t\t<\/div>\n\t\t\t\t\t\t<\/div>\n\t\t\t\t<\/div>\n\t\t\t\t<section class=\"elementor-section elementor-inner-section elementor-element elementor-element-b9e57d0 ot-traditional elementor-section-boxed elementor-section-height-default elementor-section-height-default\" data-id=\"b9e57d0\" data-element_type=\"section\" data-e-type=\"section\">\n\t\t\t\t\t\t<div class=\"elementor-container elementor-column-gap-default\">\n\t\t\t\t\t<div class=\"elementor-column elementor-col-50 elementor-inner-column elementor-element elementor-element-af5b6d3 ot-flex-column-vertical\" data-id=\"af5b6d3\" data-element_type=\"column\" data-e-type=\"column\">\n\t\t\t<div class=\"elementor-widget-wrap elementor-element-populated\">\n\t\t\t\t\t\t<div class=\"elementor-element elementor-element-2ce40ad elementor-widget elementor-widget-heading\" data-id=\"2ce40ad\" data-element_type=\"widget\" data-e-type=\"widget\" data-widget_type=\"heading.default\">\n\t\t\t\t<div class=\"elementor-widget-container\">\n\t\t\t\t\t<h2 class=\"elementor-heading-title elementor-size-default\">Toplu <br> ePosta<\/h2>\t\t\t\t<\/div>\n\t\t\t\t<\/div>\n\t\t\t\t\t<\/div>\n\t\t<\/div>\n\t\t\t\t<div class=\"elementor-column elementor-col-50 elementor-inner-column elementor-element elementor-element-ec980a4 ot-flex-column-vertical\" data-id=\"ec980a4\" data-element_type=\"column\" data-e-type=\"column\">\n\t\t\t<div class=\"elementor-widget-wrap elementor-element-populated\">\n\t\t\t\t\t\t<div class=\"elementor-element elementor-element-439efdd elementor-widget elementor-widget-image\" data-id=\"439efdd\" data-element_type=\"widget\" data-e-type=\"widget\" data-widget_type=\"image.default\">\n\t\t\t\t<div class=\"elementor-widget-container\">\n\t\t\t\t\t\t\t\t\t\t\t\t\t\t\t<img decoding=\"async\" width=\"198\" height=\"190\" src=\"https:\/\/nbt.net.tr\/wp-content\/uploads\/2021\/02\/Fill-1.png\" class=\"attachment-large size-large wp-image-4259\" alt=\"\" \/>\t\t\t\t\t\t\t\t\t\t\t\t\t\t\t<\/div>\n\t\t\t\t<\/div>\n\t\t\t\t\t<\/div>\n\t\t<\/div>\n\t\t\t\t\t<\/div>\n\t\t<\/section>\n\t\t\t\t<section class=\"elementor-section elementor-inner-section elementor-element elementor-element-40487d3 elementor-section-full_width elementor-section-height-default elementor-section-height-default\" data-id=\"40487d3\" data-element_type=\"section\" data-e-type=\"section\">\n\t\t\t\t\t\t<div class=\"elementor-container elementor-column-gap-extended\">\n\t\t\t\t\t<div class=\"elementor-column elementor-col-100 elementor-inner-column elementor-element elementor-element-b5b3c37 ot-flex-column-vertical\" data-id=\"b5b3c37\" data-element_type=\"column\" data-e-type=\"column\">\n\t\t\t<div class=\"elementor-widget-wrap elementor-element-populated\">\n\t\t\t\t\t\t<div class=\"elementor-element elementor-element-57885b4 elementor-widget elementor-widget-iiconbox2\" data-id=\"57885b4\" data-element_type=\"widget\" data-e-type=\"widget\" data-widget_type=\"iiconbox2.default\">\n\t\t\t\t<div class=\"elementor-widget-container\">\n\t\t\t\t\t\t\t<div class=\"icon-box-s2 s2\">\r\n\t\t\t<div class=\"icon-main\">\r\n\t\t        <i aria-hidden=\"true\" class=\"fas fa-mail-bulk\"><\/i>\t\t\t    \t\t        \t        <\/div>\r\n\t        <div class=\"content-box\">\r\n\t            <h5>Aktif ePazarlama; Toplu ePosta<\/h5>\r\n\t            <p>Toplu Eposta ile pazarlama ama\u00e7 do\u011fru ki\u015filere ilgili maili g\u00f6ndermektir. <br> Ziyaret\u00e7ilerinizin kendi iste\u011fi ile \u00fcye olabilece\u011fi bir e-b\u00fclten \u00fczerinden, veya size ba\u015fka bir yoldan bilgi alma m\u00fcracaat\u0131nda bulunmu\u015f ki\u015filerin mail adreslerine; kampanyalar\u0131n\u0131z\u0131, \u00fcr\u00fcnlerinizi, hizmetlerinizi, haber ve duyurular\u0131n\u0131z\u0131 en h\u0131zl\u0131 ula\u015ft\u0131rman\u0131z\u0131 sa\u011flayan pazarlama \u015feklidir.<\/p>\r\n\t        <\/div>\r\n\t    <\/div>\r\n\t    \t\t\t\t<\/div>\n\t\t\t\t<\/div>\n\t\t\t\t\t<\/div>\n\t\t<\/div>\n\t\t\t\t\t<\/div>\n\t\t<\/section>\n\t\t\t\t<div class=\"elementor-element elementor-element-7c9c221 elementor-widget elementor-widget-spacer\" data-id=\"7c9c221\" data-element_type=\"widget\" data-e-type=\"widget\" data-widget_type=\"spacer.default\">\n\t\t\t\t<div class=\"elementor-widget-container\">\n\t\t\t\t\t\t\t<div class=\"elementor-spacer\">\n\t\t\t<div class=\"elementor-spacer-inner\"><\/div>\n\t\t<\/div>\n\t\t\t\t\t\t<\/div>\n\t\t\t\t<\/div>\n\t\t\t\t<section class=\"elementor-section elementor-inner-section elementor-element elementor-element-469e1fa elementor-section-full_width ot-traditional elementor-section-height-default elementor-section-height-default\" data-id=\"469e1fa\" data-element_type=\"section\" data-e-type=\"section\">\n\t\t\t\t\t\t<div class=\"elementor-container elementor-column-gap-extended\">\n\t\t\t\t\t<div class=\"elementor-column elementor-col-33 elementor-inner-column elementor-element elementor-element-abfef22 ot-flex-column-vertical\" data-id=\"abfef22\" data-element_type=\"column\" data-e-type=\"column\">\n\t\t\t<div class=\"elementor-widget-wrap elementor-element-populated\">\n\t\t\t\t\t\t<div class=\"elementor-element elementor-element-b759d27 elementor-widget elementor-widget-iservice_box\" data-id=\"b759d27\" data-element_type=\"widget\" data-e-type=\"widget\" data-widget_type=\"iservice_box.default\">\n\t\t\t\t<div class=\"elementor-widget-container\">\n\t\t\t\t\t\r\n\t\t<div class=\"service-box s-box\">\r\n\t\t\t<span class=\"big-number\">01<\/span>\r\n\t\t\t<div class=\"icon-main\">\r\n\t\t        \t\t\t    \t\t        <span class=\"flaticon-correct\"><\/span>\t        <\/div>\r\n\t        <div class=\"content-box\">\r\n\t            <h5>phpList Panel<\/h5>\r\n\t            <p>phpList A\u00e7\u0131k Kaynak Kontrol Paneli<\/p>\r\n\t        <\/div>\r\n\t    <\/div>\r\n\r\n\t    \t\t\t\t<\/div>\n\t\t\t\t<\/div>\n\t\t\t\t\t<\/div>\n\t\t<\/div>\n\t\t\t\t<div class=\"elementor-column elementor-col-33 elementor-inner-column elementor-element elementor-element-17dc9e9 ot-flex-column-vertical\" data-id=\"17dc9e9\" data-element_type=\"column\" data-e-type=\"column\">\n\t\t\t<div class=\"elementor-widget-wrap elementor-element-populated\">\n\t\t\t\t\t\t<div class=\"elementor-element elementor-element-a62932a elementor-widget elementor-widget-iservice_box\" data-id=\"a62932a\" data-element_type=\"widget\" data-e-type=\"widget\" data-widget_type=\"iservice_box.default\">\n\t\t\t\t<div class=\"elementor-widget-container\">\n\t\t\t\t\t\r\n\t\t<div class=\"service-box s-box\">\r\n\t\t\t<span class=\"big-number\">02<\/span>\r\n\t\t\t<div class=\"icon-main\">\r\n\t\t        \t\t\t    \t\t        <span class=\"flaticon-correct\"><\/span>\t        <\/div>\r\n\t        <div class=\"content-box\">\r\n\t            <h5>Detayl\u0131 \u0130statistik<\/h5>\r\n\t            <p>G\u00f6nderilen ePosta i\u00e7in detayland\u0131r\u0131lm\u0131\u015f istatistik<\/p>\r\n\t        <\/div>\r\n\t    <\/div>\r\n\r\n\t    \t\t\t\t<\/div>\n\t\t\t\t<\/div>\n\t\t\t\t\t<\/div>\n\t\t<\/div>\n\t\t\t\t<div class=\"elementor-column elementor-col-33 elementor-inner-column elementor-element elementor-element-c64c945 ot-flex-column-vertical\" data-id=\"c64c945\" data-element_type=\"column\" data-e-type=\"column\">\n\t\t\t<div class=\"elementor-widget-wrap elementor-element-populated\">\n\t\t\t\t\t\t<div class=\"elementor-element elementor-element-026684c elementor-widget elementor-widget-iservice_box\" data-id=\"026684c\" data-element_type=\"widget\" data-e-type=\"widget\" data-widget_type=\"iservice_box.default\">\n\t\t\t\t<div class=\"elementor-widget-container\">\n\t\t\t\t\t\r\n\t\t<div class=\"service-box s-box\">\r\n\t\t\t<span class=\"big-number\">03<\/span>\r\n\t\t\t<div class=\"icon-main\">\r\n\t\t        \t\t\t    \t\t        <span class=\"flaticon-correct\"><\/span>\t        <\/div>\r\n\t        <div class=\"content-box\">\r\n\t            <h5>\u00dcyelikten Ayr\u0131l<\/h5>\r\n\t            <p>Otomatik \u00dcyelikten ayr\u0131l - unsubscribe link tan\u0131mlama<\/p>\r\n\t        <\/div>\r\n\t    <\/div>\r\n\r\n\t    \t\t\t\t<\/div>\n\t\t\t\t<\/div>\n\t\t\t\t\t<\/div>\n\t\t<\/div>\n\t\t\t\t\t<\/div>\n\t\t<\/section>\n\t\t\t\t<section class=\"elementor-section elementor-inner-section elementor-element elementor-element-60add31 elementor-section-full_width ot-traditional elementor-section-height-default elementor-section-height-default\" data-id=\"60add31\" data-element_type=\"section\" data-e-type=\"section\">\n\t\t\t\t\t\t<div class=\"elementor-container elementor-column-gap-extended\">\n\t\t\t\t\t<div class=\"elementor-column elementor-col-33 elementor-inner-column elementor-element elementor-element-4a890d5 ot-flex-column-vertical\" data-id=\"4a890d5\" data-element_type=\"column\" data-e-type=\"column\">\n\t\t\t<div class=\"elementor-widget-wrap elementor-element-populated\">\n\t\t\t\t\t\t<div class=\"elementor-element elementor-element-d7d3af5 elementor-widget elementor-widget-iservice_box\" data-id=\"d7d3af5\" data-element_type=\"widget\" data-e-type=\"widget\" data-widget_type=\"iservice_box.default\">\n\t\t\t\t<div class=\"elementor-widget-container\">\n\t\t\t\t\t\r\n\t\t<div class=\"service-box s-box\">\r\n\t\t\t<span class=\"big-number\">04<\/span>\r\n\t\t\t<div class=\"icon-main\">\r\n\t\t        \t\t\t    \t\t        <span class=\"flaticon-correct\"><\/span>\t        <\/div>\r\n\t        <div class=\"content-box\">\r\n\t            <h5>Ekli Dosya<\/h5>\r\n\t            <p>G\u00f6nderinize ek koyma \u00f6zelli\u011fi<\/p>\r\n\t        <\/div>\r\n\t    <\/div>\r\n\r\n\t    \t\t\t\t<\/div>\n\t\t\t\t<\/div>\n\t\t\t\t\t<\/div>\n\t\t<\/div>\n\t\t\t\t<div class=\"elementor-column elementor-col-33 elementor-inner-column elementor-element elementor-element-3ed557c ot-flex-column-vertical\" data-id=\"3ed557c\" data-element_type=\"column\" data-e-type=\"column\">\n\t\t\t<div class=\"elementor-widget-wrap elementor-element-populated\">\n\t\t\t\t\t\t<div class=\"elementor-element elementor-element-d532df4 elementor-widget elementor-widget-iservice_box\" data-id=\"d532df4\" data-element_type=\"widget\" data-e-type=\"widget\" data-widget_type=\"iservice_box.default\">\n\t\t\t\t<div class=\"elementor-widget-container\">\n\t\t\t\t\t\r\n\t\t<div class=\"service-box s-box\">\r\n\t\t\t<span class=\"big-number\">05<\/span>\r\n\t\t\t<div class=\"icon-main\">\r\n\t\t        \t\t\t    \t\t        <span class=\"flaticon-correct\"><\/span>\t        <\/div>\r\n\t        <div class=\"content-box\">\r\n\t            <h5>Listeler Olu\u015fturma<\/h5>\r\n\t            <p>Diledi\u011finiz kadar liste  olu\u015fturma imkan\u0131<\/p>\r\n\t        <\/div>\r\n\t    <\/div>\r\n\r\n\t    \t\t\t\t<\/div>\n\t\t\t\t<\/div>\n\t\t\t\t\t<\/div>\n\t\t<\/div>\n\t\t\t\t<div class=\"elementor-column elementor-col-33 elementor-inner-column elementor-element elementor-element-eda8a19 ot-flex-column-vertical\" data-id=\"eda8a19\" data-element_type=\"column\" data-e-type=\"column\">\n\t\t\t<div class=\"elementor-widget-wrap elementor-element-populated\">\n\t\t\t\t\t\t<div class=\"elementor-element elementor-element-a8ac9bb elementor-widget elementor-widget-iservice_box\" data-id=\"a8ac9bb\" data-element_type=\"widget\" data-e-type=\"widget\" data-widget_type=\"iservice_box.default\">\n\t\t\t\t<div class=\"elementor-widget-container\">\n\t\t\t\t\t\r\n\t\t<div class=\"service-box s-box\">\r\n\t\t\t<span class=\"big-number\">06<\/span>\r\n\t\t\t<div class=\"icon-main\">\r\n\t\t        \t\t\t    \t\t        <span class=\"flaticon-correct\"><\/span>\t        <\/div>\r\n\t        <div class=\"content-box\">\r\n\t            <h5>ileri Tarih G\u00f6nderim<\/h5>\r\n\t            <p>ileri tarihte  ePosta g\u00f6nderim imkan\u0131<\/p>\r\n\t        <\/div>\r\n\t    <\/div>\r\n\r\n\t    \t\t\t\t<\/div>\n\t\t\t\t<\/div>\n\t\t\t\t\t<\/div>\n\t\t<\/div>\n\t\t\t\t\t<\/div>\n\t\t<\/section>\n\t\t\t\t<div class=\"elementor-element elementor-element-95dfb87 elementor-widget elementor-widget-spacer\" data-id=\"95dfb87\" data-element_type=\"widget\" data-e-type=\"widget\" data-widget_type=\"spacer.default\">\n\t\t\t\t<div class=\"elementor-widget-container\">\n\t\t\t\t\t\t\t<div class=\"elementor-spacer\">\n\t\t\t<div class=\"elementor-spacer-inner\"><\/div>\n\t\t<\/div>\n\t\t\t\t\t\t<\/div>\n\t\t\t\t<\/div>\n\t\t\t\t<div class=\"elementor-element elementor-element-ce3ad38 elementor-button-info elementor-align-center elementor-widget elementor-widget-button\" data-id=\"ce3ad38\" data-element_type=\"widget\" data-e-type=\"widget\" data-widget_type=\"button.default\">\n\t\t\t\t<div class=\"elementor-widget-container\">\n\t\t\t\t\t\t\t\t\t<div class=\"elementor-button-wrapper\">\n\t\t\t\t\t<a class=\"elementor-button elementor-button-link elementor-size-xl\" href=\"https:\/\/www.nbthost.com\/index.php\/store\/e-posta\" target=\"_blank\">\n\t\t\t\t\t\t<span class=\"elementor-button-content-wrapper\">\n\t\t\t\t\t\t<span class=\"elementor-button-icon\">\n\t\t\t\t<i aria-hidden=\"true\" class=\"fas fa-mail-bulk\"><\/i>\t\t\t<\/span>\n\t\t\t\t\t\t\t\t\t<span class=\"elementor-button-text\">\u00dcr\u00fcn Sayfas\u0131na G\u0130T<\/span>\n\t\t\t\t\t<\/span>\n\t\t\t\t\t<\/a>\n\t\t\t\t<\/div>\n\t\t\t\t\t\t\t\t<\/div>\n\t\t\t\t<\/div>\n\t\t\t\t<div class=\"elementor-element elementor-element-c202d55 elementor-widget elementor-widget-spacer\" data-id=\"c202d55\" data-element_type=\"widget\" data-e-type=\"widget\" data-widget_type=\"spacer.default\">\n\t\t\t\t<div class=\"elementor-widget-container\">\n\t\t\t\t\t\t\t<div class=\"elementor-spacer\">\n\t\t\t<div class=\"elementor-spacer-inner\"><\/div>\n\t\t<\/div>\n\t\t\t\t\t\t<\/div>\n\t\t\t\t<\/div>\n\t\t\t\t<div class=\"elementor-element elementor-element-a96be60 elementor-widget elementor-widget-isupportbox2\" data-id=\"a96be60\" data-element_type=\"widget\" data-e-type=\"widget\" data-widget_type=\"isupportbox2.default\">\n\t\t\t\t<div class=\"elementor-widget-container\">\n\t\t\t\t\t\t\t<div class=\"support-box-s2\">\r\n\t\t\t<div class=\"icon-main\">\r\n\t\t        <i aria-hidden=\"true\" class=\"far fa-question-circle\"><\/i>\t        <\/div>\r\n\t        <h5>Farkl\u0131 bir Sorum Var<\/h5>\r\n\t        <p>Yukar\u0131da yeterli bilgi edinemedi\u011finizi d\u00fc\u015f\u00fcn\u00fcyor veya soracak farkl\u0131 bir sorunuz var ise, l\u00fctfen bize, 0232 532 0000 nolu hat\u0131m\u0131zdan ula\u015f\u0131n veya a\u015fa\u011f\u0131daki linkten bizimle irtibata ge\u00e7iniz.<\/p>\r\n\t        <a href=\"https:\/\/nbt.net.tr\/index.php\/contacts\/\" class=\"octf-btn\">Bize Ula\u015f\u0131n<\/a>\t    <\/div>\r\n\t    \t\t\t\t<\/div>\n\t\t\t\t<\/div>\n\t\t\t\t\t<\/div>\n\t\t<\/div>\n\t\t\t\t\t<\/div>\n\t\t<\/section>\n\t\t\t\t<\/div>\n\t\t","protected":false},"excerpt":{"rendered":"<p>Toplu ePosta Aktif ePazarlama; Toplu ePosta Toplu Eposta ile pazarlama ama\u00e7 do\u011fru ki\u015filere ilgili maili g\u00f6ndermektir. Ziyaret\u00e7ilerinizin kendi iste\u011fi ile \u00fcye olabilece\u011fi bir e-b\u00fclten \u00fczerinden, veya size ba\u015fka bir yoldan bilgi alma m\u00fcracaat\u0131nda bulunmu\u015f ki\u015filerin mail adreslerine; kampanyalar\u0131n\u0131z\u0131, \u00fcr\u00fcnlerinizi, hizmetlerinizi, haber ve duyurular\u0131n\u0131z\u0131 en h\u0131zl\u0131 ula\u015ft\u0131rman\u0131z\u0131 sa\u011flayan pazarlama \u015feklidir. 01 phpList Panel phpList A\u00e7\u0131k Kaynak [&hellip;]<\/p>\n","protected":false},"author":1,"featured_media":0,"parent":0,"menu_order":0,"comment_status":"closed","ping_status":"closed","template":"","meta":{"footnotes":""},"class_list":["post-5161","page","type-page","status-publish","hentry"],"yoast_head":"<!-- This site is optimized with the Yoast SEO plugin v25.6 - https:\/\/yoast.com\/wordpress\/plugins\/seo\/ -->\n<title>Toplu ePosta - NBT<\/title>\n<meta name=\"description\" content=\"Ziyaret\u00e7ilerinize bir e-b\u00fclten \u00fczerinden, ki\u015filerin ePosta adreslerine duyurular\u0131n\u0131z\u0131 ula\u015ft\u0131rman\u0131z\u0131 sa\u011flayan pazarlama \u015feklidir.\" \/>\n<meta name=\"robots\" content=\"index, follow, max-snippet:-1, max-image-preview:large, max-video-preview:-1\" \/>\n<link rel=\"canonical\" href=\"https:\/\/nbt.net.tr\/index.php\/toplueposta\/\" \/>\n<meta property=\"og:locale\" content=\"tr_TR\" \/>\n<meta property=\"og:type\" content=\"article\" \/>\n<meta property=\"og:title\" content=\"Toplu ePosta - NBT\" \/>\n<meta property=\"og:description\" content=\"Ziyaret\u00e7ilerinize bir e-b\u00fclten \u00fczerinden, ki\u015filerin ePosta adreslerine duyurular\u0131n\u0131z\u0131 ula\u015ft\u0131rman\u0131z\u0131 sa\u011flayan pazarlama \u015feklidir.\" \/>\n<meta property=\"og:url\" content=\"https:\/\/nbt.net.tr\/index.php\/toplueposta\/\" \/>\n<meta property=\"og:site_name\" content=\"NBT\" \/>\n<meta property=\"article:modified_time\" content=\"2021-03-17T20:10:17+00:00\" \/>\n<meta property=\"og:image\" content=\"https:\/\/nbt.net.tr\/wp-content\/uploads\/2021\/02\/Fill-1.png\" \/>\n<meta name=\"twitter:card\" content=\"summary_large_image\" \/>\n<meta name=\"twitter:label1\" content=\"Tahmini okuma s\u00fcresi\" \/>\n\t<meta name=\"twitter:data1\" content=\"1 dakika\" \/>\n<script type=\"application\/ld+json\" class=\"yoast-schema-graph\">{\"@context\":\"https:\/\/schema.org\",\"@graph\":[{\"@type\":\"WebPage\",\"@id\":\"https:\/\/nbt.net.tr\/index.php\/toplueposta\/\",\"url\":\"https:\/\/nbt.net.tr\/index.php\/toplueposta\/\",\"name\":\"Toplu ePosta - NBT\",\"isPartOf\":{\"@id\":\"https:\/\/nbt.net.tr\/#website\"},\"primaryImageOfPage\":{\"@id\":\"https:\/\/nbt.net.tr\/index.php\/toplueposta\/#primaryimage\"},\"image\":{\"@id\":\"https:\/\/nbt.net.tr\/index.php\/toplueposta\/#primaryimage\"},\"thumbnailUrl\":\"https:\/\/nbt.net.tr\/wp-content\/uploads\/2021\/02\/Fill-1.png\",\"datePublished\":\"2021-03-17T19:26:40+00:00\",\"dateModified\":\"2021-03-17T20:10:17+00:00\",\"description\":\"Ziyaret\u00e7ilerinize bir e-b\u00fclten \u00fczerinden, ki\u015filerin ePosta adreslerine duyurular\u0131n\u0131z\u0131 ula\u015ft\u0131rman\u0131z\u0131 sa\u011flayan pazarlama \u015feklidir.\",\"breadcrumb\":{\"@id\":\"https:\/\/nbt.net.tr\/index.php\/toplueposta\/#breadcrumb\"},\"inLanguage\":\"tr\",\"potentialAction\":[{\"@type\":\"ReadAction\",\"target\":[\"https:\/\/nbt.net.tr\/index.php\/toplueposta\/\"]}]},{\"@type\":\"ImageObject\",\"inLanguage\":\"tr\",\"@id\":\"https:\/\/nbt.net.tr\/index.php\/toplueposta\/#primaryimage\",\"url\":\"https:\/\/nbt.net.tr\/wp-content\/uploads\/2021\/02\/Fill-1.png\",\"contentUrl\":\"https:\/\/nbt.net.tr\/wp-content\/uploads\/2021\/02\/Fill-1.png\",\"width\":198,\"height\":190},{\"@type\":\"BreadcrumbList\",\"@id\":\"https:\/\/nbt.net.tr\/index.php\/toplueposta\/#breadcrumb\",\"itemListElement\":[{\"@type\":\"ListItem\",\"position\":1,\"name\":\"Anasayfa\",\"item\":\"https:\/\/nbt.net.tr\/\"},{\"@type\":\"ListItem\",\"position\":2,\"name\":\"Toplu ePosta\"}]},{\"@type\":\"WebSite\",\"@id\":\"https:\/\/nbt.net.tr\/#website\",\"url\":\"https:\/\/nbt.net.tr\/\",\"name\":\"NBT\",\"description\":\"Dan\u0131\u015fmanl\u0131k Destek Teknoloji\",\"potentialAction\":[{\"@type\":\"SearchAction\",\"target\":{\"@type\":\"EntryPoint\",\"urlTemplate\":\"https:\/\/nbt.net.tr\/?s={search_term_string}\"},\"query-input\":{\"@type\":\"PropertyValueSpecification\",\"valueRequired\":true,\"valueName\":\"search_term_string\"}}],\"inLanguage\":\"tr\"}]}<\/script>\n<!-- \/ Yoast SEO plugin. -->","yoast_head_json":{"title":"Toplu ePosta - NBT","description":"Ziyaret\u00e7ilerinize bir e-b\u00fclten \u00fczerinden, ki\u015filerin ePosta adreslerine duyurular\u0131n\u0131z\u0131 ula\u015ft\u0131rman\u0131z\u0131 sa\u011flayan pazarlama \u015feklidir.","robots":{"index":"index","follow":"follow","max-snippet":"max-snippet:-1","max-image-preview":"max-image-preview:large","max-video-preview":"max-video-preview:-1"},"canonical":"https:\/\/nbt.net.tr\/index.php\/toplueposta\/","og_locale":"tr_TR","og_type":"article","og_title":"Toplu ePosta - NBT","og_description":"Ziyaret\u00e7ilerinize bir e-b\u00fclten \u00fczerinden, ki\u015filerin ePosta adreslerine duyurular\u0131n\u0131z\u0131 ula\u015ft\u0131rman\u0131z\u0131 sa\u011flayan pazarlama \u015feklidir.","og_url":"https:\/\/nbt.net.tr\/index.php\/toplueposta\/","og_site_name":"NBT","article_modified_time":"2021-03-17T20:10:17+00:00","og_image":[{"url":"https:\/\/nbt.net.tr\/wp-content\/uploads\/2021\/02\/Fill-1.png","type":"","width":"","height":""}],"twitter_card":"summary_large_image","twitter_misc":{"Tahmini okuma s\u00fcresi":"1 dakika"},"schema":{"@context":"https:\/\/schema.org","@graph":[{"@type":"WebPage","@id":"https:\/\/nbt.net.tr\/index.php\/toplueposta\/","url":"https:\/\/nbt.net.tr\/index.php\/toplueposta\/","name":"Toplu ePosta - NBT","isPartOf":{"@id":"https:\/\/nbt.net.tr\/#website"},"primaryImageOfPage":{"@id":"https:\/\/nbt.net.tr\/index.php\/toplueposta\/#primaryimage"},"image":{"@id":"https:\/\/nbt.net.tr\/index.php\/toplueposta\/#primaryimage"},"thumbnailUrl":"https:\/\/nbt.net.tr\/wp-content\/uploads\/2021\/02\/Fill-1.png","datePublished":"2021-03-17T19:26:40+00:00","dateModified":"2021-03-17T20:10:17+00:00","description":"Ziyaret\u00e7ilerinize bir e-b\u00fclten \u00fczerinden, ki\u015filerin ePosta adreslerine duyurular\u0131n\u0131z\u0131 ula\u015ft\u0131rman\u0131z\u0131 sa\u011flayan pazarlama \u015feklidir.","breadcrumb":{"@id":"https:\/\/nbt.net.tr\/index.php\/toplueposta\/#breadcrumb"},"inLanguage":"tr","potentialAction":[{"@type":"ReadAction","target":["https:\/\/nbt.net.tr\/index.php\/toplueposta\/"]}]},{"@type":"ImageObject","inLanguage":"tr","@id":"https:\/\/nbt.net.tr\/index.php\/toplueposta\/#primaryimage","url":"https:\/\/nbt.net.tr\/wp-content\/uploads\/2021\/02\/Fill-1.png","contentUrl":"https:\/\/nbt.net.tr\/wp-content\/uploads\/2021\/02\/Fill-1.png","width":198,"height":190},{"@type":"BreadcrumbList","@id":"https:\/\/nbt.net.tr\/index.php\/toplueposta\/#breadcrumb","itemListElement":[{"@type":"ListItem","position":1,"name":"Anasayfa","item":"https:\/\/nbt.net.tr\/"},{"@type":"ListItem","position":2,"name":"Toplu ePosta"}]},{"@type":"WebSite","@id":"https:\/\/nbt.net.tr\/#website","url":"https:\/\/nbt.net.tr\/","name":"NBT","description":"Dan\u0131\u015fmanl\u0131k Destek Teknoloji","potentialAction":[{"@type":"SearchAction","target":{"@type":"EntryPoint","urlTemplate":"https:\/\/nbt.net.tr\/?s={search_term_string}"},"query-input":{"@type":"PropertyValueSpecification","valueRequired":true,"valueName":"search_term_string"}}],"inLanguage":"tr"}]}},"_links":{"self":[{"href":"https:\/\/nbt.net.tr\/index.php\/wp-json\/wp\/v2\/pages\/5161"}],"collection":[{"href":"https:\/\/nbt.net.tr\/index.php\/wp-json\/wp\/v2\/pages"}],"about":[{"href":"https:\/\/nbt.net.tr\/index.php\/wp-json\/wp\/v2\/types\/page"}],"author":[{"embeddable":true,"href":"https:\/\/nbt.net.tr\/index.php\/wp-json\/wp\/v2\/users\/1"}],"replies":[{"embeddable":true,"href":"https:\/\/nbt.net.tr\/index.php\/wp-json\/wp\/v2\/comments?post=5161"}],"version-history":[{"count":38,"href":"https:\/\/nbt.net.tr\/index.php\/wp-json\/wp\/v2\/pages\/5161\/revisions"}],"predecessor-version":[{"id":5201,"href":"https:\/\/nbt.net.tr\/index.php\/wp-json\/wp\/v2\/pages\/5161\/revisions\/5201"}],"wp:attachment":[{"href":"https:\/\/nbt.net.tr\/index.php\/wp-json\/wp\/v2\/media?parent=5161"}],"curies":[{"name":"wp","href":"https:\/\/api.w.org\/{rel}","templated":true}]}}