{"id":5204,"date":"2021-03-24T22:55:33","date_gmt":"2021-03-24T19:55:33","guid":{"rendered":"https:\/\/nbt.net.tr\/?page_id=5204"},"modified":"2021-03-25T01:39:34","modified_gmt":"2021-03-24T22:39:34","slug":"alan-adi","status":"publish","type":"page","link":"https:\/\/nbt.net.tr\/index.php\/alan-adi\/","title":{"rendered":"Alan Ad\u0131 \u0130\u015flemleri"},"content":{"rendered":"\t\t<div data-elementor-type=\"wp-page\" data-elementor-id=\"5204\" class=\"elementor elementor-5204\">\n\t\t\t\t\t\t<section class=\"elementor-section elementor-top-section elementor-element elementor-element-c752257 ot-traditional elementor-section-boxed elementor-section-height-default elementor-section-height-default\" data-id=\"c752257\" data-element_type=\"section\" data-e-type=\"section\" data-settings=\"{&quot;background_background&quot;:&quot;classic&quot;}\">\n\t\t\t\t\t\t<div class=\"elementor-container elementor-column-gap-default\">\n\t\t\t\t\t<div class=\"elementor-column elementor-col-100 elementor-top-column elementor-element elementor-element-bbba908 ot-flex-column-vertical\" data-id=\"bbba908\" data-element_type=\"column\" data-e-type=\"column\">\n\t\t\t<div class=\"elementor-widget-wrap elementor-element-populated\">\n\t\t\t\t\t\t<div class=\"elementor-element elementor-element-b590596 elementor-widget elementor-widget-spacer\" data-id=\"b590596\" data-element_type=\"widget\" data-e-type=\"widget\" data-widget_type=\"spacer.default\">\n\t\t\t\t<div class=\"elementor-widget-container\">\n\t\t\t\t\t\t\t<div class=\"elementor-spacer\">\n\t\t\t<div class=\"elementor-spacer-inner\"><\/div>\n\t\t<\/div>\n\t\t\t\t\t\t<\/div>\n\t\t\t\t<\/div>\n\t\t\t\t<section class=\"elementor-section elementor-inner-section elementor-element elementor-element-197aea1 ot-traditional elementor-section-boxed elementor-section-height-default elementor-section-height-default\" data-id=\"197aea1\" data-element_type=\"section\" data-e-type=\"section\">\n\t\t\t\t\t\t<div class=\"elementor-container elementor-column-gap-default\">\n\t\t\t\t\t<div class=\"elementor-column elementor-col-50 elementor-inner-column elementor-element elementor-element-171f415 ot-flex-column-vertical\" data-id=\"171f415\" data-element_type=\"column\" data-e-type=\"column\">\n\t\t\t<div class=\"elementor-widget-wrap elementor-element-populated\">\n\t\t\t\t\t\t<div class=\"elementor-element elementor-element-38bd0de elementor-widget elementor-widget-heading\" data-id=\"38bd0de\" data-element_type=\"widget\" data-e-type=\"widget\" data-widget_type=\"heading.default\">\n\t\t\t\t<div class=\"elementor-widget-container\">\n\t\t\t\t\t<h2 class=\"elementor-heading-title elementor-size-default\">Alan Ad\u0131 \u0130\u015flemleri<\/h2>\t\t\t\t<\/div>\n\t\t\t\t<\/div>\n\t\t\t\t\t<\/div>\n\t\t<\/div>\n\t\t\t\t<div class=\"elementor-column elementor-col-50 elementor-inner-column elementor-element elementor-element-630d2f8 ot-flex-column-vertical\" data-id=\"630d2f8\" data-element_type=\"column\" data-e-type=\"column\">\n\t\t\t<div class=\"elementor-widget-wrap elementor-element-populated\">\n\t\t\t\t\t\t<div class=\"elementor-element elementor-element-1075605 elementor-widget elementor-widget-image\" data-id=\"1075605\" data-element_type=\"widget\" data-e-type=\"widget\" data-widget_type=\"image.default\">\n\t\t\t\t<div class=\"elementor-widget-container\">\n\t\t\t\t\t\t\t\t\t\t\t\t\t\t\t<img fetchpriority=\"high\" decoding=\"async\" width=\"724\" height=\"663\" src=\"https:\/\/nbt.net.tr\/wp-content\/uploads\/2021\/02\/Shape.png\" class=\"attachment-large size-large wp-image-4261\" alt=\"\" srcset=\"https:\/\/nbt.net.tr\/wp-content\/uploads\/2021\/02\/Shape.png 724w, https:\/\/nbt.net.tr\/wp-content\/uploads\/2021\/02\/Shape-300x275.png 300w, https:\/\/nbt.net.tr\/wp-content\/uploads\/2021\/02\/Shape-720x659.png 720w, https:\/\/nbt.net.tr\/wp-content\/uploads\/2021\/02\/Shape-600x549.png 600w\" sizes=\"(max-width: 724px) 100vw, 724px\" \/>\t\t\t\t\t\t\t\t\t\t\t\t\t\t\t<\/div>\n\t\t\t\t<\/div>\n\t\t\t\t\t<\/div>\n\t\t<\/div>\n\t\t\t\t\t<\/div>\n\t\t<\/section>\n\t\t\t\t<div class=\"elementor-element elementor-element-87d026e elementor-widget elementor-widget-text-editor\" data-id=\"87d026e\" data-element_type=\"widget\" data-e-type=\"widget\" data-widget_type=\"text-editor.default\">\n\t\t\t\t<div class=\"elementor-widget-container\">\n\t\t\t\t\t\t\t\t\t<h6 style=\"text-align: center;\">.com, .net, .org ba\u015fta olmak \u00fczere bir \u00e7ok alan ad\u0131n\u0131n m\u00fcsait olup olmad\u0131\u011f\u0131n\u0131 kontrol edip, sat\u0131n alabilirsiniz.<\/h6>\t\t\t\t\t\t\t\t<\/div>\n\t\t\t\t<\/div>\n\t\t\t\t<div class=\"elementor-element elementor-element-33da9d2 elementor-widget elementor-widget-spacer\" data-id=\"33da9d2\" data-element_type=\"widget\" data-e-type=\"widget\" data-widget_type=\"spacer.default\">\n\t\t\t\t<div class=\"elementor-widget-container\">\n\t\t\t\t\t\t\t<div class=\"elementor-spacer\">\n\t\t\t<div class=\"elementor-spacer-inner\"><\/div>\n\t\t<\/div>\n\t\t\t\t\t\t<\/div>\n\t\t\t\t<\/div>\n\t\t\t\t<div class=\"elementor-element elementor-element-f529817 elementor-widget elementor-widget-section-domain-search\" data-id=\"f529817\" data-element_type=\"widget\" data-e-type=\"widget\" data-widget_type=\"section-domain-search.default\">\n\t\t\t\t<div class=\"elementor-widget-container\">\n\t\t\t\t\t\t\t\t<div class=\"sda-form-area\">\r\n\t\t    <div class=\"sda-form-input-box\">\r\n\t\t\t    <form method=\"post\" action=\"https:\/\/www.nbthost.com\/domainchecker.php\" >\r\n\t\t\t        <input class=\"iddomainname\" type=\"text\" autocomplete=\"off\" required name=\"domain\" placeholder=\"alan ad\u0131n\u0131 yaz\u0131n\u0131z\">\r\n\t\t\t        <input id=\"find\" type=\"submit\" value=\"Ara\">\r\n\t\t\t   \t<\/form>\r\n\t\t    <\/div>\r\n\t\t     <div id=\"results\" class=\"domain-result\"><\/div>\r\n        <\/div>\r\n  \r\n\t\r\n\t\t\t\t\t<\/div>\n\t\t\t\t<\/div>\n\t\t\t\t<div class=\"elementor-element elementor-element-3c25b1a elementor-widget elementor-widget-spacer\" data-id=\"3c25b1a\" data-element_type=\"widget\" data-e-type=\"widget\" data-widget_type=\"spacer.default\">\n\t\t\t\t<div class=\"elementor-widget-container\">\n\t\t\t\t\t\t\t<div class=\"elementor-spacer\">\n\t\t\t<div class=\"elementor-spacer-inner\"><\/div>\n\t\t<\/div>\n\t\t\t\t\t\t<\/div>\n\t\t\t\t<\/div>\n\t\t\t\t\t<\/div>\n\t\t<\/div>\n\t\t\t\t\t<\/div>\n\t\t<\/section>\n\t\t\t\t<section class=\"elementor-section elementor-top-section elementor-element elementor-element-edcab07 ot-traditional elementor-section-boxed elementor-section-height-default elementor-section-height-default\" data-id=\"edcab07\" data-element_type=\"section\" data-e-type=\"section\">\n\t\t\t\t\t\t\t<div class=\"elementor-background-overlay\"><\/div>\n\t\t\t\t\t\t\t<div class=\"elementor-container elementor-column-gap-default\">\n\t\t\t\t\t<div class=\"elementor-column elementor-col-100 elementor-top-column elementor-element elementor-element-f756180 ot-flex-column-vertical\" data-id=\"f756180\" data-element_type=\"column\" data-e-type=\"column\">\n\t\t\t<div class=\"elementor-widget-wrap\">\n\t\t\t\t\t\t\t<\/div>\n\t\t<\/div>\n\t\t\t\t\t<\/div>\n\t\t<\/section>\n\t\t\t\t<\/div>\n\t\t","protected":false},"excerpt":{"rendered":"<p>Alan Ad\u0131 \u0130\u015flemleri .com, .net, .org ba\u015fta olmak \u00fczere bir \u00e7ok alan ad\u0131n\u0131n m\u00fcsait olup olmad\u0131\u011f\u0131n\u0131 kontrol edip, sat\u0131n alabilirsiniz. Farkl\u0131 bir Sorum Var Yukar\u0131da yeterli bilgi edinemedi\u011finizi d\u00fc\u015f\u00fcn\u00fcyor veya soracak farkl\u0131 bir sorunuz var ise, l\u00fctfen bize, 0232 532 0000 nolu hat\u0131m\u0131zdan ula\u015f\u0131n veya a\u015fa\u011f\u0131daki linkten bizimle irtibata ge\u00e7iniz. Bize Ula\u015f\u0131n<\/p>\n","protected":false},"author":1,"featured_media":0,"parent":0,"menu_order":0,"comment_status":"closed","ping_status":"closed","template":"elementor_theme","meta":{"footnotes":""},"class_list":["post-5204","page","type-page","status-publish","hentry"],"yoast_head":"<!-- This site is optimized with the Yoast SEO plugin v25.6 - https:\/\/yoast.com\/wordpress\/plugins\/seo\/ -->\n<title>Alan Ad\u0131 \u0130\u015flemleri - NBT<\/title>\n<meta name=\"description\" content=\".com, .net, .org ba\u015fta olmak \u00fczere bir \u00e7ok alan ad\u0131n\u0131n m\u00fcsait olup olmad\u0131\u011f\u0131n\u0131 kontrol edip, sat\u0131n alabilirsiniz.\" \/>\n<meta name=\"robots\" content=\"index, follow, max-snippet:-1, max-image-preview:large, max-video-preview:-1\" \/>\n<link rel=\"canonical\" href=\"https:\/\/nbt.net.tr\/index.php\/alan-adi\/\" \/>\n<meta property=\"og:locale\" content=\"tr_TR\" \/>\n<meta property=\"og:type\" content=\"article\" \/>\n<meta property=\"og:title\" content=\"Alan Ad\u0131 \u0130\u015flemleri - NBT\" \/>\n<meta property=\"og:description\" content=\".com, .net, .org ba\u015fta olmak \u00fczere bir \u00e7ok alan ad\u0131n\u0131n m\u00fcsait olup olmad\u0131\u011f\u0131n\u0131 kontrol edip, sat\u0131n alabilirsiniz.\" \/>\n<meta property=\"og:url\" content=\"https:\/\/nbt.net.tr\/index.php\/alan-adi\/\" \/>\n<meta property=\"og:site_name\" content=\"NBT\" \/>\n<meta property=\"article:modified_time\" content=\"2021-03-24T22:39:34+00:00\" \/>\n<meta property=\"og:image\" content=\"https:\/\/nbt.net.tr\/wp-content\/uploads\/2021\/02\/Shape.png\" \/>\n<meta name=\"twitter:card\" content=\"summary_large_image\" \/>\n<meta name=\"twitter:label1\" content=\"Tahmini okuma s\u00fcresi\" \/>\n\t<meta name=\"twitter:data1\" content=\"1 dakika\" \/>\n<script type=\"application\/ld+json\" class=\"yoast-schema-graph\">{\"@context\":\"https:\/\/schema.org\",\"@graph\":[{\"@type\":\"WebPage\",\"@id\":\"https:\/\/nbt.net.tr\/index.php\/alan-adi\/\",\"url\":\"https:\/\/nbt.net.tr\/index.php\/alan-adi\/\",\"name\":\"Alan Ad\u0131 \u0130\u015flemleri - NBT\",\"isPartOf\":{\"@id\":\"https:\/\/nbt.net.tr\/#website\"},\"primaryImageOfPage\":{\"@id\":\"https:\/\/nbt.net.tr\/index.php\/alan-adi\/#primaryimage\"},\"image\":{\"@id\":\"https:\/\/nbt.net.tr\/index.php\/alan-adi\/#primaryimage\"},\"thumbnailUrl\":\"https:\/\/nbt.net.tr\/wp-content\/uploads\/2021\/02\/Shape.png\",\"datePublished\":\"2021-03-24T19:55:33+00:00\",\"dateModified\":\"2021-03-24T22:39:34+00:00\",\"description\":\".com, .net, .org ba\u015fta olmak \u00fczere bir \u00e7ok alan ad\u0131n\u0131n m\u00fcsait olup olmad\u0131\u011f\u0131n\u0131 kontrol edip, sat\u0131n alabilirsiniz.\",\"breadcrumb\":{\"@id\":\"https:\/\/nbt.net.tr\/index.php\/alan-adi\/#breadcrumb\"},\"inLanguage\":\"tr\",\"potentialAction\":[{\"@type\":\"ReadAction\",\"target\":[\"https:\/\/nbt.net.tr\/index.php\/alan-adi\/\"]}]},{\"@type\":\"ImageObject\",\"inLanguage\":\"tr\",\"@id\":\"https:\/\/nbt.net.tr\/index.php\/alan-adi\/#primaryimage\",\"url\":\"https:\/\/nbt.net.tr\/wp-content\/uploads\/2021\/02\/Shape.png\",\"contentUrl\":\"https:\/\/nbt.net.tr\/wp-content\/uploads\/2021\/02\/Shape.png\",\"width\":724,\"height\":663},{\"@type\":\"BreadcrumbList\",\"@id\":\"https:\/\/nbt.net.tr\/index.php\/alan-adi\/#breadcrumb\",\"itemListElement\":[{\"@type\":\"ListItem\",\"position\":1,\"name\":\"Anasayfa\",\"item\":\"https:\/\/nbt.net.tr\/\"},{\"@type\":\"ListItem\",\"position\":2,\"name\":\"Alan Ad\u0131 \u0130\u015flemleri\"}]},{\"@type\":\"WebSite\",\"@id\":\"https:\/\/nbt.net.tr\/#website\",\"url\":\"https:\/\/nbt.net.tr\/\",\"name\":\"NBT\",\"description\":\"Dan\u0131\u015fmanl\u0131k Destek Teknoloji\",\"potentialAction\":[{\"@type\":\"SearchAction\",\"target\":{\"@type\":\"EntryPoint\",\"urlTemplate\":\"https:\/\/nbt.net.tr\/?s={search_term_string}\"},\"query-input\":{\"@type\":\"PropertyValueSpecification\",\"valueRequired\":true,\"valueName\":\"search_term_string\"}}],\"inLanguage\":\"tr\"}]}<\/script>\n<!-- \/ Yoast SEO plugin. -->","yoast_head_json":{"title":"Alan Ad\u0131 \u0130\u015flemleri - NBT","description":".com, .net, .org ba\u015fta olmak \u00fczere bir \u00e7ok alan ad\u0131n\u0131n m\u00fcsait olup olmad\u0131\u011f\u0131n\u0131 kontrol edip, sat\u0131n alabilirsiniz.","robots":{"index":"index","follow":"follow","max-snippet":"max-snippet:-1","max-image-preview":"max-image-preview:large","max-video-preview":"max-video-preview:-1"},"canonical":"https:\/\/nbt.net.tr\/index.php\/alan-adi\/","og_locale":"tr_TR","og_type":"article","og_title":"Alan Ad\u0131 \u0130\u015flemleri - NBT","og_description":".com, .net, .org ba\u015fta olmak \u00fczere bir \u00e7ok alan ad\u0131n\u0131n m\u00fcsait olup olmad\u0131\u011f\u0131n\u0131 kontrol edip, sat\u0131n alabilirsiniz.","og_url":"https:\/\/nbt.net.tr\/index.php\/alan-adi\/","og_site_name":"NBT","article_modified_time":"2021-03-24T22:39:34+00:00","og_image":[{"url":"https:\/\/nbt.net.tr\/wp-content\/uploads\/2021\/02\/Shape.png","type":"","width":"","height":""}],"twitter_card":"summary_large_image","twitter_misc":{"Tahmini okuma s\u00fcresi":"1 dakika"},"schema":{"@context":"https:\/\/schema.org","@graph":[{"@type":"WebPage","@id":"https:\/\/nbt.net.tr\/index.php\/alan-adi\/","url":"https:\/\/nbt.net.tr\/index.php\/alan-adi\/","name":"Alan Ad\u0131 \u0130\u015flemleri - NBT","isPartOf":{"@id":"https:\/\/nbt.net.tr\/#website"},"primaryImageOfPage":{"@id":"https:\/\/nbt.net.tr\/index.php\/alan-adi\/#primaryimage"},"image":{"@id":"https:\/\/nbt.net.tr\/index.php\/alan-adi\/#primaryimage"},"thumbnailUrl":"https:\/\/nbt.net.tr\/wp-content\/uploads\/2021\/02\/Shape.png","datePublished":"2021-03-24T19:55:33+00:00","dateModified":"2021-03-24T22:39:34+00:00","description":".com, .net, .org ba\u015fta olmak \u00fczere bir \u00e7ok alan ad\u0131n\u0131n m\u00fcsait olup olmad\u0131\u011f\u0131n\u0131 kontrol edip, sat\u0131n alabilirsiniz.","breadcrumb":{"@id":"https:\/\/nbt.net.tr\/index.php\/alan-adi\/#breadcrumb"},"inLanguage":"tr","potentialAction":[{"@type":"ReadAction","target":["https:\/\/nbt.net.tr\/index.php\/alan-adi\/"]}]},{"@type":"ImageObject","inLanguage":"tr","@id":"https:\/\/nbt.net.tr\/index.php\/alan-adi\/#primaryimage","url":"https:\/\/nbt.net.tr\/wp-content\/uploads\/2021\/02\/Shape.png","contentUrl":"https:\/\/nbt.net.tr\/wp-content\/uploads\/2021\/02\/Shape.png","width":724,"height":663},{"@type":"BreadcrumbList","@id":"https:\/\/nbt.net.tr\/index.php\/alan-adi\/#breadcrumb","itemListElement":[{"@type":"ListItem","position":1,"name":"Anasayfa","item":"https:\/\/nbt.net.tr\/"},{"@type":"ListItem","position":2,"name":"Alan Ad\u0131 \u0130\u015flemleri"}]},{"@type":"WebSite","@id":"https:\/\/nbt.net.tr\/#website","url":"https:\/\/nbt.net.tr\/","name":"NBT","description":"Dan\u0131\u015fmanl\u0131k Destek Teknoloji","potentialAction":[{"@type":"SearchAction","target":{"@type":"EntryPoint","urlTemplate":"https:\/\/nbt.net.tr\/?s={search_term_string}"},"query-input":{"@type":"PropertyValueSpecification","valueRequired":true,"valueName":"search_term_string"}}],"inLanguage":"tr"}]}},"_links":{"self":[{"href":"https:\/\/nbt.net.tr\/index.php\/wp-json\/wp\/v2\/pages\/5204"}],"collection":[{"href":"https:\/\/nbt.net.tr\/index.php\/wp-json\/wp\/v2\/pages"}],"about":[{"href":"https:\/\/nbt.net.tr\/index.php\/wp-json\/wp\/v2\/types\/page"}],"author":[{"embeddable":true,"href":"https:\/\/nbt.net.tr\/index.php\/wp-json\/wp\/v2\/users\/1"}],"replies":[{"embeddable":true,"href":"https:\/\/nbt.net.tr\/index.php\/wp-json\/wp\/v2\/comments?post=5204"}],"version-history":[{"count":23,"href":"https:\/\/nbt.net.tr\/index.php\/wp-json\/wp\/v2\/pages\/5204\/revisions"}],"predecessor-version":[{"id":5230,"href":"https:\/\/nbt.net.tr\/index.php\/wp-json\/wp\/v2\/pages\/5204\/revisions\/5230"}],"wp:attachment":[{"href":"https:\/\/nbt.net.tr\/index.php\/wp-json\/wp\/v2\/media?parent=5204"}],"curies":[{"name":"wp","href":"https:\/\/api.w.org\/{rel}","templated":true}]}}