{"id":5334,"date":"2021-07-16T21:06:18","date_gmt":"2021-07-16T18:06:18","guid":{"rendered":"https:\/\/nbt.net.tr\/?page_id=5334"},"modified":"2021-12-19T18:29:19","modified_gmt":"2021-12-19T15:29:19","slug":"ddns-hizmeti","status":"publish","type":"page","link":"https:\/\/nbt.net.tr\/index.php\/ddns-hizmeti\/","title":{"rendered":"DDNS Hizmeti"},"content":{"rendered":"\t\t<div data-elementor-type=\"wp-page\" data-elementor-id=\"5334\" class=\"elementor elementor-5334\">\n\t\t\t\t\t\t<section class=\"elementor-section elementor-top-section elementor-element elementor-element-50eca5a elementor-section-boxed elementor-section-height-default elementor-section-height-default\" data-id=\"50eca5a\" data-element_type=\"section\" data-e-type=\"section\">\n\t\t\t\t\t\t\t<div class=\"elementor-background-overlay\"><\/div>\n\t\t\t\t\t\t\t<div class=\"elementor-container elementor-column-gap-default\">\n\t\t\t\t\t<div class=\"elementor-column elementor-col-100 elementor-top-column elementor-element elementor-element-a18e915 ot-flex-column-vertical\" data-id=\"a18e915\" data-element_type=\"column\" data-e-type=\"column\">\n\t\t\t<div class=\"elementor-widget-wrap elementor-element-populated\">\n\t\t\t\t\t\t<div class=\"elementor-element elementor-element-db5c2bc elementor-widget elementor-widget-spacer\" data-id=\"db5c2bc\" data-element_type=\"widget\" data-e-type=\"widget\" data-widget_type=\"spacer.default\">\n\t\t\t\t<div class=\"elementor-widget-container\">\n\t\t\t\t\t\t\t<div class=\"elementor-spacer\">\n\t\t\t<div class=\"elementor-spacer-inner\"><\/div>\n\t\t<\/div>\n\t\t\t\t\t\t<\/div>\n\t\t\t\t<\/div>\n\t\t\t\t<section class=\"elementor-section elementor-inner-section elementor-element elementor-element-b9e57d0 ot-traditional elementor-section-boxed elementor-section-height-default elementor-section-height-default\" data-id=\"b9e57d0\" data-element_type=\"section\" data-e-type=\"section\">\n\t\t\t\t\t\t<div class=\"elementor-container elementor-column-gap-default\">\n\t\t\t\t\t<div class=\"elementor-column elementor-col-50 elementor-inner-column elementor-element elementor-element-af5b6d3 ot-flex-column-vertical\" data-id=\"af5b6d3\" data-element_type=\"column\" data-e-type=\"column\">\n\t\t\t<div class=\"elementor-widget-wrap elementor-element-populated\">\n\t\t\t\t\t\t<div class=\"elementor-element elementor-element-2ce40ad elementor-widget elementor-widget-heading\" data-id=\"2ce40ad\" data-element_type=\"widget\" data-e-type=\"widget\" data-widget_type=\"heading.default\">\n\t\t\t\t<div class=\"elementor-widget-container\">\n\t\t\t\t\t<h2 class=\"elementor-heading-title elementor-size-default\">DDNS<br>Hizmeti<\/h2>\t\t\t\t<\/div>\n\t\t\t\t<\/div>\n\t\t\t\t\t<\/div>\n\t\t<\/div>\n\t\t\t\t<div class=\"elementor-column elementor-col-50 elementor-inner-column elementor-element elementor-element-ec980a4 ot-flex-column-vertical\" data-id=\"ec980a4\" data-element_type=\"column\" data-e-type=\"column\">\n\t\t\t<div class=\"elementor-widget-wrap elementor-element-populated\">\n\t\t\t\t\t\t<div class=\"elementor-element elementor-element-439efdd elementor-widget elementor-widget-image\" data-id=\"439efdd\" data-element_type=\"widget\" data-e-type=\"widget\" data-widget_type=\"image.default\">\n\t\t\t\t<div class=\"elementor-widget-container\">\n\t\t\t\t\t\t\t\t\t\t\t\t\t\t\t<img decoding=\"async\" width=\"155\" height=\"140\" src=\"https:\/\/nbt.net.tr\/wp-content\/uploads\/2021\/02\/Oval.png\" class=\"attachment-large size-large wp-image-4258\" alt=\"\" \/>\t\t\t\t\t\t\t\t\t\t\t\t\t\t\t<\/div>\n\t\t\t\t<\/div>\n\t\t\t\t\t<\/div>\n\t\t<\/div>\n\t\t\t\t\t<\/div>\n\t\t<\/section>\n\t\t\t\t<div class=\"elementor-element elementor-element-57885b4 elementor-widget elementor-widget-iiconbox2\" data-id=\"57885b4\" data-element_type=\"widget\" data-e-type=\"widget\" data-widget_type=\"iiconbox2.default\">\n\t\t\t\t<div class=\"elementor-widget-container\">\n\t\t\t\t\t\t\t<div class=\"icon-box-s2 s2\">\r\n\t\t\t<div class=\"icon-main\">\r\n\t\t        <i aria-hidden=\"true\" class=\"fab fa-internet-explorer\"><\/i>\t\t\t    \t\t        \t        <\/div>\r\n\t        <div class=\"content-box\">\r\n\t            <h5><a href=\"https:\/\/www.nbthost.com\/index.php\/store\/dns-hizmetleri\">Statik ipniz yok ise; DDNS ile ipnizi sabitleyin<\/a><\/h5>\r\n\t            <p>Bulundu\u011funuz b\u00f6lgede statik ipniz yoksa; <br> \u0130nternet al\u0131m\u0131n\u0131z i\u00e7in kulland\u0131\u011f\u0131n\u0131z modeminizin DDNS \u00f6zelli\u011fini kullanarak, bu alana kullan\u0131c\u0131 ad\u0131 ve \u015fifreniz ile de\u011fi\u015fken ipniz yerine domain kullan\u0131m\u0131 yaparak g\u00fcvenli\u011finizi sa\u011flayabilirsiniz. <br>\nModeminizin DDNS \u00f6zelli\u011fi yoksa; <br> bilgisayar\u0131n\u0131za y\u00fckleyece\u011fimiz bir yaz\u0131l\u0131m ile ayn\u0131 hizmeti verebilmekteyiz.<\/p>\r\n\t        <\/div>\r\n\t    <\/div>\r\n\t    \t\t\t\t<\/div>\n\t\t\t\t<\/div>\n\t\t\t\t<div class=\"elementor-element elementor-element-7c9c221 elementor-widget elementor-widget-spacer\" data-id=\"7c9c221\" data-element_type=\"widget\" data-e-type=\"widget\" data-widget_type=\"spacer.default\">\n\t\t\t\t<div class=\"elementor-widget-container\">\n\t\t\t\t\t\t\t<div class=\"elementor-spacer\">\n\t\t\t<div class=\"elementor-spacer-inner\"><\/div>\n\t\t<\/div>\n\t\t\t\t\t\t<\/div>\n\t\t\t\t<\/div>\n\t\t\t\t<div class=\"elementor-element elementor-element-95dfb87 elementor-widget elementor-widget-spacer\" data-id=\"95dfb87\" data-element_type=\"widget\" data-e-type=\"widget\" data-widget_type=\"spacer.default\">\n\t\t\t\t<div class=\"elementor-widget-container\">\n\t\t\t\t\t\t\t<div class=\"elementor-spacer\">\n\t\t\t<div class=\"elementor-spacer-inner\"><\/div>\n\t\t<\/div>\n\t\t\t\t\t\t<\/div>\n\t\t\t\t<\/div>\n\t\t\t\t<div class=\"elementor-element elementor-element-ce3ad38 elementor-button-info elementor-align-center elementor-widget elementor-widget-button\" data-id=\"ce3ad38\" data-element_type=\"widget\" data-e-type=\"widget\" data-widget_type=\"button.default\">\n\t\t\t\t<div class=\"elementor-widget-container\">\n\t\t\t\t\t\t\t\t\t<div class=\"elementor-button-wrapper\">\n\t\t\t\t\t<a class=\"elementor-button elementor-button-link elementor-size-xl\" href=\"https:\/\/www.nbthost.com\/index.php\/store\/dns-hizmetleri\" target=\"_blank\">\n\t\t\t\t\t\t<span class=\"elementor-button-content-wrapper\">\n\t\t\t\t\t\t<span class=\"elementor-button-icon\">\n\t\t\t\t<i aria-hidden=\"true\" class=\"fas fa-mail-bulk\"><\/i>\t\t\t<\/span>\n\t\t\t\t\t\t\t\t\t<span class=\"elementor-button-text\">\u00dcr\u00fcn Sayfas\u0131na G\u0130T<\/span>\n\t\t\t\t\t<\/span>\n\t\t\t\t\t<\/a>\n\t\t\t\t<\/div>\n\t\t\t\t\t\t\t\t<\/div>\n\t\t\t\t<\/div>\n\t\t\t\t<div class=\"elementor-element elementor-element-c202d55 elementor-widget elementor-widget-spacer\" data-id=\"c202d55\" data-element_type=\"widget\" data-e-type=\"widget\" data-widget_type=\"spacer.default\">\n\t\t\t\t<div class=\"elementor-widget-container\">\n\t\t\t\t\t\t\t<div class=\"elementor-spacer\">\n\t\t\t<div class=\"elementor-spacer-inner\"><\/div>\n\t\t<\/div>\n\t\t\t\t\t\t<\/div>\n\t\t\t\t<\/div>\n\t\t\t\t<div class=\"elementor-element elementor-element-a96be60 elementor-widget elementor-widget-isupportbox2\" data-id=\"a96be60\" data-element_type=\"widget\" data-e-type=\"widget\" data-widget_type=\"isupportbox2.default\">\n\t\t\t\t<div class=\"elementor-widget-container\">\n\t\t\t\t\t\t\t<div class=\"support-box-s2\">\r\n\t\t\t<div class=\"icon-main\">\r\n\t\t        <i aria-hidden=\"true\" class=\"far fa-question-circle\"><\/i>\t        <\/div>\r\n\t        <h5>Farkl\u0131 bir Sorum Var<\/h5>\r\n\t        <p>Yukar\u0131da yeterli bilgi edinemedi\u011finizi d\u00fc\u015f\u00fcn\u00fcyor veya soracak farkl\u0131 bir sorunuz var ise, l\u00fctfen bize, 0232 532 0000 nolu hat\u0131m\u0131zdan ula\u015f\u0131n veya a\u015fa\u011f\u0131daki linkten bizimle irtibata ge\u00e7iniz.<\/p>\r\n\t        <a href=\"https:\/\/nbt.net.tr\/index.php\/contacts\/\" class=\"octf-btn\">Bize Ula\u015f\u0131n<\/a>\t    <\/div>\r\n\t    \t\t\t\t<\/div>\n\t\t\t\t<\/div>\n\t\t\t\t\t<\/div>\n\t\t<\/div>\n\t\t\t\t\t<\/div>\n\t\t<\/section>\n\t\t\t\t<\/div>\n\t\t","protected":false},"excerpt":{"rendered":"<p>DDNSHizmeti Statik ipniz yok ise; DDNS ile ipnizi sabitleyin Bulundu\u011funuz b\u00f6lgede statik ipniz yoksa; \u0130nternet al\u0131m\u0131n\u0131z i\u00e7in kulland\u0131\u011f\u0131n\u0131z modeminizin DDNS \u00f6zelli\u011fini kullanarak, bu alana kullan\u0131c\u0131 ad\u0131 ve \u015fifreniz ile de\u011fi\u015fken ipniz yerine domain kullan\u0131m\u0131 yaparak g\u00fcvenli\u011finizi sa\u011flayabilirsiniz. Modeminizin DDNS \u00f6zelli\u011fi yoksa; bilgisayar\u0131n\u0131za y\u00fckleyece\u011fimiz bir yaz\u0131l\u0131m ile ayn\u0131 hizmeti verebilmekteyiz. \u00dcr\u00fcn Sayfas\u0131na G\u0130T Farkl\u0131 bir Sorum [&hellip;]<\/p>\n","protected":false},"author":1,"featured_media":0,"parent":0,"menu_order":0,"comment_status":"closed","ping_status":"closed","template":"","meta":{"footnotes":""},"class_list":["post-5334","page","type-page","status-publish","hentry"],"yoast_head":"<!-- This site is optimized with the Yoast SEO plugin v25.6 - https:\/\/yoast.com\/wordpress\/plugins\/seo\/ -->\n<title>DDNS Hizmeti - NBT<\/title>\n<meta name=\"description\" content=\"Statik ip yerine domain kullanarak statik ip ile girilen g\u00fcvenli alanlara giri\u015f yapabilirsiniz.\" \/>\n<meta name=\"robots\" content=\"index, follow, max-snippet:-1, max-image-preview:large, max-video-preview:-1\" \/>\n<link rel=\"canonical\" href=\"https:\/\/nbt.net.tr\/index.php\/ddns-hizmeti\/\" \/>\n<meta property=\"og:locale\" content=\"tr_TR\" \/>\n<meta property=\"og:type\" content=\"article\" \/>\n<meta property=\"og:title\" content=\"DDNS Hizmeti - NBT\" \/>\n<meta property=\"og:description\" content=\"Statik ip yerine domain kullanarak statik ip ile girilen g\u00fcvenli alanlara giri\u015f yapabilirsiniz.\" \/>\n<meta property=\"og:url\" content=\"https:\/\/nbt.net.tr\/index.php\/ddns-hizmeti\/\" \/>\n<meta property=\"og:site_name\" content=\"NBT\" \/>\n<meta property=\"article:modified_time\" content=\"2021-12-19T15:29:19+00:00\" \/>\n<meta property=\"og:image\" content=\"https:\/\/nbt.net.tr\/wp-content\/uploads\/2021\/02\/Oval.png\" \/>\n<meta name=\"twitter:card\" content=\"summary_large_image\" \/>\n<meta name=\"twitter:label1\" content=\"Tahmini okuma s\u00fcresi\" \/>\n\t<meta name=\"twitter:data1\" content=\"1 dakika\" \/>\n<script type=\"application\/ld+json\" class=\"yoast-schema-graph\">{\"@context\":\"https:\/\/schema.org\",\"@graph\":[{\"@type\":\"WebPage\",\"@id\":\"https:\/\/nbt.net.tr\/index.php\/ddns-hizmeti\/\",\"url\":\"https:\/\/nbt.net.tr\/index.php\/ddns-hizmeti\/\",\"name\":\"DDNS Hizmeti - NBT\",\"isPartOf\":{\"@id\":\"https:\/\/nbt.net.tr\/#website\"},\"primaryImageOfPage\":{\"@id\":\"https:\/\/nbt.net.tr\/index.php\/ddns-hizmeti\/#primaryimage\"},\"image\":{\"@id\":\"https:\/\/nbt.net.tr\/index.php\/ddns-hizmeti\/#primaryimage\"},\"thumbnailUrl\":\"https:\/\/nbt.net.tr\/wp-content\/uploads\/2021\/02\/Oval.png\",\"datePublished\":\"2021-07-16T18:06:18+00:00\",\"dateModified\":\"2021-12-19T15:29:19+00:00\",\"description\":\"Statik ip yerine domain kullanarak statik ip ile girilen g\u00fcvenli alanlara giri\u015f yapabilirsiniz.\",\"breadcrumb\":{\"@id\":\"https:\/\/nbt.net.tr\/index.php\/ddns-hizmeti\/#breadcrumb\"},\"inLanguage\":\"tr\",\"potentialAction\":[{\"@type\":\"ReadAction\",\"target\":[\"https:\/\/nbt.net.tr\/index.php\/ddns-hizmeti\/\"]}]},{\"@type\":\"ImageObject\",\"inLanguage\":\"tr\",\"@id\":\"https:\/\/nbt.net.tr\/index.php\/ddns-hizmeti\/#primaryimage\",\"url\":\"https:\/\/nbt.net.tr\/wp-content\/uploads\/2021\/02\/Oval.png\",\"contentUrl\":\"https:\/\/nbt.net.tr\/wp-content\/uploads\/2021\/02\/Oval.png\",\"width\":155,\"height\":140},{\"@type\":\"BreadcrumbList\",\"@id\":\"https:\/\/nbt.net.tr\/index.php\/ddns-hizmeti\/#breadcrumb\",\"itemListElement\":[{\"@type\":\"ListItem\",\"position\":1,\"name\":\"Anasayfa\",\"item\":\"https:\/\/nbt.net.tr\/\"},{\"@type\":\"ListItem\",\"position\":2,\"name\":\"DDNS Hizmeti\"}]},{\"@type\":\"WebSite\",\"@id\":\"https:\/\/nbt.net.tr\/#website\",\"url\":\"https:\/\/nbt.net.tr\/\",\"name\":\"NBT\",\"description\":\"Dan\u0131\u015fmanl\u0131k Destek Teknoloji\",\"potentialAction\":[{\"@type\":\"SearchAction\",\"target\":{\"@type\":\"EntryPoint\",\"urlTemplate\":\"https:\/\/nbt.net.tr\/?s={search_term_string}\"},\"query-input\":{\"@type\":\"PropertyValueSpecification\",\"valueRequired\":true,\"valueName\":\"search_term_string\"}}],\"inLanguage\":\"tr\"}]}<\/script>\n<!-- \/ Yoast SEO plugin. -->","yoast_head_json":{"title":"DDNS Hizmeti - NBT","description":"Statik ip yerine domain kullanarak statik ip ile girilen g\u00fcvenli alanlara giri\u015f yapabilirsiniz.","robots":{"index":"index","follow":"follow","max-snippet":"max-snippet:-1","max-image-preview":"max-image-preview:large","max-video-preview":"max-video-preview:-1"},"canonical":"https:\/\/nbt.net.tr\/index.php\/ddns-hizmeti\/","og_locale":"tr_TR","og_type":"article","og_title":"DDNS Hizmeti - NBT","og_description":"Statik ip yerine domain kullanarak statik ip ile girilen g\u00fcvenli alanlara giri\u015f yapabilirsiniz.","og_url":"https:\/\/nbt.net.tr\/index.php\/ddns-hizmeti\/","og_site_name":"NBT","article_modified_time":"2021-12-19T15:29:19+00:00","og_image":[{"url":"https:\/\/nbt.net.tr\/wp-content\/uploads\/2021\/02\/Oval.png","type":"","width":"","height":""}],"twitter_card":"summary_large_image","twitter_misc":{"Tahmini okuma s\u00fcresi":"1 dakika"},"schema":{"@context":"https:\/\/schema.org","@graph":[{"@type":"WebPage","@id":"https:\/\/nbt.net.tr\/index.php\/ddns-hizmeti\/","url":"https:\/\/nbt.net.tr\/index.php\/ddns-hizmeti\/","name":"DDNS Hizmeti - NBT","isPartOf":{"@id":"https:\/\/nbt.net.tr\/#website"},"primaryImageOfPage":{"@id":"https:\/\/nbt.net.tr\/index.php\/ddns-hizmeti\/#primaryimage"},"image":{"@id":"https:\/\/nbt.net.tr\/index.php\/ddns-hizmeti\/#primaryimage"},"thumbnailUrl":"https:\/\/nbt.net.tr\/wp-content\/uploads\/2021\/02\/Oval.png","datePublished":"2021-07-16T18:06:18+00:00","dateModified":"2021-12-19T15:29:19+00:00","description":"Statik ip yerine domain kullanarak statik ip ile girilen g\u00fcvenli alanlara giri\u015f yapabilirsiniz.","breadcrumb":{"@id":"https:\/\/nbt.net.tr\/index.php\/ddns-hizmeti\/#breadcrumb"},"inLanguage":"tr","potentialAction":[{"@type":"ReadAction","target":["https:\/\/nbt.net.tr\/index.php\/ddns-hizmeti\/"]}]},{"@type":"ImageObject","inLanguage":"tr","@id":"https:\/\/nbt.net.tr\/index.php\/ddns-hizmeti\/#primaryimage","url":"https:\/\/nbt.net.tr\/wp-content\/uploads\/2021\/02\/Oval.png","contentUrl":"https:\/\/nbt.net.tr\/wp-content\/uploads\/2021\/02\/Oval.png","width":155,"height":140},{"@type":"BreadcrumbList","@id":"https:\/\/nbt.net.tr\/index.php\/ddns-hizmeti\/#breadcrumb","itemListElement":[{"@type":"ListItem","position":1,"name":"Anasayfa","item":"https:\/\/nbt.net.tr\/"},{"@type":"ListItem","position":2,"name":"DDNS Hizmeti"}]},{"@type":"WebSite","@id":"https:\/\/nbt.net.tr\/#website","url":"https:\/\/nbt.net.tr\/","name":"NBT","description":"Dan\u0131\u015fmanl\u0131k Destek Teknoloji","potentialAction":[{"@type":"SearchAction","target":{"@type":"EntryPoint","urlTemplate":"https:\/\/nbt.net.tr\/?s={search_term_string}"},"query-input":{"@type":"PropertyValueSpecification","valueRequired":true,"valueName":"search_term_string"}}],"inLanguage":"tr"}]}},"_links":{"self":[{"href":"https:\/\/nbt.net.tr\/index.php\/wp-json\/wp\/v2\/pages\/5334"}],"collection":[{"href":"https:\/\/nbt.net.tr\/index.php\/wp-json\/wp\/v2\/pages"}],"about":[{"href":"https:\/\/nbt.net.tr\/index.php\/wp-json\/wp\/v2\/types\/page"}],"author":[{"embeddable":true,"href":"https:\/\/nbt.net.tr\/index.php\/wp-json\/wp\/v2\/users\/1"}],"replies":[{"embeddable":true,"href":"https:\/\/nbt.net.tr\/index.php\/wp-json\/wp\/v2\/comments?post=5334"}],"version-history":[{"count":8,"href":"https:\/\/nbt.net.tr\/index.php\/wp-json\/wp\/v2\/pages\/5334\/revisions"}],"predecessor-version":[{"id":5353,"href":"https:\/\/nbt.net.tr\/index.php\/wp-json\/wp\/v2\/pages\/5334\/revisions\/5353"}],"wp:attachment":[{"href":"https:\/\/nbt.net.tr\/index.php\/wp-json\/wp\/v2\/media?parent=5334"}],"curies":[{"name":"wp","href":"https:\/\/api.w.org\/{rel}","templated":true}]}}